{"id":29234,"date":"2025-02-20T23:30:49","date_gmt":"2025-02-20T22:30:49","guid":{"rendered":"http:\/\/olemosaic.com\/producto\/bol-de-coco-naranja-caballito-de-mar-mallorca-2\/"},"modified":"2025-07-25T19:14:38","modified_gmt":"2025-07-25T17:14:38","slug":"bol-noix-de-coco-orange-hippocampe-majorque-2","status":"publish","type":"product","link":"https:\/\/olemosaic.com\/fr\/produit\/bol-noix-de-coco-orange-hippocampe-majorque-2\/","title":{"rendered":"Bol en noix de coco orange. Hippocampe. Style m\u00e9diterran\u00e9en. Majorque."},"content":{"rendered":"<p>Ce bol en noix de coco orange est une \u0153uvre d&rsquo;art qui capture l&rsquo;essence vibrante de Majorque, con\u00e7u sp\u00e9cialement pour ceux qui recherchent un souvenir authentique et d\u00e9coratif. Fabriqu\u00e9 \u00e0 la main selon des techniques traditionnelles, ce bol pr\u00e9sente une finition \u00e9blouissante dans un ton orange brillant, \u00e9voquant les couleurs de la mer M\u00e9diterran\u00e9e et les couchers de soleil spectaculaires de l&rsquo;\u00eele. Au centre du bol, un d\u00e9licat hippocampe, symbole de la vie marine et du charme de l&rsquo;oc\u00e9an, dont le design anatomique rehausse la valeur artistique du produit. Le bord est orn\u00e9 d&rsquo;un motif \u00e9l\u00e9gant qui compl\u00e8te la palette de couleurs, tandis que le mot \u00ab\u00a0MALLORCA\u00a0\u00bb est imprim\u00e9 de mani\u00e8re pro\u00e9minente, transformant le bol en un souvenir inoubliable de votre visite sur cette \u00eele paradisiaque.<\/p>\n<p>Ce bol n&rsquo;est pas seulement un souvenir authentique de Majorque, il s&rsquo;\u00e9rige \u00e9galement comme un \u00e9l\u00e9ment d\u00e9coratif qui s&rsquo;adaptera \u00e0 n&rsquo;importe quel environnement. Id\u00e9al pour les touristes souhaitant emporter un morceau de la culture majorquine, cet article refl\u00e8te la beaut\u00e9 et la singularit\u00e9 du patrimoine local. Chez Ol\u00e9 Mosaic, nous sommes fiers de distribuer des souvenirs de qualit\u00e9, \u00e9tant votre grossiste de confiance pour des articles qui encapsulent la riche tradition et le folklore de l&rsquo;Espagne. Ce bol en noix de coco est, sans aucun doute, une excellente option pour les boutiques de cadeaux touristiques souhaitant proposer des produits uniques et repr\u00e9sentatifs de la culture espagnole.<\/p>\n","protected":false},"excerpt":{"rendered":"<p>Bol en noix de coco d&rsquo;un orange vibrant, d\u00e9cor\u00e9 d&rsquo;un d\u00e9licat hippocampe au centre, repr\u00e9sentant la beaut\u00e9 maritime de Majorque. Cet article exclusif, fabriqu\u00e9 \u00e0 la main, se distingue par son design artistique et sa technique unique, combinant des \u00e9l\u00e9ments traditionnels. Le bord est orn\u00e9 d&rsquo;un motif \u00e9l\u00e9gant qui rehausse les couleurs brillantes, et le mot \u00ab\u00a0MALLORCA\u00a0\u00bb est imprim\u00e9 de fa\u00e7on distinctive. Id\u00e9al comme souvenir ou \u00e9l\u00e9ment d\u00e9coratif.<\/p>\n","protected":false},"featured_media":11777,"template":"","meta":{"_acf_changed":false},"product_brand":[],"product_cat":[521],"product_tag":[530],"class_list":{"0":"post-29234","1":"product","2":"type-product","3":"status-publish","4":"has-post-thumbnail","6":"product_cat-bols","7":"product_tag-animaux","8":"pa_ciudad-mallorca","9":"pa_motivo-hippocampes","10":"pa_pais-espana","12":"first","13":"instock","14":"shipping-taxable","15":"product-type-simple"},"acf":[],"_links":{"self":[{"href":"https:\/\/olemosaic.com\/fr\/wp-json\/wp\/v2\/product\/29234","targetHints":{"allow":["GET"]}}],"collection":[{"href":"https:\/\/olemosaic.com\/fr\/wp-json\/wp\/v2\/product"}],"about":[{"href":"https:\/\/olemosaic.com\/fr\/wp-json\/wp\/v2\/types\/product"}],"wp:featuredmedia":[{"embeddable":true,"href":"https:\/\/olemosaic.com\/fr\/wp-json\/wp\/v2\/media\/11777"}],"wp:attachment":[{"href":"https:\/\/olemosaic.com\/fr\/wp-json\/wp\/v2\/media?parent=29234"}],"wp:term":[{"taxonomy":"product_brand","embeddable":true,"href":"https:\/\/olemosaic.com\/fr\/wp-json\/wp\/v2\/product_brand?post=29234"},{"taxonomy":"product_cat","embeddable":true,"href":"https:\/\/olemosaic.com\/fr\/wp-json\/wp\/v2\/product_cat?post=29234"},{"taxonomy":"product_tag","embeddable":true,"href":"https:\/\/olemosaic.com\/fr\/wp-json\/wp\/v2\/product_tag?post=29234"}],"curies":[{"name":"wp","href":"https:\/\/api.w.org\/{rel}","templated":true}]}}