{"id":29233,"date":"2025-02-20T23:30:49","date_gmt":"2025-02-20T22:30:49","guid":{"rendered":"http:\/\/olemosaic.com\/producto\/bol-de-coco-naranja-sagrada-familia-barcelona-2\/"},"modified":"2025-07-25T20:23:39","modified_gmt":"2025-07-25T18:23:39","slug":"bol-noix-de-coco-orange-sagrada-familia-barcelone-2","status":"publish","type":"product","link":"https:\/\/olemosaic.com\/fr\/produit\/bol-noix-de-coco-orange-sagrada-familia-barcelone-2\/","title":{"rendered":"Bol en noix de coco orange. Sagrada Familia. Gaudi. Barcelone."},"content":{"rendered":"<p>Ce bol en noix de coco orange est un v\u00e9ritable bijou inspir\u00e9 de l&#8217;embl\u00e9matique Sagrada Familia de Barcelone, con\u00e7u pour les amoureux de la d\u00e9coration et de la gastronomie. Fabriqu\u00e9 en noix de coco, il pr\u00e9sente un int\u00e9rieur orange vibrant qui apporte une touche de fra\u00eecheur et de vitalit\u00e9 \u00e0 tout espace. Au centre, un \u00e9l\u00e9gant logo de la Sagrada Familia en blanc se d\u00e9tache, renfor\u00e7ant non seulement son lien culturel avec la ville, mais ajoutant \u00e9galement une touche de sophistication \u00e0 son design.<\/p>\n<p>L&rsquo;ext\u00e9rieur du bol conserve la texture naturelle de la noix de coco, ce qui en fait une pi\u00e8ce d\u00e9corative unique qui charme aussi bien les touristes que les locaux. Sa forme arrondie et large en fait le r\u00e9cipient id\u00e9al pour servir des ap\u00e9ritifs, des salades ou des fruits secs, tout en agissant comme un \u00e9l\u00e9ment d\u00e9coratif qui attire l&rsquo;attention sur n&rsquo;importe quelle table. Ce bol n&rsquo;est pas seulement un ustensile pratique, mais aussi un souvenir repr\u00e9sentatif de Barcelone, parfait pour ceux qui souhaitent ramener chez eux un morceau de cette ville vibrante.<\/p>\n<p>Chez Ol\u00e9 Mosaic, nous sommes des distributeurs en gros de souvenirs authentiques comme ce bol en noix de coco, qui capture non seulement l&rsquo;essence de la Sagrada Familia, mais aussi la chaleur et l&rsquo;esprit de Barcelone. Ce produit est une excellente id\u00e9e pour les boutiques de cadeaux touristiques cherchant \u00e0 offrir des souvenirs de qualit\u00e9, uniques et dot\u00e9s d&rsquo;un fort lien culturel.<\/p>\n","protected":false},"excerpt":{"rendered":"<p>Bol en noix de coco orange inspir\u00e9 de l&#8217;embl\u00e9matique Sagrada Familia de Barcelone. Ce charmant bol, fabriqu\u00e9 en noix de coco, pr\u00e9sente un int\u00e9rieur orange vibrant avec un design tr\u00e8s sp\u00e9cial, o\u00f9 se d\u00e9tache le logo iconique de la Sagrada Familia en blanc. L&rsquo;ext\u00e9rieur, \u00e0 la texture naturelle, compl\u00e8te la palette de couleurs, en faisant une pi\u00e8ce d\u00e9corative id\u00e9ale pour tout int\u00e9rieur. Sa forme arrondie le rend parfait pour servir des ap\u00e9ritifs ou simplement comme \u00e9l\u00e9ment de d\u00e9coration.<\/p>\n","protected":false},"featured_media":12022,"template":"","meta":{"_acf_changed":false},"product_brand":[],"product_cat":[521],"product_tag":[],"class_list":{"0":"post-29233","1":"product","2":"type-product","3":"status-publish","4":"has-post-thumbnail","6":"product_cat-bols","7":"pa_ciudad-barcelona","8":"pa_motivo-sagrada-familia","9":"pa_pais-espana","11":"first","12":"instock","13":"shipping-taxable","14":"product-type-simple"},"acf":[],"_links":{"self":[{"href":"https:\/\/olemosaic.com\/fr\/wp-json\/wp\/v2\/product\/29233","targetHints":{"allow":["GET"]}}],"collection":[{"href":"https:\/\/olemosaic.com\/fr\/wp-json\/wp\/v2\/product"}],"about":[{"href":"https:\/\/olemosaic.com\/fr\/wp-json\/wp\/v2\/types\/product"}],"wp:featuredmedia":[{"embeddable":true,"href":"https:\/\/olemosaic.com\/fr\/wp-json\/wp\/v2\/media\/12022"}],"wp:attachment":[{"href":"https:\/\/olemosaic.com\/fr\/wp-json\/wp\/v2\/media?parent=29233"}],"wp:term":[{"taxonomy":"product_brand","embeddable":true,"href":"https:\/\/olemosaic.com\/fr\/wp-json\/wp\/v2\/product_brand?post=29233"},{"taxonomy":"product_cat","embeddable":true,"href":"https:\/\/olemosaic.com\/fr\/wp-json\/wp\/v2\/product_cat?post=29233"},{"taxonomy":"product_tag","embeddable":true,"href":"https:\/\/olemosaic.com\/fr\/wp-json\/wp\/v2\/product_tag?post=29233"}],"curies":[{"name":"wp","href":"https:\/\/api.w.org\/{rel}","templated":true}]}}