{"id":29216,"date":"2025-02-20T23:30:49","date_gmt":"2025-02-20T22:30:49","guid":{"rendered":"http:\/\/olemosaic.com\/producto\/bol-de-coco-naranja-salamandra-barcelona-2\/"},"modified":"2025-07-25T18:58:15","modified_gmt":"2025-07-25T16:58:15","slug":"bol-noix-de-coco-orange-salamandre-barcelone-2","status":"publish","type":"product","link":"https:\/\/olemosaic.com\/fr\/produit\/bol-noix-de-coco-orange-salamandre-barcelone-2\/","title":{"rendered":"Bol en noix de coco orange. Salamandre. Gaudi. Barcelone."},"content":{"rendered":"<p>Ce bol en noix de coco orange est un souvenir exquis de Barcelone qui capture l&rsquo;essence de l&rsquo;\u0153uvre du c\u00e9l\u00e8bre architecte moderniste Antoni Gaud\u00ed. Avec une couleur orange vibrante \u00e0 l&rsquo;int\u00e9rieur, le bol se distingue par son design unique, orn\u00e9 d&rsquo;une \u00e9l\u00e9gante salamandre blanche qui repr\u00e9sente l&rsquo;un des \u00e9l\u00e9ments les plus embl\u00e9matiques de l&rsquo;h\u00e9ritage de Gaud\u00ed. La salamandre, symbole de vie et de cr\u00e9ativit\u00e9, est soigneusement \u00e9labor\u00e9e, contrastant de mani\u00e8re spectaculaire avec le fond chaud du bol. Autour d&rsquo;elle, un d\u00e9licat motif d\u00e9coratif \u00e9voque l&rsquo;esth\u00e9tique moderniste, cr\u00e9ant un effet visuel qui transporte l&rsquo;observateur vers les merveilles architecturales de la ville.<\/p>\n<p>L&rsquo;inscription \u00ab\u00a0Barcelona\u00a0\u00bb est pr\u00e9sent\u00e9e de mani\u00e8re pro\u00e9minente, ajoutant une touche d&rsquo;authenticit\u00e9 qui fait de ce bol un souvenir repr\u00e9sentatif de la ville. Id\u00e9al aussi bien pour un usage d\u00e9coratif que pour donner une touche d&rsquo;originalit\u00e9 \u00e0 la table, sa polyvalence en fait un cadeau parfait pour ceux qui recherchent des souvenirs authentiques et significatifs. Chez Ol\u00e9 Mosaic, nous nous engageons dans la distribution de souvenirs en gros qui refl\u00e8tent la richesse culturelle de l&rsquo;Espagne. Ce bol en noix de coco, avec son design attrayant et sa connexion culturelle, est une excellente option pour les boutiques de cadeaux touristiques souhaitant proposer des produits qui c\u00e9l\u00e8brent l&rsquo;h\u00e9ritage espagnol.<\/p>\n","protected":false},"excerpt":{"rendered":"<p>Bol en noix de coco orange d\u00e9cor\u00e9 d&rsquo;une salamandre, un design typique de l&rsquo;\u0153uvre de Gaud\u00ed, et l&rsquo;inscription \u00ab\u00a0Barcelona\u00a0\u00bb. Ce bol attrayant pr\u00e9sente une couleur orange vibrante \u00e0 l&rsquo;int\u00e9rieur, entour\u00e9e d&rsquo;un motif d\u00e9licat qui \u00e9voque l&rsquo;esth\u00e9tique moderniste. La salamandre, en blanc, se d\u00e9tache sur le fond chaud, et l&rsquo;originalit\u00e9 de son design en fait un souvenir parfait qui capture l&rsquo;essence de la cit\u00e9 comtale. Id\u00e9al pour la d\u00e9coration ou comme souvenir.<\/p>\n","protected":false},"featured_media":11753,"template":"","meta":{"_acf_changed":false},"product_brand":[],"product_cat":[521],"product_tag":[530],"class_list":{"0":"post-29216","1":"product","2":"type-product","3":"status-publish","4":"has-post-thumbnail","6":"product_cat-bols","7":"product_tag-animaux","8":"pa_ciudad-barcelona","9":"pa_motivo-salamandres","10":"pa_pais-espana","12":"first","13":"instock","14":"shipping-taxable","15":"product-type-simple"},"acf":[],"_links":{"self":[{"href":"https:\/\/olemosaic.com\/fr\/wp-json\/wp\/v2\/product\/29216","targetHints":{"allow":["GET"]}}],"collection":[{"href":"https:\/\/olemosaic.com\/fr\/wp-json\/wp\/v2\/product"}],"about":[{"href":"https:\/\/olemosaic.com\/fr\/wp-json\/wp\/v2\/types\/product"}],"wp:featuredmedia":[{"embeddable":true,"href":"https:\/\/olemosaic.com\/fr\/wp-json\/wp\/v2\/media\/11753"}],"wp:attachment":[{"href":"https:\/\/olemosaic.com\/fr\/wp-json\/wp\/v2\/media?parent=29216"}],"wp:term":[{"taxonomy":"product_brand","embeddable":true,"href":"https:\/\/olemosaic.com\/fr\/wp-json\/wp\/v2\/product_brand?post=29216"},{"taxonomy":"product_cat","embeddable":true,"href":"https:\/\/olemosaic.com\/fr\/wp-json\/wp\/v2\/product_cat?post=29216"},{"taxonomy":"product_tag","embeddable":true,"href":"https:\/\/olemosaic.com\/fr\/wp-json\/wp\/v2\/product_tag?post=29216"}],"curies":[{"name":"wp","href":"https:\/\/api.w.org\/{rel}","templated":true}]}}