{"id":29215,"date":"2025-02-20T23:30:49","date_gmt":"2025-02-20T22:30:49","guid":{"rendered":"http:\/\/olemosaic.com\/producto\/bol-de-coco-naranja-caballito-de-mar-2\/"},"modified":"2025-07-25T20:13:11","modified_gmt":"2025-07-25T18:13:11","slug":"bol-noix-de-coco-orange-hippocampe-2","status":"publish","type":"product","link":"https:\/\/olemosaic.com\/fr\/produit\/bol-noix-de-coco-orange-hippocampe-2\/","title":{"rendered":"Bol en noix de coco orange. Hippocampe. Style m\u00e9diterran\u00e9en."},"content":{"rendered":"<p>Ce bol en noix de coco orange est un objet artisanal exquis qui apporte une touche exotique et vibrante \u00e0 n&rsquo;importe quel espace. Fabriqu\u00e9 \u00e0 la main avec soin, son design pr\u00e9sente une couleur orange intense, orn\u00e9e d&rsquo;un d\u00e9licat hippocampe qui \u00e9merge dans des tons dor\u00e9s et blancs, cr\u00e9ant un effet visuel captivant. Les textures naturelles de la noix de coco compl\u00e8tent cet \u00e9l\u00e9ment d\u00e9coratif, faisant de ce bol une pi\u00e8ce unique qui allie fonctionnalit\u00e9 et esth\u00e9tique. Id\u00e9al aussi bien comme r\u00e9cipient pour de petits objets que pour la d\u00e9coration, ce bol c\u00e9l\u00e8bre la riche tradition du folklore marin, \u00e9voquant la beaut\u00e9 et le mysticisme du monde aquatique.<\/p>\n<p>La connexion culturelle du design avec la r\u00e9gion est \u00e9vidente dans son esth\u00e9tique, qui renvoie \u00e0 la vie marine et \u00e0 l&rsquo;h\u00e9ritage artisanal des zones c\u00f4ti\u00e8res. Ce bol n&rsquo;est pas seulement un excellent souvenir, mais aussi un symbole du patrimoine culturel par sa technique de cr\u00e9ation \u00e9labor\u00e9e, qui refl\u00e8te le d\u00e9vouement des artisans locaux. Chez Ol\u00e9 Mosaic, nous proposons ce bol en noix de coco dans le cadre de notre collection de souvenirs authentiques, id\u00e9al pour les boutiques de cadeaux touristiques \u00e0 la recherche de pi\u00e8ces distinctives et pertinentes. En tant que grossistes de produits artisanaux, nous garantissons la qualit\u00e9 et l&rsquo;originalit\u00e9 de chaque article, faisant de ce bol en noix de coco un cadeau m\u00e9morable pour ceux qui cherchent \u00e0 emporter un morceau de la culture marine.<\/p>\n","protected":false},"excerpt":{"rendered":"<p>Bol en noix de coco orange d\u00e9cor\u00e9 d&rsquo;un d\u00e9licat hippocampe, id\u00e9al pour apporter une touche exotique \u00e0 n&rsquo;importe quel espace. Cet objet exclusif, fait \u00e0 la main, combine la texture naturelle de la noix de coco avec un design vibrant dans des tons orange et des d\u00e9tails en blanc, cr\u00e9ant un effet visuel attrayant. Parfait pour \u00eatre utilis\u00e9 comme \u00e9l\u00e9ment d\u00e9coratif ou comme r\u00e9cipient pour de petits objets, ce bol repr\u00e9sente la richesse du folklore marin de la r\u00e9gion.<\/p>\n","protected":false},"featured_media":10074,"template":"","meta":{"_acf_changed":false},"product_brand":[],"product_cat":[521],"product_tag":[530],"class_list":{"0":"post-29215","1":"product","2":"type-product","3":"status-publish","4":"has-post-thumbnail","6":"product_cat-bols","7":"product_tag-animaux","8":"pa_motivo-hippocampes","10":"first","11":"instock","12":"shipping-taxable","13":"product-type-simple"},"acf":[],"_links":{"self":[{"href":"https:\/\/olemosaic.com\/fr\/wp-json\/wp\/v2\/product\/29215","targetHints":{"allow":["GET"]}}],"collection":[{"href":"https:\/\/olemosaic.com\/fr\/wp-json\/wp\/v2\/product"}],"about":[{"href":"https:\/\/olemosaic.com\/fr\/wp-json\/wp\/v2\/types\/product"}],"wp:featuredmedia":[{"embeddable":true,"href":"https:\/\/olemosaic.com\/fr\/wp-json\/wp\/v2\/media\/10074"}],"wp:attachment":[{"href":"https:\/\/olemosaic.com\/fr\/wp-json\/wp\/v2\/media?parent=29215"}],"wp:term":[{"taxonomy":"product_brand","embeddable":true,"href":"https:\/\/olemosaic.com\/fr\/wp-json\/wp\/v2\/product_brand?post=29215"},{"taxonomy":"product_cat","embeddable":true,"href":"https:\/\/olemosaic.com\/fr\/wp-json\/wp\/v2\/product_cat?post=29215"},{"taxonomy":"product_tag","embeddable":true,"href":"https:\/\/olemosaic.com\/fr\/wp-json\/wp\/v2\/product_tag?post=29215"}],"curies":[{"name":"wp","href":"https:\/\/api.w.org\/{rel}","templated":true}]}}