{"id":29214,"date":"2025-02-20T23:30:49","date_gmt":"2025-02-20T22:30:49","guid":{"rendered":"http:\/\/olemosaic.com\/producto\/bol-de-coco-naranja-caballito-de-mar-gran-canaria\/"},"modified":"2025-07-25T20:18:00","modified_gmt":"2025-07-25T18:18:00","slug":"bol-noix-de-coco-orange-hippocampe-gran-canaria","status":"publish","type":"product","link":"https:\/\/olemosaic.com\/fr\/produit\/bol-noix-de-coco-orange-hippocampe-gran-canaria\/","title":{"rendered":"Bol en noix de coco orange. Hippocampe. Gran Canaria."},"content":{"rendered":"<p>Ce bol en noix de coco orange est un souvenir charmant de Gran Canaria, id\u00e9al pour ceux qui souhaitent emporter un morceau de la culture maritime vibrante de cette \u00eele magnifique. \u00c9labor\u00e9 de mani\u00e8re artisanale, ce bol pr\u00e9sente un design peint \u00e0 la main qui capture l&rsquo;essence de l&rsquo;oc\u00e9an avec une combinaison color\u00e9e de tons chauds et vibrants. L&rsquo;attrayant hippocampe, m\u00e9ticuleusement illustr\u00e9 \u00e0 l&rsquo;int\u00e9rieur du bol, symbolise la vie marine qui entoure les c\u00f4tes canariennes, \u00e9voquant des souvenirs de journ\u00e9es ensoleill\u00e9es \u00e0 la plage.<\/p>\n<p>Dans la partie centrale, l&rsquo;inscription \u00ab\u00a0Gran Canaria\u00a0\u00bb brille avec une finition \u00e9l\u00e9gante, apportant une touche distinctive \u00e0 cette pi\u00e8ce. La texture naturelle de la noix de coco, combin\u00e9e aux couleurs vives de la peinture, cr\u00e9e un design unique qui n&rsquo;est pas seulement visuellement attrayant, mais aussi un reflet authentique de l&rsquo;artisanat local. Ce bol n&rsquo;est pas seulement fonctionnel, il sert \u00e9galement d&rsquo;\u00e9l\u00e9ment d\u00e9coratif qui peut embellir n&rsquo;importe quel coin de la maison, rappelant les merveilleuses journ\u00e9es pass\u00e9es sur l&rsquo;\u00eele.<\/p>\n<p>Chez Ol\u00e9 Mosaic, nous sommes fiers de proposer des souvenirs authentiques qui c\u00e9l\u00e8brent la riche culture espagnole. Ce bol en noix de coco est une excellente option pour les boutiques de cadeaux touristiques \u00e0 la recherche de produits uniques et repr\u00e9sentatifs de la r\u00e9gion. Avec notre large gamme d&rsquo;articles, nous soutenons les grossistes de souvenirs dans la recherche d&rsquo;\u00e9l\u00e9ments qui racontent une histoire. Ce bol en noix de coco est, sans aucun doute, un souvenir inoubliable de Gran Canaria, parfait pour les touristes qui appr\u00e9cient l&rsquo;authenticit\u00e9 et la beaut\u00e9 de l&rsquo;art local.<\/p>\n","protected":false},"excerpt":{"rendered":"<p>Bol en noix de coco orang\u00e9, d\u00e9cor\u00e9 d&rsquo;un charmant hippocampe qui repr\u00e9sente la culture marine de Gran Canaria. Ce bel article artisanal pr\u00e9sente un design fait main, peint \u00e0 la main, avec des d\u00e9tails dans des tons vibrants qui rehaussent la texture de la noix de coco. Dans la partie centrale se d\u00e9tache l&rsquo;inscription \u00ab\u00a0Gran Canaria\u00a0\u00bb avec une finition \u00e9l\u00e9gante. Un souvenir id\u00e9al qui renferme l&rsquo;essence de l&rsquo;oc\u00e9an et de la vie locale, parfait pour d\u00e9corer n&rsquo;importe quel coin de la maison.<\/p>\n","protected":false},"featured_media":10137,"template":"","meta":{"_acf_changed":false},"product_brand":[],"product_cat":[521],"product_tag":[530],"class_list":{"0":"post-29214","1":"product","2":"type-product","3":"status-publish","4":"has-post-thumbnail","6":"product_cat-bols","7":"product_tag-animaux","8":"pa_ciudad-gran-canaria","9":"pa_motivo-hippocampes","10":"pa_pais-espana","12":"first","13":"instock","14":"shipping-taxable","15":"product-type-simple"},"acf":[],"_links":{"self":[{"href":"https:\/\/olemosaic.com\/fr\/wp-json\/wp\/v2\/product\/29214","targetHints":{"allow":["GET"]}}],"collection":[{"href":"https:\/\/olemosaic.com\/fr\/wp-json\/wp\/v2\/product"}],"about":[{"href":"https:\/\/olemosaic.com\/fr\/wp-json\/wp\/v2\/types\/product"}],"wp:featuredmedia":[{"embeddable":true,"href":"https:\/\/olemosaic.com\/fr\/wp-json\/wp\/v2\/media\/10137"}],"wp:attachment":[{"href":"https:\/\/olemosaic.com\/fr\/wp-json\/wp\/v2\/media?parent=29214"}],"wp:term":[{"taxonomy":"product_brand","embeddable":true,"href":"https:\/\/olemosaic.com\/fr\/wp-json\/wp\/v2\/product_brand?post=29214"},{"taxonomy":"product_cat","embeddable":true,"href":"https:\/\/olemosaic.com\/fr\/wp-json\/wp\/v2\/product_cat?post=29214"},{"taxonomy":"product_tag","embeddable":true,"href":"https:\/\/olemosaic.com\/fr\/wp-json\/wp\/v2\/product_tag?post=29214"}],"curies":[{"name":"wp","href":"https:\/\/api.w.org\/{rel}","templated":true}]}}