{"id":29213,"date":"2025-02-20T23:30:48","date_gmt":"2025-02-20T22:30:48","guid":{"rendered":"http:\/\/olemosaic.com\/producto\/bol-de-coco-naranja-isla-tenerife\/"},"modified":"2025-07-25T18:50:50","modified_gmt":"2025-07-25T16:50:50","slug":"bol-noix-de-coco-orange-ile-tenerife","status":"publish","type":"product","link":"https:\/\/olemosaic.com\/fr\/produit\/bol-noix-de-coco-orange-ile-tenerife\/","title":{"rendered":"Bol en noix de coco orange. \u00cele. Tenerife."},"content":{"rendered":"<p>Ce bol en noix de coco orange est un souvenir embl\u00e9matique de l&rsquo;\u00eele de Tenerife, capturant l&rsquo;essence du paysage canarien vibrant. \u00c9labor\u00e9 \u00e0 partir d&rsquo;une v\u00e9ritable coque de noix de coco, ce charmant bol pr\u00e9sente une couleur orange radieuse qui \u00e9voque la chaleur du soleil de Tenerife. Au centre, la silhouette \u00e9l\u00e9gante de l&rsquo;\u00eele se d\u00e9tache, marqu\u00e9e en blanc pur, apportant une touche moderne et amusante au design. Le bord du bol est d\u00e9licatement d\u00e9cor\u00e9 de d\u00e9tails dans des tons bruns, qui accentuent la texture naturelle et unique de la noix de coco, faisant de chaque pi\u00e8ce une \u0153uvre d&rsquo;art artisanale.<\/p>\n<p>Id\u00e9al aussi bien pour servir des ap\u00e9ritifs que pour \u00eatre utilis\u00e9 comme pi\u00e8ce d\u00e9corative, ce bol n&rsquo;est pas seulement fonctionnel, il agit \u00e9galement comme un pr\u00e9cieux souvenir des merveilles de Tenerife. Il repr\u00e9sente la riche culture et le style de vie d\u00e9contract\u00e9 des \u00eeles Canaries, ce qui en fait un cadeau parfait pour les touristes \u00e0 la recherche de souvenirs authentiques qui capturent l&rsquo;essence locale. Chez Ol\u00e9 Mosaic, en tant que grossistes de souvenirs, nous garantissons des produits de haute qualit\u00e9 qui refl\u00e8tent l&rsquo;authenticit\u00e9 de leur lieu d&rsquo;origine. Ce bol en noix de coco orange est une excellente option pour les boutiques de cadeaux touristiques qui souhaitent offrir \u00e0 leurs clients une pi\u00e8ce significative et repr\u00e9sentative de Tenerife.<\/p>\n","protected":false},"excerpt":{"rendered":"<p>Bol en noix de coco orange, \u00e9labor\u00e9 \u00e0 partir d&rsquo;une coque de noix de coco et inspir\u00e9 par l&rsquo;\u00eele de Tenerife. Ce bol original pr\u00e9sente une couleur orange vibrante avec un design tr\u00e8s sp\u00e9cial qui inclut la silhouette de l&rsquo;\u00eele marqu\u00e9e en blanc, apportant une touche moderne et amusante. Son bord est d\u00e9cor\u00e9 de d\u00e9tails dans des tons bruns qui soulignent la texture naturelle de la noix de coco. Parfait pour servir des ap\u00e9ritifs ou comme pi\u00e8ce d\u00e9corative, il \u00e9voque la chaleur et le charme canarien.<\/p>\n","protected":false},"featured_media":11789,"template":"","meta":{"_acf_changed":false},"product_brand":[],"product_cat":[521],"product_tag":[],"class_list":{"0":"post-29213","1":"product","2":"type-product","3":"status-publish","4":"has-post-thumbnail","6":"product_cat-bols","7":"pa_ciudad-tenerife","8":"pa_motivo-iles","9":"pa_pais-espana","11":"first","12":"instock","13":"shipping-taxable","14":"product-type-simple"},"acf":[],"_links":{"self":[{"href":"https:\/\/olemosaic.com\/fr\/wp-json\/wp\/v2\/product\/29213","targetHints":{"allow":["GET"]}}],"collection":[{"href":"https:\/\/olemosaic.com\/fr\/wp-json\/wp\/v2\/product"}],"about":[{"href":"https:\/\/olemosaic.com\/fr\/wp-json\/wp\/v2\/types\/product"}],"wp:featuredmedia":[{"embeddable":true,"href":"https:\/\/olemosaic.com\/fr\/wp-json\/wp\/v2\/media\/11789"}],"wp:attachment":[{"href":"https:\/\/olemosaic.com\/fr\/wp-json\/wp\/v2\/media?parent=29213"}],"wp:term":[{"taxonomy":"product_brand","embeddable":true,"href":"https:\/\/olemosaic.com\/fr\/wp-json\/wp\/v2\/product_brand?post=29213"},{"taxonomy":"product_cat","embeddable":true,"href":"https:\/\/olemosaic.com\/fr\/wp-json\/wp\/v2\/product_cat?post=29213"},{"taxonomy":"product_tag","embeddable":true,"href":"https:\/\/olemosaic.com\/fr\/wp-json\/wp\/v2\/product_tag?post=29213"}],"curies":[{"name":"wp","href":"https:\/\/api.w.org\/{rel}","templated":true}]}}