{"id":29196,"date":"2025-02-20T23:30:48","date_gmt":"2025-02-20T22:30:48","guid":{"rendered":"http:\/\/olemosaic.com\/producto\/bol-de-coco-naranja-flecha-camino-de-santiago\/"},"modified":"2025-07-25T19:12:04","modified_gmt":"2025-07-25T17:12:04","slug":"bol-noix-de-coco-orange-fleche-chemin-de-compostelle","status":"publish","type":"product","link":"https:\/\/olemosaic.com\/fr\/produit\/bol-noix-de-coco-orange-fleche-chemin-de-compostelle\/","title":{"rendered":"Bol en noix de coco orange. Fl\u00e8che. Chemin de Compostelle."},"content":{"rendered":"<p>Ce bol en noix de coco orange est un fid\u00e8le reflet de l&rsquo;esprit du Chemin de Compostelle, id\u00e9al pour tout amateur de la culture espagnole. \u00c9labor\u00e9 de mani\u00e8re artisanale, il se distingue par sa couleur orange vibrante, qui \u00e9voque l&rsquo;\u00e9nergie et la passion de cette route embl\u00e9matique. \u00c0 l&rsquo;int\u00e9rieur, une fl\u00e8che blanche, symbole iconique du chemin, accompagne l&rsquo;inscription \u00ab CAMINO DE SANTIAGO \u00bb, soulignant sa connexion avec la riche tradition de p\u00e8lerinage. L&rsquo;ext\u00e9rieur du bol pr\u00e9sente un \u00e9l\u00e9gant bord d\u00e9coratif avec des \u00e9l\u00e9ments g\u00e9om\u00e9triques dans des tons clairs, cr\u00e9ant un contraste attrayant avec la couleur orange intense de l&rsquo;int\u00e9rieur.<\/p>\n<p>Ce bol n&rsquo;est pas seulement parfait pour servir des ap\u00e9ritifs, mais il fonctionne \u00e9galement comme une pi\u00e8ce d\u00e9corative, apportant un morceau de Galice dans n&rsquo;importe quel foyer. En tant que souvenir, il repr\u00e9sente le riche h\u00e9ritage culturel de l&rsquo;Espagne et les histoires des p\u00e8lerins qui parcourent ce c\u00e9l\u00e8bre chemin vers la cath\u00e9drale de Saint-Jacques-de-Compostelle. Chez Ol\u00e9 Mosaic, nous sommes sp\u00e9cialistes de la distribution de souvenirs en gros, et ce bol en noix de coco orange est une option id\u00e9ale pour les boutiques de cadeaux touristiques recherchant des produits authentiques et repr\u00e9sentatifs. Avec lui, chaque client pourra emporter un souvenir unique du Chemin de Compostelle, alliant fonctionnalit\u00e9 et tradition en un seul produit.<\/p>\n","protected":false},"excerpt":{"rendered":"<p>Bol en noix de coco de couleur orange, repr\u00e9sentant l&rsquo;esprit du Chemin de Compostelle. Ce produit artisanal pr\u00e9sente une fl\u00e8che blanche \u00e0 c\u00f4t\u00e9 du texte \u00ab CAMINO DE SANTIAGO \u00bb \u00e0 l&rsquo;int\u00e9rieur, soulignant sa connexion avec la route historique. Le design inclut un bord d\u00e9coratif avec des \u00e9l\u00e9ments g\u00e9om\u00e9triques dans des tons clairs qui contrastent avec l&rsquo;orange vibrant du bol. Id\u00e9al pour servir des ap\u00e9ritifs ou comme pi\u00e8ce d\u00e9corative, ce bol est un souvenir distinctif de la tradition culturelle espagnole.<\/p>\n","protected":false},"featured_media":11749,"template":"","meta":{"_acf_changed":false},"product_brand":[],"product_cat":[521],"product_tag":[],"class_list":{"0":"post-29196","1":"product","2":"type-product","3":"status-publish","4":"has-post-thumbnail","6":"product_cat-bols","7":"pa_ciudad-santiago-de-compostela","8":"pa_motivo-fleches","9":"pa_pais-espana","11":"first","12":"instock","13":"shipping-taxable","14":"product-type-simple"},"acf":[],"_links":{"self":[{"href":"https:\/\/olemosaic.com\/fr\/wp-json\/wp\/v2\/product\/29196","targetHints":{"allow":["GET"]}}],"collection":[{"href":"https:\/\/olemosaic.com\/fr\/wp-json\/wp\/v2\/product"}],"about":[{"href":"https:\/\/olemosaic.com\/fr\/wp-json\/wp\/v2\/types\/product"}],"wp:featuredmedia":[{"embeddable":true,"href":"https:\/\/olemosaic.com\/fr\/wp-json\/wp\/v2\/media\/11749"}],"wp:attachment":[{"href":"https:\/\/olemosaic.com\/fr\/wp-json\/wp\/v2\/media?parent=29196"}],"wp:term":[{"taxonomy":"product_brand","embeddable":true,"href":"https:\/\/olemosaic.com\/fr\/wp-json\/wp\/v2\/product_brand?post=29196"},{"taxonomy":"product_cat","embeddable":true,"href":"https:\/\/olemosaic.com\/fr\/wp-json\/wp\/v2\/product_cat?post=29196"},{"taxonomy":"product_tag","embeddable":true,"href":"https:\/\/olemosaic.com\/fr\/wp-json\/wp\/v2\/product_tag?post=29196"}],"curies":[{"name":"wp","href":"https:\/\/api.w.org\/{rel}","templated":true}]}}