{"id":29194,"date":"2025-02-20T23:30:48","date_gmt":"2025-02-20T22:30:48","guid":{"rendered":"http:\/\/olemosaic.com\/producto\/bol-de-coco-naranja-caballito-de-mar-barcelona-2\/"},"modified":"2025-07-25T19:53:43","modified_gmt":"2025-07-25T17:53:43","slug":"bol-noix-de-coco-orange-hippocampe-barcelone-fr","status":"publish","type":"product","link":"https:\/\/olemosaic.com\/fr\/produit\/bol-noix-de-coco-orange-hippocampe-barcelone-fr\/","title":{"rendered":"Bol en noix de coco orange. Hippocampe. Style m\u00e9diterran\u00e9en. Barcelone."},"content":{"rendered":"<p>Ce bol en noix de coco orange d\u00e9cor\u00e9 est une pi\u00e8ce unique qui capture l&rsquo;esprit vibrant de Barcelone. Sa couleur \u00e9clatante \u00e9voque les couchers de soleil chaleureux de la M\u00e9diterran\u00e9e, tandis que son design peint \u00e0 la main met en valeur un \u00e9l\u00e9gant hippocampe, symbole du monde marin qui entoure cette ville fascinante. Le bol pr\u00e9sente une d\u00e9coration complexe sur le bord qui lui donne un air artisanal, compl\u00e9t\u00e9e par le mot \u00ab\u00a0Barcelona\u00a0\u00bb \u00e0 l&rsquo;int\u00e9rieur, soulignant sa connexion avec cette m\u00e9tropole embl\u00e9matique.<\/p>\n<p>L&rsquo;hippocampe, m\u00e9ticuleusement illustr\u00e9, n&rsquo;est pas seulement un \u00e9l\u00e9ment d\u00e9coratif, mais repr\u00e9sente \u00e9galement la vie marine de la c\u00f4te catalane, o\u00f9 de nombreux visiteurs profitent de la plage et de la culture nautique. Ce bol en noix de coco est id\u00e9al comme \u00e9l\u00e9ment d\u00e9coratif dans la maison ou comme cadeau unique pour ceux qui souhaitent emporter un souvenir authentique de leur visite \u00e0 Barcelone.<\/p>\n<p>Chez Ol\u00e9 Mosaic, nous nous sp\u00e9cialisons dans la distribution de souvenirs en gros, et ce bol est un ajout parfait \u00e0 toute collection de souvenirs de Barcelone. Son design authentique et de qualit\u00e9 en fait un produit attrayant pour les boutiques de cadeaux touristiques. Sans aucun doute, ce bol en noix de coco orange est un excellent choix pour ceux qui recherchent un souvenir significatif et culturellement pertinent de leur exp\u00e9rience dans la ville.<\/p>\n","protected":false},"excerpt":{"rendered":"<p>Bol en noix de coco orange d\u00e9cor\u00e9 d&rsquo;un \u00e9l\u00e9gant hippocampe, repr\u00e9sentant l&rsquo;esprit vibrant de Barcelone. Sa couleur orange surprenante fait ressortir les d\u00e9tails du motif marin, un design artisanal peint \u00e0 la main avec des techniques traditionnelles, capturant l&rsquo;essence de la M\u00e9diterran\u00e9e. \u00c0 l&rsquo;int\u00e9rieur, le bol pr\u00e9sente le mot \u00ab\u00a0Barcelona\u00a0\u00bb, accentuant encore sa connexion avec la ville. Id\u00e9al comme \u00e9l\u00e9ment d\u00e9coratif ou cadeau unique.<\/p>\n","protected":false},"featured_media":11757,"template":"","meta":{"_acf_changed":false},"product_brand":[],"product_cat":[521],"product_tag":[530],"class_list":{"0":"post-29194","1":"product","2":"type-product","3":"status-publish","4":"has-post-thumbnail","6":"product_cat-bols","7":"product_tag-animaux","8":"pa_ciudad-barcelona","9":"pa_motivo-hippocampes","10":"pa_pais-espana","12":"first","13":"instock","14":"shipping-taxable","15":"product-type-simple"},"acf":[],"_links":{"self":[{"href":"https:\/\/olemosaic.com\/fr\/wp-json\/wp\/v2\/product\/29194","targetHints":{"allow":["GET"]}}],"collection":[{"href":"https:\/\/olemosaic.com\/fr\/wp-json\/wp\/v2\/product"}],"about":[{"href":"https:\/\/olemosaic.com\/fr\/wp-json\/wp\/v2\/types\/product"}],"wp:featuredmedia":[{"embeddable":true,"href":"https:\/\/olemosaic.com\/fr\/wp-json\/wp\/v2\/media\/11757"}],"wp:attachment":[{"href":"https:\/\/olemosaic.com\/fr\/wp-json\/wp\/v2\/media?parent=29194"}],"wp:term":[{"taxonomy":"product_brand","embeddable":true,"href":"https:\/\/olemosaic.com\/fr\/wp-json\/wp\/v2\/product_brand?post=29194"},{"taxonomy":"product_cat","embeddable":true,"href":"https:\/\/olemosaic.com\/fr\/wp-json\/wp\/v2\/product_cat?post=29194"},{"taxonomy":"product_tag","embeddable":true,"href":"https:\/\/olemosaic.com\/fr\/wp-json\/wp\/v2\/product_tag?post=29194"}],"curies":[{"name":"wp","href":"https:\/\/api.w.org\/{rel}","templated":true}]}}