{"id":29193,"date":"2025-02-20T22:30:48","date_gmt":"2025-02-20T22:30:48","guid":{"rendered":"http:\/\/olemosaic.com\/producto\/bol-de-coco-naranja-salamandra-mallorca\/"},"modified":"2025-07-25T19:09:59","modified_gmt":"2025-07-25T17:09:59","slug":"bol-noix-de-coco-orange-salamandre-majorque","status":"publish","type":"product","link":"https:\/\/olemosaic.com\/fr\/produit\/bol-noix-de-coco-orange-salamandre-majorque\/","title":{"rendered":"Bol en noix de coco orange. Salamandre. Majorque."},"content":{"rendered":"<p>Ce bol en noix de coco orange, d\u00e9cor\u00e9 d&rsquo;une salamandre frappante, est un souvenir exceptionnel de Majorque qui fusionne fonctionnalit\u00e9 et tradition. Son int\u00e9rieur, d&rsquo;un ton orange ardent vibrant, est m\u00e9ticuleusement fini, \u00e9voquant la chaleur et la lumi\u00e8re du climat m\u00e9diterran\u00e9en. La figure distinctive d&rsquo;une salamandre en blanc est pr\u00e9sent\u00e9e \u00e9l\u00e9gamment au centre, symbolisant la biodiversit\u00e9 de l&rsquo;\u00eele et sa connexion avec la nature. \u00c0 c\u00f4t\u00e9 d&rsquo;elle, l&rsquo;inscription \u00ab\u00a0MALLORCA\u00a0\u00bb r\u00e9affirme son origine, en faisant un souvenir authentique et m\u00e9morable.<\/p>\n<p>Le design du bol pr\u00e9sente une forme organique qui met en valeur l&rsquo;artisanat local, en faisant une pi\u00e8ce d\u00e9corative qui embellit n&rsquo;importe quel espace, des cuisines aux salons. Les d\u00e9tails du bord, avec des touches subtiles imitant la texture naturelle de la noix de coco, contribuent \u00e0 son attrait visuel. Ce bol est id\u00e9al non seulement pour un usage quotidien, mais aussi comme un bel \u00e9l\u00e9ment d\u00e9coratif qui c\u00e9l\u00e8bre la riche culture et le folklore de Majorque.<\/p>\n<p>Chez Ol\u00e9 Mosaic, nous nous sp\u00e9cialisons dans la distribution en gros de souvenirs authentiques et repr\u00e9sentatifs, et ce bol en noix de coco est une option parfaite pour les boutiques de cadeaux touristiques cherchant \u00e0 offrir des produits avec une forte connexion culturelle. Sans aucun doute, un souvenir id\u00e9al pour les touristes qui souhaitent ramener un morceau de Majorque chez eux, faisant de ce bol un excellent exemple de nos souvenirs de qualit\u00e9.<\/p>\n","protected":false},"excerpt":{"rendered":"<p>Bol en noix de coco orange d\u00e9cor\u00e9 d&rsquo;une salamandre frappante, un souvenir unique de Majorque. Ce bol pr\u00e9sente un int\u00e9rieur orange vibrant avec un design \u00e9l\u00e9gant incluant la figure d&rsquo;une salamandre en blanc et l&rsquo;inscription \u00ab\u00a0MALLORCA\u00a0\u00bb. Sa forme organique et sa finition d\u00e9taill\u00e9e soulignent la beaut\u00e9 artisanale du produit, en faisant un \u00e9l\u00e9ment d\u00e9coratif attrayant pour tout espace. Parfait pour ajouter une touche de tradition majorquine \u00e0 votre int\u00e9rieur.<\/p>\n","protected":false},"featured_media":11773,"template":"","meta":{"_acf_changed":false},"product_brand":[],"product_cat":[521],"product_tag":[530],"class_list":{"0":"post-29193","1":"product","2":"type-product","3":"status-publish","4":"has-post-thumbnail","6":"product_cat-bols","7":"product_tag-animaux","8":"pa_ciudad-mallorca","9":"pa_motivo-salamandres","10":"pa_pais-espana","12":"first","13":"instock","14":"shipping-taxable","15":"product-type-simple"},"acf":[],"_links":{"self":[{"href":"https:\/\/olemosaic.com\/fr\/wp-json\/wp\/v2\/product\/29193","targetHints":{"allow":["GET"]}}],"collection":[{"href":"https:\/\/olemosaic.com\/fr\/wp-json\/wp\/v2\/product"}],"about":[{"href":"https:\/\/olemosaic.com\/fr\/wp-json\/wp\/v2\/types\/product"}],"wp:featuredmedia":[{"embeddable":true,"href":"https:\/\/olemosaic.com\/fr\/wp-json\/wp\/v2\/media\/11773"}],"wp:attachment":[{"href":"https:\/\/olemosaic.com\/fr\/wp-json\/wp\/v2\/media?parent=29193"}],"wp:term":[{"taxonomy":"product_brand","embeddable":true,"href":"https:\/\/olemosaic.com\/fr\/wp-json\/wp\/v2\/product_brand?post=29193"},{"taxonomy":"product_cat","embeddable":true,"href":"https:\/\/olemosaic.com\/fr\/wp-json\/wp\/v2\/product_cat?post=29193"},{"taxonomy":"product_tag","embeddable":true,"href":"https:\/\/olemosaic.com\/fr\/wp-json\/wp\/v2\/product_tag?post=29193"}],"curies":[{"name":"wp","href":"https:\/\/api.w.org\/{rel}","templated":true}]}}