{"id":29185,"date":"2025-02-20T23:30:47","date_gmt":"2025-02-20T22:30:47","guid":{"rendered":"http:\/\/olemosaic.com\/producto\/bol-de-coco-naranja-delfin-barcelona-2\/"},"modified":"2025-07-25T19:56:48","modified_gmt":"2025-07-25T17:56:48","slug":"bol-noix-de-coco-orange-dauphin-barcelone-fr","status":"publish","type":"product","link":"https:\/\/olemosaic.com\/fr\/produit\/bol-noix-de-coco-orange-dauphin-barcelone-fr\/","title":{"rendered":"Bol en noix de coco orange. Dauphin. Barcelone."},"content":{"rendered":"<p>Ce bol en noix de coco orange d\u00e9cor\u00e9 de dauphins est un charmant souvenir de Barcelone qui encapsule l&rsquo;essence de la M\u00e9diterran\u00e9e. Fabriqu\u00e9 \u00e0 partir d&rsquo;une coque de noix de coco, ce bol pr\u00e9sente un design vibrant dans des tons orange brillant, qui \u00e9voquent les couchers de soleil impressionnants que l&rsquo;on peut contempler le long de la c\u00f4te catalane. Sa surface est m\u00e9ticuleusement peinte \u00e0 la main avec des d\u00e9tails repr\u00e9sentant deux dauphins en mouvement, symbolisant la joie et la libert\u00e9 de la mer. Au centre, le texte \u00ab\u00a0Barcelone\u00a0\u00bb se d\u00e9tache, ajoutant une touche personnelle et repr\u00e9sentative de la ville.<\/p>\n<p>Ce bol n&rsquo;est pas seulement un objet d\u00e9coratif, mais aussi une pi\u00e8ce culturelle qui refl\u00e8te la riche tradition artisanale de la r\u00e9gion. Parfait pour ceux qui recherchent des souvenirs authentiques, ce produit est id\u00e9al pour embellir n&rsquo;importe quel espace, apportant une touche exotique et chaleureuse qui rappellera \u00e0 ses propri\u00e9taires les moments v\u00e9cus sur la c\u00f4te de Barcelone. Chez Ol\u00e9 Mosaic, nous sommes distributeurs de souvenirs fabriqu\u00e9s \u00e0 la main et nous garantissons l&rsquo;authenticit\u00e9 et la qualit\u00e9 de chaque article. Ce bol en noix de coco orange est une excellente option pour les boutiques de cadeaux touristiques qui souhaitent proposer des produits mettant en valeur la beaut\u00e9 et la culture de la r\u00e9gion. Un v\u00e9ritable tr\u00e9sor de la M\u00e9diterran\u00e9e qui ravira les touristes et les locaux.<\/p>\n","protected":false},"excerpt":{"rendered":"<p>Bol en noix de coco orange d\u00e9cor\u00e9 de deux dauphins et du mot \u00ab\u00a0Barcelone\u00a0\u00bb. Ce souvenir attrayant repr\u00e9sente l&rsquo;essence de la M\u00e9diterran\u00e9e, avec son design aux tons orange brillants \u00e9voquant les couchers de soleil au bord de la mer. La pi\u00e8ce est fabriqu\u00e9e \u00e0 partir d&rsquo;une coque de noix de coco, avec des d\u00e9tails peints \u00e0 la main qui mettent en valeur les dauphins en mouvement. Id\u00e9al pour apporter une touche exotique et chaleureuse \u00e0 n&rsquo;importe quel espace.<\/p>\n","protected":false},"featured_media":10153,"template":"","meta":{"_acf_changed":false},"product_brand":[],"product_cat":[521],"product_tag":[530],"class_list":{"0":"post-29185","1":"product","2":"type-product","3":"status-publish","4":"has-post-thumbnail","6":"product_cat-bols","7":"product_tag-animaux","8":"pa_ciudad-barcelona","9":"pa_motivo-dauphins","10":"pa_pais-espana","12":"first","13":"instock","14":"shipping-taxable","15":"product-type-simple"},"acf":[],"_links":{"self":[{"href":"https:\/\/olemosaic.com\/fr\/wp-json\/wp\/v2\/product\/29185","targetHints":{"allow":["GET"]}}],"collection":[{"href":"https:\/\/olemosaic.com\/fr\/wp-json\/wp\/v2\/product"}],"about":[{"href":"https:\/\/olemosaic.com\/fr\/wp-json\/wp\/v2\/types\/product"}],"wp:featuredmedia":[{"embeddable":true,"href":"https:\/\/olemosaic.com\/fr\/wp-json\/wp\/v2\/media\/10153"}],"wp:attachment":[{"href":"https:\/\/olemosaic.com\/fr\/wp-json\/wp\/v2\/media?parent=29185"}],"wp:term":[{"taxonomy":"product_brand","embeddable":true,"href":"https:\/\/olemosaic.com\/fr\/wp-json\/wp\/v2\/product_brand?post=29185"},{"taxonomy":"product_cat","embeddable":true,"href":"https:\/\/olemosaic.com\/fr\/wp-json\/wp\/v2\/product_cat?post=29185"},{"taxonomy":"product_tag","embeddable":true,"href":"https:\/\/olemosaic.com\/fr\/wp-json\/wp\/v2\/product_tag?post=29185"}],"curies":[{"name":"wp","href":"https:\/\/api.w.org\/{rel}","templated":true}]}}