{"id":29177,"date":"2025-02-20T22:30:46","date_gmt":"2025-02-20T22:30:46","guid":{"rendered":"http:\/\/olemosaic.com\/producto\/bol-de-coco-fucsia-metalizado\/"},"modified":"2025-07-25T18:43:04","modified_gmt":"2025-07-25T16:43:04","slug":"bol-en-noix-de-coco-fuchsia-metallise","status":"publish","type":"product","link":"https:\/\/olemosaic.com\/fr\/produit\/bol-en-noix-de-coco-fuchsia-metallise\/","title":{"rendered":"Bol en noix de coco fuchsia. M\u00e9tallis\u00e9."},"content":{"rendered":"<p>Ce bol en noix de coco m\u00e9tallis\u00e9, d&rsquo;un fuchsia vibrant, est un accessoire unique qui fusionne modernit\u00e9 et essence m\u00e9diterran\u00e9enne, parfait pour ceux qui recherchent une touche d&rsquo;\u00e9l\u00e9gance dans leur d\u00e9coration. Avec une finition brillante qui refl\u00e8te la lumi\u00e8re de mani\u00e8re \u00e9blouissante, son design ovale et ses contours doux en font une pi\u00e8ce esth\u00e9tique qui attire l&rsquo;attention dans n&rsquo;importe quel espace. Ce bol se distingue non seulement par sa couleur \u00e9nergisante, mais aussi par sa fonctionnalit\u00e9, \u00e9tant id\u00e9al aussi bien pour un usage d\u00e9coratif que pour servir des ap\u00e9ritifs ou des fruits.<\/p>\n<p>La couleur fuchsia, typique de la culture m\u00e9diterran\u00e9enne, \u00e9voque la joie et le dynamisme de la r\u00e9gion, en faisant un \u00e9l\u00e9ment qui apporte fra\u00eecheur et vitalit\u00e9 \u00e0 la d\u00e9coration int\u00e9rieure. Chez Ol\u00e9 Mosaic, nous distribuons des souvenirs qui capturent l&rsquo;essence culturelle et traditionnelle des destinations touristiques, et ce bol en noix de coco m\u00e9tallis\u00e9 est une excellente option pour les boutiques de cadeaux \u00e0 la recherche de produits originaux et attractifs. En tant que grossistes d&rsquo;articles de d\u00e9coration, nous garantissons que chaque pi\u00e8ce poss\u00e8de authenticit\u00e9 et qualit\u00e9, faisant de ce bol un souvenir repr\u00e9sentatif id\u00e9al pour les touristes souhaitant emporter chez eux un fragment du style m\u00e9diterran\u00e9en color\u00e9.<\/p>\n","protected":false},"excerpt":{"rendered":"<p>Bol en noix de coco m\u00e9tallis\u00e9 d&rsquo;un fuchsia vibrant, id\u00e9al pour orner n&rsquo;importe quel espace. Fabriqu\u00e9 avec une finition brillante qui refl\u00e8te la lumi\u00e8re, ce bol pr\u00e9sente un design moderne et attrayant. Sa forme ovale et ses contours doux lui conf\u00e8rent une esth\u00e9tique \u00e9l\u00e9gante. Parfait pour d\u00e9corer ou comme \u00e9l\u00e9ment fonctionnel, ce bol \u00e9voque le style contemporain et color\u00e9 typique de la culture m\u00e9diterran\u00e9enne.<\/p>\n","protected":false},"featured_media":10384,"template":"","meta":{"_acf_changed":false},"product_brand":[],"product_cat":[521],"product_tag":[],"class_list":{"0":"post-29177","1":"product","2":"type-product","3":"status-publish","4":"has-post-thumbnail","6":"product_cat-bols","7":"pa_motivo-metallise","9":"first","10":"instock","11":"shipping-taxable","12":"product-type-simple"},"acf":[],"_links":{"self":[{"href":"https:\/\/olemosaic.com\/fr\/wp-json\/wp\/v2\/product\/29177","targetHints":{"allow":["GET"]}}],"collection":[{"href":"https:\/\/olemosaic.com\/fr\/wp-json\/wp\/v2\/product"}],"about":[{"href":"https:\/\/olemosaic.com\/fr\/wp-json\/wp\/v2\/types\/product"}],"wp:featuredmedia":[{"embeddable":true,"href":"https:\/\/olemosaic.com\/fr\/wp-json\/wp\/v2\/media\/10384"}],"wp:attachment":[{"href":"https:\/\/olemosaic.com\/fr\/wp-json\/wp\/v2\/media?parent=29177"}],"wp:term":[{"taxonomy":"product_brand","embeddable":true,"href":"https:\/\/olemosaic.com\/fr\/wp-json\/wp\/v2\/product_brand?post=29177"},{"taxonomy":"product_cat","embeddable":true,"href":"https:\/\/olemosaic.com\/fr\/wp-json\/wp\/v2\/product_cat?post=29177"},{"taxonomy":"product_tag","embeddable":true,"href":"https:\/\/olemosaic.com\/fr\/wp-json\/wp\/v2\/product_tag?post=29177"}],"curies":[{"name":"wp","href":"https:\/\/api.w.org\/{rel}","templated":true}]}}