{"id":29168,"date":"2025-02-20T23:30:45","date_gmt":"2025-02-20T22:30:45","guid":{"rendered":"http:\/\/olemosaic.com\/producto\/bol-de-coco-marron-caballito-de-mar-gran-canaria-2\/"},"modified":"2025-07-25T18:43:29","modified_gmt":"2025-07-25T16:43:29","slug":"bol-noix-de-coco-marron-hippocampe-grande-canarie-2","status":"publish","type":"product","link":"https:\/\/olemosaic.com\/fr\/produit\/bol-noix-de-coco-marron-hippocampe-grande-canarie-2\/","title":{"rendered":"Bol en noix de coco marron. Hippocampe. Grande Canarie. Fond marin."},"content":{"rendered":"<p>Ce bol en noix de coco marron, fabriqu\u00e9 \u00e0 la main, est une pi\u00e8ce exquise qui capture l&rsquo;essence de la riche faune marine de la Grande Canarie. Son design tr\u00e8s sp\u00e9cial pr\u00e9sente un \u00e9l\u00e9gant hippocampe dans les tons dor\u00e9s, ainsi qu&rsquo;un fond orn\u00e9 de motifs uniques de couleur marron \u00e9voquant la beaut\u00e9 naturelle des \u00eeles Canaries. Le texte \u00ab\u00a0Gran Canaria\u00a0\u00bb est subtilement int\u00e9gr\u00e9, soulignant son origine \u00e0 chaque utilisation.<\/p>\n<p>Chaque bol est un exemple de l&rsquo;art local, r\u00e9alis\u00e9 avec une attention particuli\u00e8re aux d\u00e9tails, ce qui en fait \u00e0 la fois une pi\u00e8ce d\u00e9corative et un compl\u00e9ment utile pour un usage quotidien. Sa forme organique et l&rsquo;\u00e9clat du dor\u00e9 apportent une touche de sophistication \u00e0 n&rsquo;importe quel environnement, tandis que sa connexion culturelle avec la Grande Canarie le transforme en un souvenir inoubliable.<\/p>\n<p>Ce bol ne repr\u00e9sente pas seulement la biodiversit\u00e9 de la r\u00e9gion, mais symbolise \u00e9galement le savoir-faire des artisans canariens, qui ont perfectionn\u00e9 cet art au fil des g\u00e9n\u00e9rations. Chez Ol\u00e9 Mosaic, en tant que distributeurs de souvenirs authentiques, nous proposons une vari\u00e9t\u00e9 de produits refl\u00e9tant la culture espagnole et le charme de ses diff\u00e9rents recoins. Ce bol en noix de coco marron est l&rsquo;option id\u00e9ale pour les touristes \u00e0 la recherche de souvenirs repr\u00e9sentatifs de la Grande Canarie, promettant d&#8217;emporter un morceau de sa beaut\u00e9 dans chaque souvenir.<\/p>\n","protected":false},"excerpt":{"rendered":"<p>Bol en noix de coco artisanal marron, inspir\u00e9 par la riche faune marine de la Grande Canarie. Ce bol \u00e9l\u00e9gant pr\u00e9sente un design tr\u00e8s sp\u00e9cial d&rsquo;un hippocampe dans les tons dor\u00e9s, combin\u00e9 \u00e0 un fond de motifs uniques de couleur marron. La d\u00e9coration inclut le texte \u00ab\u00a0Gran Canaria\u00a0\u00bb, soulignant son origine. Id\u00e9al comme pi\u00e8ce d\u00e9corative ou pour un usage quotidien, il refl\u00e8te l&rsquo;essence de l&rsquo;art local et la beaut\u00e9 naturelle des \u00eeles Canaries.<\/p>\n","protected":false},"featured_media":10138,"template":"","meta":{"_acf_changed":false},"product_brand":[],"product_cat":[521],"product_tag":[530],"class_list":{"0":"post-29168","1":"product","2":"type-product","3":"status-publish","4":"has-post-thumbnail","6":"product_cat-bols","7":"product_tag-animaux","8":"pa_ciudad-gran-canaria","9":"pa_motivo-hippocampes","10":"pa_pais-espana","12":"first","13":"instock","14":"shipping-taxable","15":"product-type-simple"},"acf":[],"_links":{"self":[{"href":"https:\/\/olemosaic.com\/fr\/wp-json\/wp\/v2\/product\/29168","targetHints":{"allow":["GET"]}}],"collection":[{"href":"https:\/\/olemosaic.com\/fr\/wp-json\/wp\/v2\/product"}],"about":[{"href":"https:\/\/olemosaic.com\/fr\/wp-json\/wp\/v2\/types\/product"}],"wp:featuredmedia":[{"embeddable":true,"href":"https:\/\/olemosaic.com\/fr\/wp-json\/wp\/v2\/media\/10138"}],"wp:attachment":[{"href":"https:\/\/olemosaic.com\/fr\/wp-json\/wp\/v2\/media?parent=29168"}],"wp:term":[{"taxonomy":"product_brand","embeddable":true,"href":"https:\/\/olemosaic.com\/fr\/wp-json\/wp\/v2\/product_brand?post=29168"},{"taxonomy":"product_cat","embeddable":true,"href":"https:\/\/olemosaic.com\/fr\/wp-json\/wp\/v2\/product_cat?post=29168"},{"taxonomy":"product_tag","embeddable":true,"href":"https:\/\/olemosaic.com\/fr\/wp-json\/wp\/v2\/product_tag?post=29168"}],"curies":[{"name":"wp","href":"https:\/\/api.w.org\/{rel}","templated":true}]}}