{"id":29167,"date":"2025-02-20T23:30:45","date_gmt":"2025-02-20T22:30:45","guid":{"rendered":"http:\/\/olemosaic.com\/producto\/bol-de-coco-marron-salamandra-mallorca-2\/"},"modified":"2025-07-25T19:02:45","modified_gmt":"2025-07-25T17:02:45","slug":"bol-noix-de-coco-marron-salamandre-majorque-2","status":"publish","type":"product","link":"https:\/\/olemosaic.com\/fr\/produit\/bol-noix-de-coco-marron-salamandre-majorque-2\/","title":{"rendered":"Bol en noix de coco marron. Salamandre. Style m\u00e9diterran\u00e9en. Majorque."},"content":{"rendered":"<p>Ce bol en noix de coco marron, au design authentique, est une magnifique repr\u00e9sentation du folklore majorquin. Sa structure pr\u00e9sente un motif perfor\u00e9 qui cr\u00e9e une esth\u00e9tique percutante, compl\u00e9t\u00e9e par une finition dor\u00e9e brillante qui capture la lumi\u00e8re de mani\u00e8re spectaculaire. Au centre du bol, une \u00e9l\u00e9gante salamandre, symbole de la riche faune bal\u00e9are, souligne la connexion avec la nature de l&rsquo;\u00eele, tandis que l&rsquo;inscription \u00ab\u00a0MALLORCA\u00a0\u00bb ajoute une touche distinctive et authentique.<\/p>\n<p>Ce bol n&rsquo;est pas seulement un article d\u00e9coratif, il est \u00e9galement parfait pour servir des ap\u00e9ritifs, gr\u00e2ce \u00e0 son design fonctionnel qui allie beaut\u00e9 et utilit\u00e9. Le contraste entre le marron de la noix de coco et le dor\u00e9 de la finition offre une texture visuelle intrigante, ce qui en fait un excellent \u00e9l\u00e9ment tant pour la maison que pour des \u00e9v\u00e9nements gastronomiques.<\/p>\n<p>Ol\u00e9 Mosaic est fier de proposer ce magnifique souvenir qui c\u00e9l\u00e8bre la culture majorquine, id\u00e9al pour les touristes souhaitant emporter un morceau de l&rsquo;essence de cette \u00eele charmante. Ce bol en noix de coco est une excellente option pour les boutiques de cadeaux touristiques \u00e0 la recherche de produits authentiques et culturels, se positionnant comme un article phare de leur catalogue de souvenirs de Majorque.<\/p>\n","protected":false},"excerpt":{"rendered":"<p>Bol en noix de coco marron fait main, inspir\u00e9 par la riche faune majorquine. Ce bol attrayant pr\u00e9sente un design perfor\u00e9 dessinant un motif \u00e9l\u00e9gant et arbore une finition dor\u00e9e brillante. Au centre, une salamandre se distingue, accompagn\u00e9e de l&rsquo;inscription \u00ab\u00a0MALLORCA\u00a0\u00bb. Id\u00e9al comme \u00e9l\u00e9ment d\u00e9coratif ou pour servir des ap\u00e9ritifs, ce bol allie fonctionnalit\u00e9 et touche distinctive du folklore bal\u00e9are.<\/p>\n","protected":false},"featured_media":10118,"template":"","meta":{"_acf_changed":false},"product_brand":[],"product_cat":[521],"product_tag":[530],"class_list":{"0":"post-29167","1":"product","2":"type-product","3":"status-publish","4":"has-post-thumbnail","6":"product_cat-bols","7":"product_tag-animaux","8":"pa_ciudad-mallorca","9":"pa_motivo-salamandres","10":"pa_pais-espana","12":"first","13":"instock","14":"shipping-taxable","15":"product-type-simple"},"acf":[],"_links":{"self":[{"href":"https:\/\/olemosaic.com\/fr\/wp-json\/wp\/v2\/product\/29167","targetHints":{"allow":["GET"]}}],"collection":[{"href":"https:\/\/olemosaic.com\/fr\/wp-json\/wp\/v2\/product"}],"about":[{"href":"https:\/\/olemosaic.com\/fr\/wp-json\/wp\/v2\/types\/product"}],"wp:featuredmedia":[{"embeddable":true,"href":"https:\/\/olemosaic.com\/fr\/wp-json\/wp\/v2\/media\/10118"}],"wp:attachment":[{"href":"https:\/\/olemosaic.com\/fr\/wp-json\/wp\/v2\/media?parent=29167"}],"wp:term":[{"taxonomy":"product_brand","embeddable":true,"href":"https:\/\/olemosaic.com\/fr\/wp-json\/wp\/v2\/product_brand?post=29167"},{"taxonomy":"product_cat","embeddable":true,"href":"https:\/\/olemosaic.com\/fr\/wp-json\/wp\/v2\/product_cat?post=29167"},{"taxonomy":"product_tag","embeddable":true,"href":"https:\/\/olemosaic.com\/fr\/wp-json\/wp\/v2\/product_tag?post=29167"}],"curies":[{"name":"wp","href":"https:\/\/api.w.org\/{rel}","templated":true}]}}