{"id":29151,"date":"2025-02-20T23:30:45","date_gmt":"2025-02-20T22:30:45","guid":{"rendered":"http:\/\/olemosaic.com\/producto\/bol-de-coco-marron-tortuga-mallorca-2\/"},"modified":"2025-07-25T18:49:54","modified_gmt":"2025-07-25T16:49:54","slug":"bol-noix-de-coco-marron-tortue-majorque-2","status":"publish","type":"product","link":"https:\/\/olemosaic.com\/fr\/produit\/bol-noix-de-coco-marron-tortue-majorque-2\/","title":{"rendered":"Bol en noix de coco marron. Tortue. Style m\u00e9diterran\u00e9en. Majorque."},"content":{"rendered":"<p>Ce bol en noix de coco marron, d\u00e9cor\u00e9 d&rsquo;une sympathique tortue, est un rappel parfait de la beaut\u00e9 de l&rsquo;oc\u00e9an de Majorque. Fabriqu\u00e9 \u00e0 la main, cet accessoire se distingue par son design artistique qui capture l&rsquo;essence des c\u00f4tes vibrantes de Majorque. La surface du bol pr\u00e9sente un motif complexe qui \u00e9voque les textures naturelles de la carapace de la tortue, tandis que les d\u00e9tails dor\u00e9s frappants ajoutent un \u00e9clat splendide qui rehausse le motif marin, en faisant une pi\u00e8ce d\u00e9corative exceptionnelle.<\/p>\n<p>Ce bol n&rsquo;est pas seulement une \u0153uvre d&rsquo;art fonctionnelle, mais il repr\u00e9sente \u00e9galement la riche biodiversit\u00e9 des eaux entourant l&rsquo;\u00eele de Majorque, une destination connue pour ses plages idylliques et sa faune marine. En int\u00e9grant des \u00e9l\u00e9ments de la culture locale, ce souvenir devient une option id\u00e9ale pour les touristes qui souhaitent ramener un morceau de Majorque chez eux, tout en contribuant \u00e0 la pr\u00e9servation de techniques artisanales authentiques.<\/p>\n<p>Chez Ol\u00e9 Mosaic, notre sp\u00e9cialit\u00e9 est la distribution de souvenirs en gros, et ce bol en noix de coco repr\u00e9sente l&rsquo;authenticit\u00e9 et le caract\u00e8re distinctif des souvenirs issus de la MAGIE de Majorque. C&rsquo;est un cadeau parfait pour les boutiques de cadeaux touristiques qui cherchent \u00e0 offrir des articles uniques, pleins de sens et de lien culturel. Avec notre gamme de produits artisanaux, nous garantissons qualit\u00e9 et originalit\u00e9 dans chaque souvenir.<\/p>\n","protected":false},"excerpt":{"rendered":"<p>Bol en noix de coco marron d\u00e9cor\u00e9 d&rsquo;une charmante tortue, \u00e9voquant la beaut\u00e9 de l&rsquo;oc\u00e9an de Majorque. Ce produit, fabriqu\u00e9 \u00e0 la main, se distingue par son design artistique et ses d\u00e9tails dor\u00e9s frappants qui rehaussent le motif marin. La surface pr\u00e9sente un motif complexe rappelant les textures naturelles de la carapace de la tortue, en faisant une pi\u00e8ce d\u00e9corative id\u00e9ale et un souvenir authentique des c\u00f4tes vibrantes de Majorque.<\/p>\n","protected":false},"featured_media":10158,"template":"","meta":{"_acf_changed":false},"product_brand":[],"product_cat":[521],"product_tag":[530],"class_list":{"0":"post-29151","1":"product","2":"type-product","3":"status-publish","4":"has-post-thumbnail","6":"product_cat-bols","7":"product_tag-animaux","8":"pa_ciudad-mallorca","9":"pa_motivo-tortues","10":"pa_pais-espana","12":"first","13":"instock","14":"shipping-taxable","15":"product-type-simple"},"acf":[],"_links":{"self":[{"href":"https:\/\/olemosaic.com\/fr\/wp-json\/wp\/v2\/product\/29151","targetHints":{"allow":["GET"]}}],"collection":[{"href":"https:\/\/olemosaic.com\/fr\/wp-json\/wp\/v2\/product"}],"about":[{"href":"https:\/\/olemosaic.com\/fr\/wp-json\/wp\/v2\/types\/product"}],"wp:featuredmedia":[{"embeddable":true,"href":"https:\/\/olemosaic.com\/fr\/wp-json\/wp\/v2\/media\/10158"}],"wp:attachment":[{"href":"https:\/\/olemosaic.com\/fr\/wp-json\/wp\/v2\/media?parent=29151"}],"wp:term":[{"taxonomy":"product_brand","embeddable":true,"href":"https:\/\/olemosaic.com\/fr\/wp-json\/wp\/v2\/product_brand?post=29151"},{"taxonomy":"product_cat","embeddable":true,"href":"https:\/\/olemosaic.com\/fr\/wp-json\/wp\/v2\/product_cat?post=29151"},{"taxonomy":"product_tag","embeddable":true,"href":"https:\/\/olemosaic.com\/fr\/wp-json\/wp\/v2\/product_tag?post=29151"}],"curies":[{"name":"wp","href":"https:\/\/api.w.org\/{rel}","templated":true}]}}