{"id":29149,"date":"2025-02-20T23:30:45","date_gmt":"2025-02-20T22:30:45","guid":{"rendered":"http:\/\/olemosaic.com\/producto\/bol-de-coco-marron-delfin-gran-canaria-2\/"},"modified":"2025-07-25T19:02:00","modified_gmt":"2025-07-25T17:02:00","slug":"bol-noix-de-coco-marron-dauphin-gran-canaria-2","status":"publish","type":"product","link":"https:\/\/olemosaic.com\/fr\/produit\/bol-noix-de-coco-marron-dauphin-gran-canaria-2\/","title":{"rendered":"Bol en noix de coco marron. Dauphin. Gran Canaria. Fond marin."},"content":{"rendered":"<p>Ce bol en noix de coco marron, d\u00e9cor\u00e9 d&rsquo;\u00e9l\u00e9gantes mosa\u00efques de coquillages aux teintes d\u00e9licates, est un authentique souvenir de Gran Canaria qui capture l&rsquo;essence de l&rsquo;oc\u00e9an. Au centre du bol, deux dauphins sautant se distinguent, sculpt\u00e9s avec des d\u00e9tails fins qui donnent vie et dynamisme \u00e0 cette pi\u00e8ce artisanale. La surface brillante du bol souligne le travail peint \u00e0 la main, r\u00e9fl\u00e9chissant la lumi\u00e8re de mani\u00e8re captivante et ajoutant une touche \u00e9l\u00e9gante \u00e0 n&rsquo;importe quelle ambiance. La base du bol inclut l&rsquo;inscription \u00ab\u00a0Gran Canaria\u00a0\u00bb, un sceau local distinctif qui en fait un souvenir m\u00e9morable pour ceux qui visitent l&rsquo;\u00eele.<\/p>\n<p>Ce bol n&rsquo;est pas seulement id\u00e9al pour servir des ap\u00e9ritifs, mais il fonctionne \u00e9galement comme un \u00e9l\u00e9ment d\u00e9coratif attrayant pour la maison. Son design unique repr\u00e9sente la riche culture maritime de Gran Canaria, o\u00f9 l&rsquo;oc\u00e9an et la tradition artisanale s&rsquo;entrelacent de mani\u00e8re exceptionnelle. Chez Ol\u00e9 Mosaic, en tant que grossiste de souvenirs, nous proposons des produits qui c\u00e9l\u00e8brent l&rsquo;authenticit\u00e9 et la beaut\u00e9 des \u00eeles Canaries. Ce bol en noix de coco est une excellente option pour les boutiques de cadeaux touristiques \u00e0 la recherche de pi\u00e8ces significatives et repr\u00e9sentatives, parfait pour les touristes qui souhaitent ramener chez eux un morceau de la culture canarienne.<\/p>\n","protected":false},"excerpt":{"rendered":"<p>Bol en noix de coco marron d\u00e9cor\u00e9 d&rsquo;\u00e9l\u00e9gantes mosa\u00efques de coquillages aux tons doux, repr\u00e9sentant deux dauphins sautant. Ce souvenir attrayant de Gran Canaria se distingue par son design artisanal, peint \u00e0 la main, et sa surface brillante qui capture l&rsquo;essence de l&rsquo;oc\u00e9an. La base affiche l&rsquo;inscription \u00ab\u00a0Gran Canaria\u00a0\u00bb, ajoutant une touche locale distinctive. Id\u00e9al pour servir des ap\u00e9ritifs ou comme pi\u00e8ce d\u00e9corative, ce bol allie beaut\u00e9 et artisanat traditionnel des \u00eeles Canaries.<\/p>\n","protected":false},"featured_media":10362,"template":"","meta":{"_acf_changed":false},"product_brand":[],"product_cat":[521],"product_tag":[530],"class_list":{"0":"post-29149","1":"product","2":"type-product","3":"status-publish","4":"has-post-thumbnail","6":"product_cat-bols","7":"product_tag-animaux","8":"pa_ciudad-gran-canaria","9":"pa_motivo-dauphins","10":"pa_pais-espana","12":"first","13":"instock","14":"shipping-taxable","15":"product-type-simple"},"acf":[],"_links":{"self":[{"href":"https:\/\/olemosaic.com\/fr\/wp-json\/wp\/v2\/product\/29149","targetHints":{"allow":["GET"]}}],"collection":[{"href":"https:\/\/olemosaic.com\/fr\/wp-json\/wp\/v2\/product"}],"about":[{"href":"https:\/\/olemosaic.com\/fr\/wp-json\/wp\/v2\/types\/product"}],"wp:featuredmedia":[{"embeddable":true,"href":"https:\/\/olemosaic.com\/fr\/wp-json\/wp\/v2\/media\/10362"}],"wp:attachment":[{"href":"https:\/\/olemosaic.com\/fr\/wp-json\/wp\/v2\/media?parent=29149"}],"wp:term":[{"taxonomy":"product_brand","embeddable":true,"href":"https:\/\/olemosaic.com\/fr\/wp-json\/wp\/v2\/product_brand?post=29149"},{"taxonomy":"product_cat","embeddable":true,"href":"https:\/\/olemosaic.com\/fr\/wp-json\/wp\/v2\/product_cat?post=29149"},{"taxonomy":"product_tag","embeddable":true,"href":"https:\/\/olemosaic.com\/fr\/wp-json\/wp\/v2\/product_tag?post=29149"}],"curies":[{"name":"wp","href":"https:\/\/api.w.org\/{rel}","templated":true}]}}