{"id":29147,"date":"2025-02-20T22:30:44","date_gmt":"2025-02-20T22:30:44","guid":{"rendered":"http:\/\/olemosaic.com\/producto\/bol-de-coco-marron-delfin-gran-canaria\/"},"modified":"2025-07-25T18:50:11","modified_gmt":"2025-07-25T16:50:11","slug":"bol-noix-de-coco-marron-dauphin-gran-canaria","status":"publish","type":"product","link":"https:\/\/olemosaic.com\/fr\/produit\/bol-noix-de-coco-marron-dauphin-gran-canaria\/","title":{"rendered":"Bol en noix de coco marron. Dauphin. Gran Canaria."},"content":{"rendered":"<p>Ce bol en noix de coco marron, orn\u00e9 d&rsquo;un d\u00e9licat motif de deux dauphins, capture l&rsquo;essence du magnifique oc\u00e9an qui entoure Gran Canaria. Fabriqu\u00e9 \u00e0 partir d&rsquo;une v\u00e9ritable noix de coco, cet article se distingue par sa finition dor\u00e9e, qui souligne l&rsquo;exquise texture perfor\u00e9e de sa surface et \u00e9voque les vagues et la vie marine des \u00eeles. Au centre, l&rsquo;inscription \u00ab\u00a0Gran Canaria\u00a0\u00bb est pr\u00e9sent\u00e9e dans un style \u00e9l\u00e9gant, ajoutant une touche distinctive et authentique qui rehausse sa beaut\u00e9.<\/p>\n<p>Le design avec les dauphins symbolise non seulement la richesse naturelle de la r\u00e9gion, mais aussi son lien culturel avec la mer, un \u00e9l\u00e9ment vital dans l&rsquo;histoire et l&rsquo;identit\u00e9 de Gran Canaria. Cette pi\u00e8ce est id\u00e9ale aussi bien comme d\u00e9coration unique pour n&rsquo;importe quel espace que comme cadeau repr\u00e9sentatif des \u00eeles, permettant \u00e0 ceux qui le re\u00e7oivent d&#8217;emporter un morceau du riche patrimoine culturel canarien.<\/p>\n<p>Chez Ol\u00e9 Mosaic, nous nous sp\u00e9cialisons dans la distribution de souvenirs en gros, offrant des produits authentiques et de haute qualit\u00e9 qui refl\u00e8tent la culture locale. Ce bol en noix de coco n&rsquo;est pas seulement un excellent souvenir pour les touristes, mais il repr\u00e9sente \u00e9galement une opportunit\u00e9 parfaite pour les boutiques de cadeaux touristiques qui cherchent \u00e0 int\u00e9grer des articles artisanaux et culturels \u00e0 leur offre.<\/p>\n","protected":false},"excerpt":{"rendered":"<p>Bol en noix de coco marron avec un d\u00e9licat motif de deux dauphins, \u00e9voquant la beaut\u00e9 de l&rsquo;oc\u00e9an qui entoure Gran Canaria. Cet article, fabriqu\u00e9 \u00e0 partir d&rsquo;une v\u00e9ritable noix de coco, pr\u00e9sente une finition dor\u00e9e qui rehausse son exquise texture perfor\u00e9e. L&rsquo;inscription \u00ab Gran Canaria \u00bb se distingue par son style \u00e9l\u00e9gant, ce qui en fait un souvenir attrayant refl\u00e9tant la riche culture marine des \u00eeles. Parfait pour d\u00e9corer ou comme cadeau repr\u00e9sentatif de la r\u00e9gion.<\/p>\n","protected":false},"featured_media":10150,"template":"","meta":{"_acf_changed":false},"product_brand":[],"product_cat":[521],"product_tag":[530],"class_list":{"0":"post-29147","1":"product","2":"type-product","3":"status-publish","4":"has-post-thumbnail","6":"product_cat-bols","7":"product_tag-animaux","8":"pa_ciudad-gran-canaria","9":"pa_motivo-dauphins","10":"pa_pais-espana","12":"first","13":"instock","14":"shipping-taxable","15":"product-type-simple"},"acf":[],"_links":{"self":[{"href":"https:\/\/olemosaic.com\/fr\/wp-json\/wp\/v2\/product\/29147","targetHints":{"allow":["GET"]}}],"collection":[{"href":"https:\/\/olemosaic.com\/fr\/wp-json\/wp\/v2\/product"}],"about":[{"href":"https:\/\/olemosaic.com\/fr\/wp-json\/wp\/v2\/types\/product"}],"wp:featuredmedia":[{"embeddable":true,"href":"https:\/\/olemosaic.com\/fr\/wp-json\/wp\/v2\/media\/10150"}],"wp:attachment":[{"href":"https:\/\/olemosaic.com\/fr\/wp-json\/wp\/v2\/media?parent=29147"}],"wp:term":[{"taxonomy":"product_brand","embeddable":true,"href":"https:\/\/olemosaic.com\/fr\/wp-json\/wp\/v2\/product_brand?post=29147"},{"taxonomy":"product_cat","embeddable":true,"href":"https:\/\/olemosaic.com\/fr\/wp-json\/wp\/v2\/product_cat?post=29147"},{"taxonomy":"product_tag","embeddable":true,"href":"https:\/\/olemosaic.com\/fr\/wp-json\/wp\/v2\/product_tag?post=29147"}],"curies":[{"name":"wp","href":"https:\/\/api.w.org\/{rel}","templated":true}]}}