{"id":29131,"date":"2025-02-20T23:30:44","date_gmt":"2025-02-20T22:30:44","guid":{"rendered":"http:\/\/olemosaic.com\/producto\/bol-de-coco-marron-bailaora-2\/"},"modified":"2025-07-25T18:53:27","modified_gmt":"2025-07-25T16:53:27","slug":"bol-noix-de-coco-marron-danseuse-flamenco-espagne","status":"publish","type":"product","link":"https:\/\/olemosaic.com\/fr\/produit\/bol-noix-de-coco-marron-danseuse-flamenco-espagne\/","title":{"rendered":"Bol en noix de coco marron. Danseuse de flamenco. Espagne."},"content":{"rendered":"<p>Ce bol en noix de coco marron, orn\u00e9 d&rsquo;un motif \u00e9l\u00e9gant de danseuse de flamenco, capture l&rsquo;essence de la riche culture flamenco d&rsquo;Espagne. Son design \u00e9labor\u00e9 se distingue par l&rsquo;utilisation de mosa\u00efques \u00e0 l&rsquo;int\u00e9rieur, combinant des tons allant de l&rsquo;ivoire au marron, cr\u00e9ant un magnifique contraste visuel qui attire l&rsquo;attention. Au centre du bol, se pr\u00e9sente la silhouette d&rsquo;une danseuse avec les bras lev\u00e9s dans un geste expressif, symbolisant la passion et l&rsquo;art du flamenco, si caract\u00e9ristique de la tradition culturelle espagnole.<\/p>\n<p>Ce bol artisanal n&rsquo;est pas seulement un objet d\u00e9coratif, mais aussi une pi\u00e8ce fonctionnelle qui peut \u00eatre utilis\u00e9e pour servir des ap\u00e9ritifs ou comme centre de table original, apportant une touche authentique \u00e0 n&rsquo;importe quel espace. La combinaison des mat\u00e9riaux naturels de la noix de coco et des couleurs vibrantes des mosa\u00efques rehausse la valeur artisanale du produit, en faisant un souvenir id\u00e9al pour ceux qui recherchent une connexion avec la culture andalouse.<\/p>\n<p>Chez Ol\u00e9 Mosaic, nous nous engageons dans la distribution de souvenirs authentiques en gros, proposant des produits qui repr\u00e9sentent l&rsquo;h\u00e9ritage culturel de l&rsquo;Espagne. Ce bol de danseuse est un excellent souvenir qui incarne la richesse du flamenco et la tradition espagnole, parfait pour les boutiques de cadeaux touristiques souhaitant offrir \u00e0 leurs clients une pi\u00e8ce unique et significative de leur visite.<\/p>\n","protected":false},"excerpt":{"rendered":"<p>Bol en noix de coco marron d\u00e9cor\u00e9 d&rsquo;un motif \u00e9l\u00e9gant de danseuse de flamenco, repr\u00e9sentant la riche culture flamenco d&rsquo;Espagne. Son int\u00e9rieur est orn\u00e9 de mosa\u00efques aux tons allant de l&rsquo;ivoire au marron, cr\u00e9ant un beau contraste. Le design inclut la silhouette d&rsquo;une danseuse levant les bras dans un geste \u00e9l\u00e9gant, symbole de la passion du flamenco. Ce bol artisanal est id\u00e9al comme \u00e9l\u00e9ment d\u00e9coratif ou pour servir des ap\u00e9ritifs.<\/p>\n","protected":false},"featured_media":13501,"template":"","meta":{"_acf_changed":false},"product_brand":[],"product_cat":[521],"product_tag":[],"class_list":{"0":"post-29131","1":"product","2":"type-product","3":"status-publish","4":"has-post-thumbnail","6":"product_cat-bols","7":"pa_motivo-danseurs","9":"first","10":"instock","11":"shipping-taxable","12":"product-type-simple"},"acf":[],"_links":{"self":[{"href":"https:\/\/olemosaic.com\/fr\/wp-json\/wp\/v2\/product\/29131","targetHints":{"allow":["GET"]}}],"collection":[{"href":"https:\/\/olemosaic.com\/fr\/wp-json\/wp\/v2\/product"}],"about":[{"href":"https:\/\/olemosaic.com\/fr\/wp-json\/wp\/v2\/types\/product"}],"wp:featuredmedia":[{"embeddable":true,"href":"https:\/\/olemosaic.com\/fr\/wp-json\/wp\/v2\/media\/13501"}],"wp:attachment":[{"href":"https:\/\/olemosaic.com\/fr\/wp-json\/wp\/v2\/media?parent=29131"}],"wp:term":[{"taxonomy":"product_brand","embeddable":true,"href":"https:\/\/olemosaic.com\/fr\/wp-json\/wp\/v2\/product_brand?post=29131"},{"taxonomy":"product_cat","embeddable":true,"href":"https:\/\/olemosaic.com\/fr\/wp-json\/wp\/v2\/product_cat?post=29131"},{"taxonomy":"product_tag","embeddable":true,"href":"https:\/\/olemosaic.com\/fr\/wp-json\/wp\/v2\/product_tag?post=29131"}],"curies":[{"name":"wp","href":"https:\/\/api.w.org\/{rel}","templated":true}]}}