{"id":29130,"date":"2025-02-20T23:30:44","date_gmt":"2025-02-20T22:30:44","guid":{"rendered":"http:\/\/olemosaic.com\/producto\/bol-de-coco-marron-mariposa-2\/"},"modified":"2025-07-25T19:44:24","modified_gmt":"2025-07-25T17:44:24","slug":"bol-noix-de-coco-marron-papillon-fr","status":"publish","type":"product","link":"https:\/\/olemosaic.com\/fr\/produit\/bol-noix-de-coco-marron-papillon-fr\/","title":{"rendered":"Bol en noix de coco marron. Papillon. Fond marin."},"content":{"rendered":"<p>Ce bol en noix de coco marron est une pi\u00e8ce unique qui capture l&rsquo;essence de la beaut\u00e9 m\u00e9diterran\u00e9enne \u00e0 travers son design \u00e9l\u00e9gant. Fabriqu\u00e9 de mani\u00e8re durable, ce bol est fait de mat\u00e9riau naturel, soulignant sa finition brillante qui refl\u00e8te la lumi\u00e8re de mani\u00e8re captivante. Son int\u00e9rieur est d\u00e9cor\u00e9 avec soin de pi\u00e8ces de coquillages qui offrent une palette de couleurs variant des tons doux aux nuances plus intenses, cr\u00e9ant un effet visuel dynamique et attrayant.<\/p>\n<p>Au centre du bol, la silhouette d&rsquo;un papillon de couleur marron ressort de mani\u00e8re significative, symbolisant la transformation et la beaut\u00e9 \u00e9ph\u00e9m\u00e8re de la nature. Ce design n&rsquo;ajoute pas seulement une touche artistique, mais \u00e9tablit \u00e9galement une connexion culturelle avec la riche diversit\u00e9 biologique des r\u00e9gions m\u00e9diterran\u00e9ennes, o\u00f9 les papillons sont un symbole de libert\u00e9 et d&rsquo;harmonie.<\/p>\n<p>Id\u00e9al pour servir des ap\u00e9ritifs ou comme \u00e9l\u00e9ment d\u00e9coratif, ce bol devient un excellent souvenir qui encapsule l&rsquo;authenticit\u00e9 de la culture m\u00e9diterran\u00e9enne. Chez Ol\u00e9 Mosaic, nous proposons ce bol en noix de coco dans le cadre d&rsquo;une s\u00e9lection exclusive de souvenirs qui rendent hommage aux traditions locales et \u00e0 la durabilit\u00e9. C&rsquo;est une option parfaite pour les boutiques de cadeaux touristiques \u00e0 la recherche de produits authentiques et significatifs qui mettent en valeur la beaut\u00e9 naturelle et culturelle de la r\u00e9gion. En tant que distributeurs de produits authentiques, nous garantissons la qualit\u00e9 et la pertinence de chaque pi\u00e8ce.<\/p>\n","protected":false},"excerpt":{"rendered":"<p>Bol en noix de coco marron d\u00e9cor\u00e9 d&rsquo;un motif de papillon. Ce bol exclusif, fabriqu\u00e9 avec des mat\u00e9riaux durables, pr\u00e9sente une finition brillante avec des incrustations de coquillages qui refl\u00e8tent diff\u00e9rentes couleurs et nuances. Au centre se d\u00e9tache la silhouette marron d&rsquo;un papillon, cr\u00e9ant un contraste attrayant avec la base claire du bol. Id\u00e9al pour servir des ap\u00e9ritifs ou comme \u00e9l\u00e9ment d\u00e9coratif, il \u00e9voque la beaut\u00e9 naturelle de la culture m\u00e9diterran\u00e9enne.<\/p>\n","protected":false},"featured_media":13477,"template":"","meta":{"_acf_changed":false},"product_brand":[],"product_cat":[521],"product_tag":[530],"class_list":{"0":"post-29130","1":"product","2":"type-product","3":"status-publish","4":"has-post-thumbnail","6":"product_cat-bols","7":"product_tag-animaux","8":"pa_motivo-papillons","10":"first","11":"instock","12":"shipping-taxable","13":"product-type-simple"},"acf":[],"_links":{"self":[{"href":"https:\/\/olemosaic.com\/fr\/wp-json\/wp\/v2\/product\/29130","targetHints":{"allow":["GET"]}}],"collection":[{"href":"https:\/\/olemosaic.com\/fr\/wp-json\/wp\/v2\/product"}],"about":[{"href":"https:\/\/olemosaic.com\/fr\/wp-json\/wp\/v2\/types\/product"}],"wp:featuredmedia":[{"embeddable":true,"href":"https:\/\/olemosaic.com\/fr\/wp-json\/wp\/v2\/media\/13477"}],"wp:attachment":[{"href":"https:\/\/olemosaic.com\/fr\/wp-json\/wp\/v2\/media?parent=29130"}],"wp:term":[{"taxonomy":"product_brand","embeddable":true,"href":"https:\/\/olemosaic.com\/fr\/wp-json\/wp\/v2\/product_brand?post=29130"},{"taxonomy":"product_cat","embeddable":true,"href":"https:\/\/olemosaic.com\/fr\/wp-json\/wp\/v2\/product_cat?post=29130"},{"taxonomy":"product_tag","embeddable":true,"href":"https:\/\/olemosaic.com\/fr\/wp-json\/wp\/v2\/product_tag?post=29130"}],"curies":[{"name":"wp","href":"https:\/\/api.w.org\/{rel}","templated":true}]}}