{"id":29127,"date":"2025-02-20T23:30:44","date_gmt":"2025-02-20T22:30:44","guid":{"rendered":"http:\/\/olemosaic.com\/producto\/bol-de-coco-marron-delfin-mallorca-2\/"},"modified":"2025-07-25T19:59:20","modified_gmt":"2025-07-25T17:59:20","slug":"bol-noix-de-coco-marron-dauphin-majorque-fr","status":"publish","type":"product","link":"https:\/\/olemosaic.com\/fr\/produit\/bol-noix-de-coco-marron-dauphin-majorque-fr\/","title":{"rendered":"Bol en noix de coco marron. Dauphin. Majorque. Style rustique."},"content":{"rendered":"<p>Ce bol en noix de coco marron est une pi\u00e8ce artisanale unique qui capture l&rsquo;essence de la M\u00e9diterran\u00e9e et la beaut\u00e9 de Majorque. D\u00e9cor\u00e9 d&rsquo;une mosa\u00efque complexe repr\u00e9sentant un dauphin, symbole iconique de la culture et de la faune marine de l&rsquo;\u00eele, cet article se distingue par son attrait visuel. La surface du bol combine des tons marron et beige, cr\u00e9ant un effet harmonieux qui souligne le caract\u00e8re naturel du mat\u00e9riau, tandis que le mot \u00ab\u00a0MAJORQUE\u00a0\u00bb, grav\u00e9 avec pr\u00e9cision au centre, renforce sa valeur en tant que souvenir authentique et significatif.<\/p>\n<p>L&rsquo;attention port\u00e9e aux d\u00e9tails dans la mosa\u00efque apporte un air de sophistication et d&rsquo;art populaire qui s&rsquo;entrelace avec la tradition majorquine. Ce bol ne sert pas seulement d&rsquo;\u00e9l\u00e9ment d\u00e9coratif, mais il est \u00e9galement parfait pour un usage fonctionnel, pouvant \u00eatre utilis\u00e9 pour servir des ap\u00e9ritifs ou comme centre de table attrayant. Son design encapsule la culture m\u00e9diterran\u00e9enne, ce qui en fait un souvenir id\u00e9al pour les touristes \u00e0 la recherche d&rsquo;une pi\u00e8ce repr\u00e9sentative de l&rsquo;\u00eele.<\/p>\n<p>Chez Ol\u00e9 Mosaic, nous sommes des distributeurs en gros de souvenirs authentiques et ce bol en noix de coco est une excellente option pour les boutiques de cadeaux touristiques souhaitant proposer des produits \u00e0 valeur culturelle et artistique. Sans aucun doute, un article qui attirera ceux qui souhaitent emporter un petit morceau de Majorque chez eux.<\/p>\n","protected":false},"excerpt":{"rendered":"<p>Bol en noix de coco marron d\u00e9cor\u00e9 d&rsquo;une mosa\u00efque complexe repr\u00e9sentant un dauphin, symbole de Majorque. Sa surface combine des tons marron et beige, cr\u00e9ant un effet visuel attrayant qui souligne son origine. Au centre, le mot \u00ab\u00a0MAJORQUE\u00a0\u00bb est grav\u00e9, renfor\u00e7ant sa signification en tant que souvenir. Cet article artisanal est parfait comme \u00e9l\u00e9ment d\u00e9coratif ou pour un usage fonctionnel, apportant une touche m\u00e9diterran\u00e9enne \u00e0 n&rsquo;importe quel espace.<\/p>\n","protected":false},"featured_media":10358,"template":"","meta":{"_acf_changed":false},"product_brand":[],"product_cat":[521],"product_tag":[530],"class_list":{"0":"post-29127","1":"product","2":"type-product","3":"status-publish","4":"has-post-thumbnail","6":"product_cat-bols","7":"product_tag-animaux","8":"pa_ciudad-mallorca","9":"pa_motivo-dauphins","10":"pa_pais-espana","12":"first","13":"instock","14":"shipping-taxable","15":"product-type-simple"},"acf":[],"_links":{"self":[{"href":"https:\/\/olemosaic.com\/fr\/wp-json\/wp\/v2\/product\/29127","targetHints":{"allow":["GET"]}}],"collection":[{"href":"https:\/\/olemosaic.com\/fr\/wp-json\/wp\/v2\/product"}],"about":[{"href":"https:\/\/olemosaic.com\/fr\/wp-json\/wp\/v2\/types\/product"}],"wp:featuredmedia":[{"embeddable":true,"href":"https:\/\/olemosaic.com\/fr\/wp-json\/wp\/v2\/media\/10358"}],"wp:attachment":[{"href":"https:\/\/olemosaic.com\/fr\/wp-json\/wp\/v2\/media?parent=29127"}],"wp:term":[{"taxonomy":"product_brand","embeddable":true,"href":"https:\/\/olemosaic.com\/fr\/wp-json\/wp\/v2\/product_brand?post=29127"},{"taxonomy":"product_cat","embeddable":true,"href":"https:\/\/olemosaic.com\/fr\/wp-json\/wp\/v2\/product_cat?post=29127"},{"taxonomy":"product_tag","embeddable":true,"href":"https:\/\/olemosaic.com\/fr\/wp-json\/wp\/v2\/product_tag?post=29127"}],"curies":[{"name":"wp","href":"https:\/\/api.w.org\/{rel}","templated":true}]}}