{"id":29126,"date":"2025-02-20T22:30:43","date_gmt":"2025-02-20T22:30:43","guid":{"rendered":"http:\/\/olemosaic.com\/producto\/bol-de-coco-marron-isla-tenerife\/"},"modified":"2025-07-25T18:39:21","modified_gmt":"2025-07-25T16:39:21","slug":"bol-noix-de-coco-marron-ile-tenerife","status":"publish","type":"product","link":"https:\/\/olemosaic.com\/fr\/produit\/bol-noix-de-coco-marron-ile-tenerife\/","title":{"rendered":"Bol en noix de coco marron. \u00cele. Tenerife."},"content":{"rendered":"<p>Ce bol en noix de coco marron est une pi\u00e8ce artisanale qui capture l&rsquo;essence de la magnifique \u00eele de Tenerife. Con\u00e7u avec une mosa\u00efque de pi\u00e8ces dans des tons marron et cr\u00e8me, cet impressionnant bol pr\u00e9sente \u00e0 l&rsquo;int\u00e9rieur un contour d\u00e9licat de l&rsquo;\u00eele, mis en valeur par le mot \u00ab TENERIFE \u00bb, qui \u00e9voque des souvenirs des paysages volcaniques et des plages de ce paradis. Fabriqu\u00e9 avec un mat\u00e9riau naturel, le bol combine l&rsquo;esth\u00e9tique rustique avec la fonctionnalit\u00e9, ce qui en fait un article polyvalent, id\u00e9al aussi bien pour la d\u00e9coration que pour un usage quotidien \u00e0 table. Sa surface polie refl\u00e8te la lumi\u00e8re de mani\u00e8re subtile, ajoutant une touche chaleureuse \u00e0 n&rsquo;importe quelle ambiance. Ce souvenir ne c\u00e9l\u00e8bre pas seulement l&rsquo;h\u00e9ritage culturel des \u00eeles Canaries, mais il se distingue \u00e9galement par son authenticit\u00e9 et son artisanat. Un cadeau parfait pour les touristes qui souhaitent emporter avec eux un morceau de la culture canarienne, ce bol en noix de coco marron est une excellente option pour les boutiques de cadeaux touristiques \u00e0 la recherche de souvenirs de qualit\u00e9. Chez Ol\u00e9 Mosaic, nous nous sp\u00e9cialisons dans la distribution de souvenirs repr\u00e9sentatifs comme ce bol, garantissant que chaque pi\u00e8ce soit un t\u00e9moignage de la richesse culturelle de son lieu d&rsquo;origine.<\/p>\n","protected":false},"excerpt":{"rendered":"<p>Bol en noix de coco marron au design artisanal, inspir\u00e9 par la beaut\u00e9 de l&rsquo;\u00eele de Tenerife. Ce bol attrayant pr\u00e9sente une mosa\u00efque de pi\u00e8ces dans des tons marron et cr\u00e8me, avec le contour de l&rsquo;\u00eele au centre, mis en valeur \u00e0 c\u00f4t\u00e9 du texte \u00ab TENERIFE \u00bb. Fait de mat\u00e9riau naturel, il est parfait aussi bien comme objet d\u00e9coratif que pour un usage quotidien. Id\u00e9al pour ajouter une touche canarienne \u00e0 votre table ou \u00e0 votre espace.<\/p>\n","protected":false},"featured_media":10318,"template":"","meta":{"_acf_changed":false},"product_brand":[],"product_cat":[521],"product_tag":[],"class_list":{"0":"post-29126","1":"product","2":"type-product","3":"status-publish","4":"has-post-thumbnail","6":"product_cat-bols","7":"pa_ciudad-tenerife","8":"pa_motivo-iles","9":"pa_pais-espana","11":"first","12":"instock","13":"shipping-taxable","14":"product-type-simple"},"acf":[],"_links":{"self":[{"href":"https:\/\/olemosaic.com\/fr\/wp-json\/wp\/v2\/product\/29126","targetHints":{"allow":["GET"]}}],"collection":[{"href":"https:\/\/olemosaic.com\/fr\/wp-json\/wp\/v2\/product"}],"about":[{"href":"https:\/\/olemosaic.com\/fr\/wp-json\/wp\/v2\/types\/product"}],"wp:featuredmedia":[{"embeddable":true,"href":"https:\/\/olemosaic.com\/fr\/wp-json\/wp\/v2\/media\/10318"}],"wp:attachment":[{"href":"https:\/\/olemosaic.com\/fr\/wp-json\/wp\/v2\/media?parent=29126"}],"wp:term":[{"taxonomy":"product_brand","embeddable":true,"href":"https:\/\/olemosaic.com\/fr\/wp-json\/wp\/v2\/product_brand?post=29126"},{"taxonomy":"product_cat","embeddable":true,"href":"https:\/\/olemosaic.com\/fr\/wp-json\/wp\/v2\/product_cat?post=29126"},{"taxonomy":"product_tag","embeddable":true,"href":"https:\/\/olemosaic.com\/fr\/wp-json\/wp\/v2\/product_tag?post=29126"}],"curies":[{"name":"wp","href":"https:\/\/api.w.org\/{rel}","templated":true}]}}