{"id":29123,"date":"2025-02-20T22:30:43","date_gmt":"2025-02-20T22:30:43","guid":{"rendered":"http:\/\/olemosaic.com\/producto\/bol-de-coco-marron-tortuga-mallorca\/"},"modified":"2025-07-25T20:30:42","modified_gmt":"2025-07-25T18:30:42","slug":"bol-noix-de-coco-marron-tortue-majorque","status":"publish","type":"product","link":"https:\/\/olemosaic.com\/fr\/produit\/bol-noix-de-coco-marron-tortue-majorque\/","title":{"rendered":"Bol en noix de coco marron. Tortue. Majorque."},"content":{"rendered":"<p>Ce bol en noix de coco marron est un souvenir exquis et artisanal qui capture l&rsquo;essence de la beaut\u00e9 de Majorque. Avec un design d\u00e9licat, il pr\u00e9sente une mosa\u00efque de petits morceaux de coquillages aux tons doux qui brillent subtilement, transformant chaque reflet de lumi\u00e8re en un spectacle de couleurs. Au centre resplendit la figure d&rsquo;une tortue, symbole de la vie marine et de la nature m\u00e9diterran\u00e9enne, accompagn\u00e9e du texte \u00ab MALLORCA \u00bb, qui rend hommage \u00e0 la riche culture locale. Ce bol n&rsquo;est pas seulement une pi\u00e8ce d\u00e9corative d&rsquo;un grand attrait visuel, mais il peut \u00e9galement \u00eatre utilis\u00e9 de mani\u00e8re pratique, montrant sa polyvalence. Sa finition naturelle rehausse l&rsquo;authenticit\u00e9 du produit, en faisant un excellent souvenir pour ceux qui souhaitent emporter un morceau de l&rsquo;\u00eele.<\/p>\n<p>Ce bol en noix de coco est une repr\u00e9sentation parfaite de l&rsquo;artisanat majorquin, ce qui en fait un souvenir culturel qui enrichit n&rsquo;importe quel foyer par sa singularit\u00e9. Chez Ol\u00e9 Mosaic, nous sommes distributeurs de souvenirs authentiques et repr\u00e9sentatifs, et ce bol est id\u00e9al pour les boutiques de cadeaux touristiques qui cherchent \u00e0 proposer des produits de qualit\u00e9 et une touche de tradition insulaire sur leurs \u00e9tag\u00e8res. Sans aucun doute, un souvenir qui captivera les touristes et les visiteurs \u00e0 la recherche d&rsquo;un souvenir sp\u00e9cial de leur passage \u00e0 Majorque.<\/p>\n","protected":false},"excerpt":{"rendered":"<p>Bol en noix de coco marron d\u00e9cor\u00e9 d&rsquo;un motif de tortue, inspir\u00e9 par la beaut\u00e9 de Majorque. Cette pi\u00e8ce unique, fabriqu\u00e9e artisanalement, pr\u00e9sente une mosa\u00efque de petits morceaux de coquillages aux tons doux qui brillent d\u00e9licatement. Au centre se d\u00e9tache la figure d&rsquo;une tortue \u00e0 c\u00f4t\u00e9 du texte \u00ab MALLORCA \u00bb, soulignant la culture locale. Avec sa finition naturelle, il est id\u00e9al aussi bien comme \u00e9l\u00e9ment d\u00e9coratif que pour un usage pratique.<\/p>\n","protected":false},"featured_media":10370,"template":"","meta":{"_acf_changed":false},"product_brand":[],"product_cat":[521],"product_tag":[530],"class_list":{"0":"post-29123","1":"product","2":"type-product","3":"status-publish","4":"has-post-thumbnail","6":"product_cat-bols","7":"product_tag-animaux","8":"pa_ciudad-mallorca","9":"pa_motivo-tortues","10":"pa_pais-espana","12":"first","13":"instock","14":"shipping-taxable","15":"product-type-simple"},"acf":[],"_links":{"self":[{"href":"https:\/\/olemosaic.com\/fr\/wp-json\/wp\/v2\/product\/29123","targetHints":{"allow":["GET"]}}],"collection":[{"href":"https:\/\/olemosaic.com\/fr\/wp-json\/wp\/v2\/product"}],"about":[{"href":"https:\/\/olemosaic.com\/fr\/wp-json\/wp\/v2\/types\/product"}],"wp:featuredmedia":[{"embeddable":true,"href":"https:\/\/olemosaic.com\/fr\/wp-json\/wp\/v2\/media\/10370"}],"wp:attachment":[{"href":"https:\/\/olemosaic.com\/fr\/wp-json\/wp\/v2\/media?parent=29123"}],"wp:term":[{"taxonomy":"product_brand","embeddable":true,"href":"https:\/\/olemosaic.com\/fr\/wp-json\/wp\/v2\/product_brand?post=29123"},{"taxonomy":"product_cat","embeddable":true,"href":"https:\/\/olemosaic.com\/fr\/wp-json\/wp\/v2\/product_cat?post=29123"},{"taxonomy":"product_tag","embeddable":true,"href":"https:\/\/olemosaic.com\/fr\/wp-json\/wp\/v2\/product_tag?post=29123"}],"curies":[{"name":"wp","href":"https:\/\/api.w.org\/{rel}","templated":true}]}}