{"id":29121,"date":"2025-02-20T23:30:43","date_gmt":"2025-02-20T22:30:43","guid":{"rendered":"http:\/\/olemosaic.com\/producto\/bol-de-coco-marron-delfin-barcelona-2\/"},"modified":"2025-07-25T19:56:37","modified_gmt":"2025-07-25T17:56:37","slug":"bol-noix-de-coco-marron-dauphin-barcelone-2","status":"publish","type":"product","link":"https:\/\/olemosaic.com\/fr\/produit\/bol-noix-de-coco-marron-dauphin-barcelone-2\/","title":{"rendered":"Bol en noix de coco marron. Dauphin. Barcelone."},"content":{"rendered":"<p>Ce bol en noix de coco marron est un charmant souvenir de Barcelone qui fusionne fonctionnalit\u00e9 et \u00e9l\u00e9gance en un seul objet. \u00c9labor\u00e9 avec une d\u00e9licate mosa\u00efque d\u00e9corative, le bol pr\u00e9sente deux dauphins dans une danse sereine, symbolisant la connexion avec les eaux de la M\u00e9diterran\u00e9e. La pi\u00e8ce se distingue par son design peint \u00e0 la main, avec des tons marrons et beiges qui \u00e9voquent la chaleur de la c\u00f4te catalane.<\/p>\n<p>Au centre du bol, le mot \u00ab\u00a0Barcelone\u00a0\u00bb s&rsquo;int\u00e8gre harmonieusement, offrant une touche d&rsquo;identit\u00e9 locale qui en fait un souvenir repr\u00e9sentatif de la culture vibrante de la ville. La technique de mosa\u00efque employ\u00e9e dans son design non seulement rehausse son attrait visuel, mais refl\u00e8te \u00e9galement le riche patrimoine artisanal de la r\u00e9gion.<\/p>\n<p>Ce bol n&rsquo;est pas seulement un objet d\u00e9coratif, mais aussi une excellente option fonctionnelle pour pr\u00e9senter des ap\u00e9ritifs ou comme centre de table. En tant que distributeurs de souvenirs en gros chez Ol\u00e9 Mosaic, nous proposons ce bol authentique et traditionnel, id\u00e9al pour les boutiques de cadeaux touristiques \u00e0 la recherche de produits ayant un lien culturel fort. Ce bol en noix de coco avec dauphins est, sans aucun doute, un excellent souvenir pour ceux qui souhaitent ramener un morceau de Barcelone chez eux.<\/p>\n","protected":false},"excerpt":{"rendered":"<p>Bol en noix de coco marron \u00e9labor\u00e9 avec une d\u00e9licate mosa\u00efque d\u00e9corative montrant deux dauphins dans une danse sereine. Ce souvenir attrayant de Barcelone se distingue par son design artisanal, peint \u00e0 la main, qui combine des tons marrons et beiges \u00e9voquant les eaux m\u00e9diterran\u00e9ennes. Au centre, le mot \u00ab\u00a0Barcelone\u00a0\u00bb s&rsquo;int\u00e8gre harmonieusement, faisant de ce bol un objet fonctionnel et d\u00e9coratif, parfait pour se souvenir des moments sp\u00e9ciaux de la ville.<\/p>\n","protected":false},"featured_media":10366,"template":"","meta":{"_acf_changed":false},"product_brand":[],"product_cat":[521],"product_tag":[530],"class_list":{"0":"post-29121","1":"product","2":"type-product","3":"status-publish","4":"has-post-thumbnail","6":"product_cat-bols","7":"product_tag-animaux","8":"pa_ciudad-barcelona","9":"pa_motivo-dauphins","10":"pa_pais-espana","12":"first","13":"instock","14":"shipping-taxable","15":"product-type-simple"},"acf":[],"_links":{"self":[{"href":"https:\/\/olemosaic.com\/fr\/wp-json\/wp\/v2\/product\/29121","targetHints":{"allow":["GET"]}}],"collection":[{"href":"https:\/\/olemosaic.com\/fr\/wp-json\/wp\/v2\/product"}],"about":[{"href":"https:\/\/olemosaic.com\/fr\/wp-json\/wp\/v2\/types\/product"}],"wp:featuredmedia":[{"embeddable":true,"href":"https:\/\/olemosaic.com\/fr\/wp-json\/wp\/v2\/media\/10366"}],"wp:attachment":[{"href":"https:\/\/olemosaic.com\/fr\/wp-json\/wp\/v2\/media?parent=29121"}],"wp:term":[{"taxonomy":"product_brand","embeddable":true,"href":"https:\/\/olemosaic.com\/fr\/wp-json\/wp\/v2\/product_brand?post=29121"},{"taxonomy":"product_cat","embeddable":true,"href":"https:\/\/olemosaic.com\/fr\/wp-json\/wp\/v2\/product_cat?post=29121"},{"taxonomy":"product_tag","embeddable":true,"href":"https:\/\/olemosaic.com\/fr\/wp-json\/wp\/v2\/product_tag?post=29121"}],"curies":[{"name":"wp","href":"https:\/\/api.w.org\/{rel}","templated":true}]}}