{"id":29118,"date":"2025-02-20T23:30:42","date_gmt":"2025-02-20T22:30:42","guid":{"rendered":"http:\/\/olemosaic.com\/producto\/bol-de-coco-marron-caballito-de-mar-barcelona-2\/"},"modified":"2025-07-25T19:21:46","modified_gmt":"2025-07-25T17:21:46","slug":"bol-noix-de-coco-marron-hippocampe-barcelone-2","status":"publish","type":"product","link":"https:\/\/olemosaic.com\/fr\/produit\/bol-noix-de-coco-marron-hippocampe-barcelone-2\/","title":{"rendered":"Bol en noix de coco marron. Hippocampe. Barcelone. Style rustique."},"content":{"rendered":"<p>Ce bol en noix de coco marron est un souvenir embl\u00e9matique de Barcelone qui fusionne l&rsquo;artisanat traditionnel avec une touche moderne et artistique. Son design charmant pr\u00e9sente un hippocampe, symbole de la beaut\u00e9 marine qui baigne la cit\u00e9 comtale. La finition \u00e9l\u00e9gante du bol, avec une texture imitant les formes naturelles de la noix de coco, apporte une sensation organique et authentique \u00e0 cette pi\u00e8ce d\u00e9corative. La gravure dor\u00e9e du nom \u00ab\u00a0Barcelone\u00a0\u00bb cr\u00e9e un contraste visuel saisissant sur le fond marron, rehaussant la sophistication et le soin apport\u00e9 aux d\u00e9tails. Ce bol n&rsquo;est pas seulement un objet d\u00e9coratif, mais aussi un pr\u00e9cieux souvenir de la riche culture m\u00e9diterran\u00e9enne. Le lien avec Barcelone se manifeste non seulement dans son design, mais aussi dans la symbiose entre l&rsquo;art et la nature qui d\u00e9finit la ville. Les touristes \u00e0 la recherche de souvenirs authentiques trouveront dans ce bol en noix de coco une excellente option pour emporter un petit morceau de l&rsquo;essence de Barcelone. Chez Ol\u00e9 Mosaic, en tant que distributeurs de souvenirs en gros, nous proposons des produits qui repr\u00e9sentent la diversit\u00e9 culturelle et le style unique de chaque r\u00e9gion d&rsquo;Espagne, faisant de ce bol un choix id\u00e9al pour les boutiques de cadeaux touristiques souhaitant offrir des articles de qualit\u00e9 et pertinents.<\/p>\n","protected":false},"excerpt":{"rendered":"<p>Bol en noix de coco marron avec un design charmant d&rsquo;hippocampe, inspir\u00e9 par l&rsquo;essence de Barcelone. Ce souvenir attrayant pr\u00e9sente une finition \u00e9l\u00e9gante avec des motifs d\u00e9coratifs imitant des textures naturelles. La pi\u00e8ce se distingue par sa gravure dor\u00e9e qui met en valeur le nom \u00ab\u00a0Barcelone\u00a0\u00bb, cr\u00e9ant un contraste visuel saisissant sur le fond marron de la noix de coco. Id\u00e9al pour ajouter une touche artistique et culturelle \u00e0 n&rsquo;importe quel espace.<\/p>\n","protected":false},"featured_media":10142,"template":"","meta":{"_acf_changed":false},"product_brand":[],"product_cat":[521],"product_tag":[530],"class_list":{"0":"post-29118","1":"product","2":"type-product","3":"status-publish","4":"has-post-thumbnail","6":"product_cat-bols","7":"product_tag-animaux","8":"pa_ciudad-barcelona","9":"pa_motivo-hippocampes","10":"pa_pais-espana","12":"first","13":"instock","14":"shipping-taxable","15":"product-type-simple"},"acf":[],"_links":{"self":[{"href":"https:\/\/olemosaic.com\/fr\/wp-json\/wp\/v2\/product\/29118","targetHints":{"allow":["GET"]}}],"collection":[{"href":"https:\/\/olemosaic.com\/fr\/wp-json\/wp\/v2\/product"}],"about":[{"href":"https:\/\/olemosaic.com\/fr\/wp-json\/wp\/v2\/types\/product"}],"wp:featuredmedia":[{"embeddable":true,"href":"https:\/\/olemosaic.com\/fr\/wp-json\/wp\/v2\/media\/10142"}],"wp:attachment":[{"href":"https:\/\/olemosaic.com\/fr\/wp-json\/wp\/v2\/media?parent=29118"}],"wp:term":[{"taxonomy":"product_brand","embeddable":true,"href":"https:\/\/olemosaic.com\/fr\/wp-json\/wp\/v2\/product_brand?post=29118"},{"taxonomy":"product_cat","embeddable":true,"href":"https:\/\/olemosaic.com\/fr\/wp-json\/wp\/v2\/product_cat?post=29118"},{"taxonomy":"product_tag","embeddable":true,"href":"https:\/\/olemosaic.com\/fr\/wp-json\/wp\/v2\/product_tag?post=29118"}],"curies":[{"name":"wp","href":"https:\/\/api.w.org\/{rel}","templated":true}]}}