{"id":29100,"date":"2025-02-20T22:30:42","date_gmt":"2025-02-20T22:30:42","guid":{"rendered":"http:\/\/olemosaic.com\/producto\/bol-de-coco-marron-sagrada-familia-barcelona\/"},"modified":"2025-07-25T18:52:16","modified_gmt":"2025-07-25T16:52:16","slug":"bol-noix-de-coco-marron-sagrada-familia-barcelone","status":"publish","type":"product","link":"https:\/\/olemosaic.com\/fr\/produit\/bol-noix-de-coco-marron-sagrada-familia-barcelone\/","title":{"rendered":"Bol en noix de coco marron. Sagrada Familia. Barcelone."},"content":{"rendered":"<p>Ce bol en noix de coco marron est un accessoire d\u00e9coratif qui fusionne l&rsquo;\u00e9l\u00e9gance artisanale avec l&rsquo;architecture embl\u00e9matique de la Sagrada Familia de Barcelone. Fabriqu\u00e9 \u00e0 la main, son ext\u00e9rieur robuste contraste parfaitement avec l&rsquo;int\u00e9rieur dor\u00e9 luxueux, qui pr\u00e9sente une texture unique capable de r\u00e9fl\u00e9chir la lumi\u00e8re de mani\u00e8re spectaculaire. Le design soigneusement \u00e9labor\u00e9 du bol comprend au centre une gravure de la majestueuse basilique, accompagn\u00e9e du nom \u00ab\u00a0Barcelone\u00a0\u00bb, ce qui en fait un authentique souvenir qui capture l&rsquo;essence de cette ville vibrante.<\/p>\n<p>Le bol n&rsquo;est pas seulement fonctionnel, il sert \u00e9galement de pi\u00e8ce d\u00e9corative qui ajoute une touche chic \u00e0 n&rsquo;importe quel environnement, que ce soit \u00e0 la maison, dans un magasin ou dans un h\u00f4tel. La Sagrada Familia, chef-d&rsquo;\u0153uvre de l&rsquo;architecte Antoni Gaud\u00ed, symbolise le riche h\u00e9ritage culturel de Barcelone, et ce bol est un rappel tangible de sa magie et de sa singularit\u00e9. Id\u00e9al comme cadeau ou souvenir, ce souvenir transcende le simple objet d\u00e9coratif pour devenir un lien avec la culture catalane.<\/p>\n<p>Chez Ol\u00e9 Mosaic, nous sommes sp\u00e9cialis\u00e9s dans la distribution en gros de souvenirs authentiques et repr\u00e9sentatifs. Ce bol en noix de coco ne se distingue pas seulement par son design attrayant, mais constitue \u00e9galement une excellente option pour les boutiques de cadeaux touristiques qui cherchent \u00e0 offrir \u00e0 leurs clients des produits de qualit\u00e9 refl\u00e9tant l&rsquo;essence de Barcelone. En tant que grossistes de souvenirs, nous garantissons l&rsquo;authenticit\u00e9 et la tradition de chaque pi\u00e8ce.<\/p>\n","protected":false},"excerpt":{"rendered":"<p>Bol en noix de coco marron avec un design \u00e9l\u00e9gant inspir\u00e9 de la Sagrada Familia de Barcelone. Cet accessoire d\u00e9coratif, \u00e9labor\u00e9 artisanalement, se distingue par son int\u00e9rieur dor\u00e9 avec une texture unique qui r\u00e9fl\u00e9chit la lumi\u00e8re. Au centre, une gravure de l&#8217;embl\u00e9matique basilique est accompagn\u00e9e du nom \u00ab\u00a0Barcelone\u00a0\u00bb. Un beau souvenir qui capture l&rsquo;essence de la ville et ajoute une touche chic \u00e0 n&rsquo;importe quel espace.<\/p>\n","protected":false},"featured_media":13412,"template":"","meta":{"_acf_changed":false},"product_brand":[],"product_cat":[521],"product_tag":[],"class_list":{"0":"post-29100","1":"product","2":"type-product","3":"status-publish","4":"has-post-thumbnail","6":"product_cat-bols","7":"pa_ciudad-barcelona","8":"pa_motivo-sagrada-familia","9":"pa_pais-espana","11":"first","12":"instock","13":"shipping-taxable","14":"product-type-simple"},"acf":[],"_links":{"self":[{"href":"https:\/\/olemosaic.com\/fr\/wp-json\/wp\/v2\/product\/29100","targetHints":{"allow":["GET"]}}],"collection":[{"href":"https:\/\/olemosaic.com\/fr\/wp-json\/wp\/v2\/product"}],"about":[{"href":"https:\/\/olemosaic.com\/fr\/wp-json\/wp\/v2\/types\/product"}],"wp:featuredmedia":[{"embeddable":true,"href":"https:\/\/olemosaic.com\/fr\/wp-json\/wp\/v2\/media\/13412"}],"wp:attachment":[{"href":"https:\/\/olemosaic.com\/fr\/wp-json\/wp\/v2\/media?parent=29100"}],"wp:term":[{"taxonomy":"product_brand","embeddable":true,"href":"https:\/\/olemosaic.com\/fr\/wp-json\/wp\/v2\/product_brand?post=29100"},{"taxonomy":"product_cat","embeddable":true,"href":"https:\/\/olemosaic.com\/fr\/wp-json\/wp\/v2\/product_cat?post=29100"},{"taxonomy":"product_tag","embeddable":true,"href":"https:\/\/olemosaic.com\/fr\/wp-json\/wp\/v2\/product_tag?post=29100"}],"curies":[{"name":"wp","href":"https:\/\/api.w.org\/{rel}","templated":true}]}}