{"id":29099,"date":"2025-02-20T23:30:42","date_gmt":"2025-02-20T22:30:42","guid":{"rendered":"http:\/\/olemosaic.com\/producto\/bol-de-coco-marron-caballito-de-mar-2\/"},"modified":"2025-07-25T20:11:06","modified_gmt":"2025-07-25T18:11:06","slug":"bol-noix-de-coco-marron-hippocampe-2","status":"publish","type":"product","link":"https:\/\/olemosaic.com\/fr\/produit\/bol-noix-de-coco-marron-hippocampe-2\/","title":{"rendered":"Bol en noix de coco marron. Hippocampe. Style rustique."},"content":{"rendered":"<p>Ce bol en noix de coco marron d\u00e9cor\u00e9 est une pi\u00e8ce unique qui capture l&rsquo;essence de l&rsquo;environnement marin, id\u00e9al pour ceux qui recherchent un souvenir authentique et repr\u00e9sentatif de la culture c\u00f4ti\u00e8re. Son design se distingue par une mosa\u00efque d\u00e9licate dans les tons beige et marron qui imite les douces vagues de l&rsquo;oc\u00e9an, cr\u00e9ant un effet visuel qui \u00e9voque la tranquillit\u00e9 de la plage. Au centre du bol se trouve un charmant hippocampe sculpt\u00e9, symbole de la vie marine, qui apporte une touche distinctive et artisanale \u00e0 cette pi\u00e8ce d\u00e9corative. Le contraste entre la texture naturelle de la noix de coco et les finitions de la mosa\u00efque rehausse son esth\u00e9tique, en faisant un article \u00e0 la fois fonctionnel et d\u00e9coratif. Parfait pour servir des ap\u00e9ritifs ou comme \u00e9l\u00e9ment d\u00e9coratif dans n&rsquo;importe quelle maison, ce bol souligne la riche tradition artisanale de la r\u00e9gion c\u00f4ti\u00e8re espagnole. Chez Ol\u00e9 Mosaic, nous sommes sp\u00e9cialis\u00e9s dans la distribution de souvenirs en gros, et ce bol en noix de coco est une excellente option pour les boutiques de cadeaux touristiques \u00e0 la recherche de produits authentiques et de qualit\u00e9. Ce souvenir n&rsquo;orne pas seulement n&rsquo;importe quel espace, mais raconte aussi une histoire riche en culture et en tradition, \u00e9tant le cadeau parfait pour ceux qui appr\u00e9cient l&rsquo;authentique.<\/p>\n","protected":false},"excerpt":{"rendered":"<p>Bol en noix de coco marron d\u00e9cor\u00e9 d&rsquo;une d\u00e9licate mosa\u00efque dans les tons beige et marron, \u00e9voquant la beaut\u00e9 de l&rsquo;environnement marin. Au centre, un hippocampe sculpt\u00e9 se distingue, un d\u00e9tail distinctif de cet article. Parfait comme \u00e9l\u00e9ment d\u00e9coratif ou pour servir des ap\u00e9ritifs, ce bol combine la richesse naturelle de la noix de coco avec un design artisanal. Id\u00e9al pour ceux qui recherchent une pi\u00e8ce unique et repr\u00e9sentative de la culture c\u00f4ti\u00e8re.<\/p>\n","protected":false},"featured_media":10286,"template":"","meta":{"_acf_changed":false},"product_brand":[],"product_cat":[521],"product_tag":[530],"class_list":{"0":"post-29099","1":"product","2":"type-product","3":"status-publish","4":"has-post-thumbnail","6":"product_cat-bols","7":"product_tag-animaux","8":"pa_motivo-hippocampes","10":"first","11":"instock","12":"shipping-taxable","13":"product-type-simple"},"acf":[],"_links":{"self":[{"href":"https:\/\/olemosaic.com\/fr\/wp-json\/wp\/v2\/product\/29099","targetHints":{"allow":["GET"]}}],"collection":[{"href":"https:\/\/olemosaic.com\/fr\/wp-json\/wp\/v2\/product"}],"about":[{"href":"https:\/\/olemosaic.com\/fr\/wp-json\/wp\/v2\/types\/product"}],"wp:featuredmedia":[{"embeddable":true,"href":"https:\/\/olemosaic.com\/fr\/wp-json\/wp\/v2\/media\/10286"}],"wp:attachment":[{"href":"https:\/\/olemosaic.com\/fr\/wp-json\/wp\/v2\/media?parent=29099"}],"wp:term":[{"taxonomy":"product_brand","embeddable":true,"href":"https:\/\/olemosaic.com\/fr\/wp-json\/wp\/v2\/product_brand?post=29099"},{"taxonomy":"product_cat","embeddable":true,"href":"https:\/\/olemosaic.com\/fr\/wp-json\/wp\/v2\/product_cat?post=29099"},{"taxonomy":"product_tag","embeddable":true,"href":"https:\/\/olemosaic.com\/fr\/wp-json\/wp\/v2\/product_tag?post=29099"}],"curies":[{"name":"wp","href":"https:\/\/api.w.org\/{rel}","templated":true}]}}