{"id":29084,"date":"2025-02-20T23:30:41","date_gmt":"2025-02-20T22:30:41","guid":{"rendered":"http:\/\/olemosaic.com\/producto\/bol-de-coco-marron-tortuga-gran-canaria-2\/"},"modified":"2025-07-25T19:42:05","modified_gmt":"2025-07-25T17:42:05","slug":"bol-noix-de-coco-marron-tortue-grande-canarie-fr","status":"publish","type":"product","link":"https:\/\/olemosaic.com\/fr\/produit\/bol-noix-de-coco-marron-tortue-grande-canarie-fr\/","title":{"rendered":"Bol en noix de coco marron. Tortue. Grande Canarie. Style rustique."},"content":{"rendered":"<p>Ce bol en noix de coco marron d\u00e9cor\u00e9 d&rsquo;une tortue est un exemple exquis de l&rsquo;art artisanal de la Grande Canarie, capturant l&rsquo;essence de la riche culture canarienne. Son design complexe, avec des tons marron profond et des d\u00e9tails dor\u00e9s, simule avec d\u00e9licatesse la carapace d&rsquo;une tortue, un symbole significatif dans la tradition insulaire qui \u00e9voque la connexion avec la nature et la vie marine.<\/p>\n<p>Au centre du bol se d\u00e9tache l&rsquo;inscription \u00ab\u00a0Gran Canaria\u00a0\u00bb, un sceau distinctif qui renforce son authenticit\u00e9 en tant que souvenir repr\u00e9sentatif de l&rsquo;\u00eele. La surface du bol pr\u00e9sente un motif \u00e9l\u00e9gant, cr\u00e9ant une texture visuellement attrayante qui invite \u00e0 l&rsquo;admiration. Gr\u00e2ce \u00e0 sa polyvalence, ce bol n&rsquo;est pas seulement id\u00e9al comme objet d\u00e9coratif, mais peut \u00e9galement \u00eatre utilis\u00e9 de mani\u00e8re fonctionnelle, ajoutant une touche unique \u00e0 n&rsquo;importe quel int\u00e9rieur.<\/p>\n<p>Ce souvenir est une excellente option pour les touristes qui souhaitent emporter un morceau de la culture canarienne, refl\u00e9tant la beaut\u00e9 naturelle et la richesse artisanale de la Grande Canarie. Chez Ol\u00e9 Mosaic, nous sommes des distributeurs de souvenirs en gros, offrant des produits authentiques qui c\u00e9l\u00e8brent les traditions locales. Ce bol en noix de coco marron est un choix parfait pour les magasins de cadeaux touristiques qui cherchent \u00e0 offrir des souvenirs authentiques et de qualit\u00e9 des \u00eeles Canaries.<\/p>\n","protected":false},"excerpt":{"rendered":"<p>Bol en noix de coco marron d\u00e9cor\u00e9 d&rsquo;une tortue, un exemple du style artisanal de la Grande Canarie. Ce bol \u00e9l\u00e9gant pr\u00e9sente un design complexe avec des couleurs marron et des d\u00e9tails dor\u00e9s qui simulent la carapace de la tortue. Au centre, l&rsquo;inscription \u00ab\u00a0Gran Canaria\u00a0\u00bb ajoute une touche distinctive et repr\u00e9sentative de l&rsquo;\u00eele. Id\u00e9al aussi bien pour la d\u00e9coration que pour un usage fonctionnel, c&rsquo;est un souvenir parfait qui refl\u00e8te la beaut\u00e9 culturelle des \u00eeles Canaries.<\/p>\n","protected":false},"featured_media":10162,"template":"","meta":{"_acf_changed":false},"product_brand":[],"product_cat":[521],"product_tag":[530],"class_list":{"0":"post-29084","1":"product","2":"type-product","3":"status-publish","4":"has-post-thumbnail","6":"product_cat-bols","7":"product_tag-animaux","8":"pa_ciudad-gran-canaria","9":"pa_motivo-tortues","10":"pa_pais-espana","12":"first","13":"instock","14":"shipping-taxable","15":"product-type-simple"},"acf":[],"_links":{"self":[{"href":"https:\/\/olemosaic.com\/fr\/wp-json\/wp\/v2\/product\/29084","targetHints":{"allow":["GET"]}}],"collection":[{"href":"https:\/\/olemosaic.com\/fr\/wp-json\/wp\/v2\/product"}],"about":[{"href":"https:\/\/olemosaic.com\/fr\/wp-json\/wp\/v2\/types\/product"}],"wp:featuredmedia":[{"embeddable":true,"href":"https:\/\/olemosaic.com\/fr\/wp-json\/wp\/v2\/media\/10162"}],"wp:attachment":[{"href":"https:\/\/olemosaic.com\/fr\/wp-json\/wp\/v2\/media?parent=29084"}],"wp:term":[{"taxonomy":"product_brand","embeddable":true,"href":"https:\/\/olemosaic.com\/fr\/wp-json\/wp\/v2\/product_brand?post=29084"},{"taxonomy":"product_cat","embeddable":true,"href":"https:\/\/olemosaic.com\/fr\/wp-json\/wp\/v2\/product_cat?post=29084"},{"taxonomy":"product_tag","embeddable":true,"href":"https:\/\/olemosaic.com\/fr\/wp-json\/wp\/v2\/product_tag?post=29084"}],"curies":[{"name":"wp","href":"https:\/\/api.w.org\/{rel}","templated":true}]}}