{"id":29071,"date":"2025-02-20T23:30:40","date_gmt":"2025-02-20T22:30:40","guid":{"rendered":"http:\/\/olemosaic.com\/producto\/bol-de-coco-marron-caballito-de-mar-gran-canaria\/"},"modified":"2025-07-25T20:22:21","modified_gmt":"2025-07-25T18:22:21","slug":"bol-noix-de-coco-marron-hippocampe-grande-canarie","status":"publish","type":"product","link":"https:\/\/olemosaic.com\/fr\/produit\/bol-noix-de-coco-marron-hippocampe-grande-canarie\/","title":{"rendered":"Bol en noix de coco marron. Hippocampe. Grande Canarie."},"content":{"rendered":"<p>Ce bol en noix de coco marron, d\u00e9cor\u00e9 d&rsquo;une mosa\u00efque exquise illustrant deux hippocampes, repr\u00e9sente la richesse culturelle de la Grande Canarie. De conception artisanale, ce souvenir authentique capture l&rsquo;essence de l&rsquo;oc\u00e9an qui entoure les \u00eeles, montrant une symbiose parfaite entre la nature et l&rsquo;artisanat local. Les hippocampes, qui symbolisent la tendresse et la beaut\u00e9, sont m\u00e9ticuleusement con\u00e7us avec des tons dor\u00e9s et marron qui brillent doucement sous la lumi\u00e8re, tandis que la mosa\u00efque, avec ses irisations naturelles, ajoute une dimension artistique captivante.<\/p>\n<p>L&rsquo;int\u00e9rieur du bol est orn\u00e9 de fragments \u00e9voquant la diversit\u00e9 de la flore marine des Canaries, g\u00e9n\u00e9rant un effet visuel \u00e0 la fois d\u00e9coratif et \u00e9vocateur. Id\u00e9al comme pi\u00e8ce de d\u00e9coration dans n&rsquo;importe quelle maison, ce bol n&rsquo;est pas seulement fonctionnel, il agit \u00e9galement comme un rappel tangible de la culture et du paysage canarien. Chez Ol\u00e9 Mosaic, nous nous sp\u00e9cialisons dans la distribution de souvenirs en gros. Cet \u00e9l\u00e9gant souvenir de la Grande Canarie est une excellente option pour les boutiques de cadeaux touristiques recherchant des produits authentiques avec une signification culturelle. En int\u00e9grant ce bol en noix de coco \u00e0 votre catalogue, vous offrirez \u00e0 vos clients une connexion directe avec la beaut\u00e9 des \u00eeles Canaries, transformant chaque achat en une exp\u00e9rience m\u00e9morable.<\/p>\n","protected":false},"excerpt":{"rendered":"<p>Bol en noix de coco marron d\u00e9cor\u00e9 d&rsquo;une mosa\u00efque repr\u00e9sentant deux hippocampes, un motif caract\u00e9ristique de la Grande Canarie. Ce souvenir original exalte la culture canarienne \u00e0 travers son design \u00e9labor\u00e9, combinant des tons marron et dor\u00e9s dans une finition brillante. La technique de la mosa\u00efque lui donne une touche distinctive et artisanale, en faisant une pi\u00e8ce d\u00e9corative id\u00e9ale pour n&rsquo;importe quelle maison ou comme cadeau symbolique des \u00eeles Canaries.<\/p>\n","protected":false},"featured_media":10350,"template":"","meta":{"_acf_changed":false},"product_brand":[],"product_cat":[521],"product_tag":[530],"class_list":{"0":"post-29071","1":"product","2":"type-product","3":"status-publish","4":"has-post-thumbnail","6":"product_cat-bols","7":"product_tag-animaux","8":"pa_ciudad-gran-canaria","9":"pa_motivo-hippocampes","10":"pa_pais-espana","12":"first","13":"instock","14":"shipping-taxable","15":"product-type-simple"},"acf":[],"_links":{"self":[{"href":"https:\/\/olemosaic.com\/fr\/wp-json\/wp\/v2\/product\/29071","targetHints":{"allow":["GET"]}}],"collection":[{"href":"https:\/\/olemosaic.com\/fr\/wp-json\/wp\/v2\/product"}],"about":[{"href":"https:\/\/olemosaic.com\/fr\/wp-json\/wp\/v2\/types\/product"}],"wp:featuredmedia":[{"embeddable":true,"href":"https:\/\/olemosaic.com\/fr\/wp-json\/wp\/v2\/media\/10350"}],"wp:attachment":[{"href":"https:\/\/olemosaic.com\/fr\/wp-json\/wp\/v2\/media?parent=29071"}],"wp:term":[{"taxonomy":"product_brand","embeddable":true,"href":"https:\/\/olemosaic.com\/fr\/wp-json\/wp\/v2\/product_brand?post=29071"},{"taxonomy":"product_cat","embeddable":true,"href":"https:\/\/olemosaic.com\/fr\/wp-json\/wp\/v2\/product_cat?post=29071"},{"taxonomy":"product_tag","embeddable":true,"href":"https:\/\/olemosaic.com\/fr\/wp-json\/wp\/v2\/product_tag?post=29071"}],"curies":[{"name":"wp","href":"https:\/\/api.w.org\/{rel}","templated":true}]}}