{"id":29070,"date":"2025-02-20T23:30:40","date_gmt":"2025-02-20T22:30:40","guid":{"rendered":"http:\/\/olemosaic.com\/producto\/bol-de-coco-marron-tortuga-barcelona-2\/"},"modified":"2025-07-25T19:33:02","modified_gmt":"2025-07-25T17:33:02","slug":"bol-noix-de-coco-marron-tortue-barcelone","status":"publish","type":"product","link":"https:\/\/olemosaic.com\/fr\/produit\/bol-noix-de-coco-marron-tortue-barcelone\/","title":{"rendered":"Bol en noix de coco marron. Tortue. Mosa\u00efque. Barcelone."},"content":{"rendered":"<p>Ce bol en noix de coco marron, d\u00e9cor\u00e9 d&rsquo;un charmant motif de tortue, est un souvenir exquis de Barcelone, parfait pour ceux qui recherchent une touche m\u00e9diterran\u00e9enne dans leur maison. La pi\u00e8ce, \u00e9labor\u00e9e avec une technique de mosa\u00efque, pr\u00e9sente des fragments dans des tons marron et dor\u00e9s qui soulignent sa beaut\u00e9 naturelle et cr\u00e9ent une texture visuellement attrayante. Au centre du bol, on peut voir l&rsquo;image d&rsquo;une tortue, symbole de long\u00e9vit\u00e9 et de sagesse, accompagn\u00e9e du texte \u00ab\u00a0Barcelona\u00a0\u00bb, qui brille avec une finition claire, rehaussant la pr\u00e9sence de cette ville embl\u00e9matique.<\/p>\n<p>Chaque bol refl\u00e8te l&rsquo;artisanat local authentique, capturant l&rsquo;essence de Barcelone \u00e0 travers ses \u00e9l\u00e9ments d\u00e9coratifs. Son design en fait non seulement un objet d\u00e9coratif, mais aussi un ustensile fonctionnel qui peut \u00eatre utilis\u00e9 pour servir des ap\u00e9ritifs ou comme centre de table, apportant un air sophistiqu\u00e9 et m\u00e9diterran\u00e9en \u00e0 n&rsquo;importe quel environnement.<\/p>\n<p>Chez Ol\u00e9 Mosaic, nous nous consacrons \u00e0 la distribution de souvenirs en gros, garantissant des produits qui c\u00e9l\u00e8brent la culture et l&rsquo;esth\u00e9tique de leurs origines. Ce bol en noix de coco est une d\u00e9cision intelligente pour les boutiques de cadeaux touristiques, offrant un souvenir authentique qui connecte les visiteurs \u00e0 la riche tradition de Barcelone. Id\u00e9al pour ceux qui souhaitent emporter un souvenir significatif de leur voyage, ce bol se distingue par sa qualit\u00e9 et sa singularit\u00e9, devenant un cadeau charmant et m\u00e9morable.<\/p>\n","protected":false},"excerpt":{"rendered":"<p>Bol en noix de coco marron d\u00e9cor\u00e9 d&rsquo;un charmant motif de tortue, inspir\u00e9 par la ville de Barcelone. Ce bol attrayant pr\u00e9sente une technique de mosa\u00efque, avec des fragments dans des tons marron et dor\u00e9s qui rehaussent sa beaut\u00e9. Au centre, l&rsquo;image d&rsquo;une tortue se d\u00e9tache, accompagn\u00e9e du texte \u00ab\u00a0Barcelona\u00a0\u00bb dans une finition claire et frappante. Id\u00e9al pour un usage d\u00e9coratif et fonctionnel, apportant une touche m\u00e9diterran\u00e9enne \u00e0 n&rsquo;importe quel espace.<\/p>\n","protected":false},"featured_media":10378,"template":"","meta":{"_acf_changed":false},"product_brand":[],"product_cat":[521],"product_tag":[530],"class_list":{"0":"post-29070","1":"product","2":"type-product","3":"status-publish","4":"has-post-thumbnail","6":"product_cat-bols","7":"product_tag-animaux","8":"pa_ciudad-barcelona","9":"pa_motivo-tortues","10":"pa_pais-espana","12":"first","13":"instock","14":"shipping-taxable","15":"product-type-simple"},"acf":[],"_links":{"self":[{"href":"https:\/\/olemosaic.com\/fr\/wp-json\/wp\/v2\/product\/29070","targetHints":{"allow":["GET"]}}],"collection":[{"href":"https:\/\/olemosaic.com\/fr\/wp-json\/wp\/v2\/product"}],"about":[{"href":"https:\/\/olemosaic.com\/fr\/wp-json\/wp\/v2\/types\/product"}],"wp:featuredmedia":[{"embeddable":true,"href":"https:\/\/olemosaic.com\/fr\/wp-json\/wp\/v2\/media\/10378"}],"wp:attachment":[{"href":"https:\/\/olemosaic.com\/fr\/wp-json\/wp\/v2\/media?parent=29070"}],"wp:term":[{"taxonomy":"product_brand","embeddable":true,"href":"https:\/\/olemosaic.com\/fr\/wp-json\/wp\/v2\/product_brand?post=29070"},{"taxonomy":"product_cat","embeddable":true,"href":"https:\/\/olemosaic.com\/fr\/wp-json\/wp\/v2\/product_cat?post=29070"},{"taxonomy":"product_tag","embeddable":true,"href":"https:\/\/olemosaic.com\/fr\/wp-json\/wp\/v2\/product_tag?post=29070"}],"curies":[{"name":"wp","href":"https:\/\/api.w.org\/{rel}","templated":true}]}}