{"id":29064,"date":"2025-02-20T22:30:39","date_gmt":"2025-02-20T22:30:39","guid":{"rendered":"http:\/\/olemosaic.com\/producto\/bol-de-coco-marron-abanico\/"},"modified":"2025-07-25T18:33:30","modified_gmt":"2025-07-25T16:33:30","slug":"bol-noix-de-coco-marron-eventail","status":"publish","type":"product","link":"https:\/\/olemosaic.com\/fr\/produit\/bol-noix-de-coco-marron-eventail\/","title":{"rendered":"Bol en noix de coco marron. \u00c9ventail."},"content":{"rendered":"<p>Ce bol en noix de coco marron, d\u00e9cor\u00e9 d&rsquo;une d\u00e9licate mosa\u00efque aux tons chauds, est un chef-d&rsquo;\u0153uvre qui \u00e9voque la riche essence de l&rsquo;art andalou. Avec un design inspir\u00e9 par la forme d&rsquo;un coquillage, ce bol n&rsquo;est pas seulement pratique pour servir des ap\u00e9ritifs, mais aussi un \u00e9l\u00e9ment d\u00e9coratif \u00e9l\u00e9gant qui rehausse n&rsquo;importe quelle ambiance. Les d\u00e9tails en nacre, qui refl\u00e8tent la lumi\u00e8re de mani\u00e8re subtile, apportent une touche brillante et sophistiqu\u00e9e, faisant de chaque pi\u00e8ce un v\u00e9ritable objet d&rsquo;admiration. Sa forme arrondie et ses couleurs chaudes, allant des beiges doux aux marrons intenses, jouent en parfaite harmonie, cr\u00e9ant un effet visuel captivant et attrayant.<\/p>\n<p>L&rsquo;attention port\u00e9e aux d\u00e9tails et la technique artisanale utilis\u00e9e dans sa fabrication soulignent la tradition de la c\u00e9ramique andalouse, transformant ce bol en un authentique souvenir de la r\u00e9gion. Sa connexion culturelle est \u00e9vidente, car l&rsquo;Andalousie est connue pour son riche h\u00e9ritage artistique et son savoir-faire dans la production de c\u00e9ramique. Ce bol repr\u00e9sente l&rsquo;histoire et l&rsquo;engagement envers la qualit\u00e9 qui caract\u00e9risent l&rsquo;artisanat andalou. Chez Ol\u00e9 Mosaic, nous sommes fiers d&rsquo;\u00eatre des distributeurs de souvenirs authentiques, et ce bol est une excellente option pour les boutiques de cadeaux touristiques qui cherchent \u00e0 proposer des produits repr\u00e9sentatifs et de qualit\u00e9. C&rsquo;est sans aucun doute un choix parfait pour les touristes qui cherchent \u00e0 emporter un morceau de l&rsquo;essence andalouse chez eux.<\/p>\n","protected":false},"excerpt":{"rendered":"<p>Bol en noix de coco marron d\u00e9cor\u00e9 d&rsquo;une mosa\u00efque aux tons chauds \u00e9voquant l&rsquo;essence de l&rsquo;art andalou. Ce bol \u00e9l\u00e9gant pr\u00e9sente un design inspir\u00e9 d&rsquo;un coquillage, avec des \u00e9l\u00e9ments nacr\u00e9s qui refl\u00e8tent la lumi\u00e8re et lui donnent une touche brillante. Chaque pi\u00e8ce est soigneusement \u00e9labor\u00e9e, montrant la technique artisanale et l&rsquo;attention port\u00e9e aux d\u00e9tails ; il est id\u00e9al pour servir des ap\u00e9ritifs ou comme \u00e9l\u00e9ment d\u00e9coratif dans n&rsquo;importe quel foyer. Sa forme arrondie et ses couleurs chaudes en font un objet distinctif et attrayant.<\/p>\n","protected":false},"featured_media":10306,"template":"","meta":{"_acf_changed":false},"product_brand":[],"product_cat":[521],"product_tag":[],"class_list":{"0":"post-29064","1":"product","2":"type-product","3":"status-publish","4":"has-post-thumbnail","6":"product_cat-bols","8":"first","9":"instock","10":"shipping-taxable","11":"product-type-simple"},"acf":[],"_links":{"self":[{"href":"https:\/\/olemosaic.com\/fr\/wp-json\/wp\/v2\/product\/29064","targetHints":{"allow":["GET"]}}],"collection":[{"href":"https:\/\/olemosaic.com\/fr\/wp-json\/wp\/v2\/product"}],"about":[{"href":"https:\/\/olemosaic.com\/fr\/wp-json\/wp\/v2\/types\/product"}],"wp:featuredmedia":[{"embeddable":true,"href":"https:\/\/olemosaic.com\/fr\/wp-json\/wp\/v2\/media\/10306"}],"wp:attachment":[{"href":"https:\/\/olemosaic.com\/fr\/wp-json\/wp\/v2\/media?parent=29064"}],"wp:term":[{"taxonomy":"product_brand","embeddable":true,"href":"https:\/\/olemosaic.com\/fr\/wp-json\/wp\/v2\/product_brand?post=29064"},{"taxonomy":"product_cat","embeddable":true,"href":"https:\/\/olemosaic.com\/fr\/wp-json\/wp\/v2\/product_cat?post=29064"},{"taxonomy":"product_tag","embeddable":true,"href":"https:\/\/olemosaic.com\/fr\/wp-json\/wp\/v2\/product_tag?post=29064"}],"curies":[{"name":"wp","href":"https:\/\/api.w.org\/{rel}","templated":true}]}}