{"id":29063,"date":"2025-02-20T23:30:39","date_gmt":"2025-02-20T22:30:39","guid":{"rendered":"http:\/\/olemosaic.com\/producto\/bol-de-coco-marron-tortuga-barcelona\/"},"modified":"2025-07-25T20:33:10","modified_gmt":"2025-07-25T18:33:10","slug":"bol-noix-de-coco-marron-tortue-barcelone-fr","status":"publish","type":"product","link":"https:\/\/olemosaic.com\/fr\/produit\/bol-noix-de-coco-marron-tortue-barcelone-fr\/","title":{"rendered":"Bol en noix de coco marron. Tortue. Barcelone."},"content":{"rendered":"<p>Ce bol en noix de coco marron, d\u00e9cor\u00e9 d&rsquo;un design attrayant de tortue, est un souvenir unique qui capture l&rsquo;essence de Barcelone. Fabriqu\u00e9 artisanalement \u00e0 partir d&rsquo;une coque de noix de coco, ce bol combine une \u00e9l\u00e9gante palette de couleurs dor\u00e9es et de tons marron qui cr\u00e9ent un effet visuel distinctif. L&rsquo;int\u00e9rieur pr\u00e9sente un motif vibrant peint \u00e0 la main, qui ajoute une touche culturelle subtile, \u00e9voquant la riche biodiversit\u00e9 et le symbolisme associ\u00e9 aux tortues, qui repr\u00e9sentent la long\u00e9vit\u00e9 et la r\u00e9silience.<\/p>\n<p>Le design de tortue n&rsquo;ajoute pas seulement un \u00e9l\u00e9ment d\u00e9coratif, mais souligne \u00e9galement la connexion de Barcelone avec la mer et la nature. Ce bol est parfait pour servir des ap\u00e9ritifs ou comme pi\u00e8ce d\u00e9corative dans n&rsquo;importe quel foyer, fusionnant l&rsquo;artisanat traditionnel avec un style contemporain qui ravira les visiteurs de la ville.<\/p>\n<p>En tant qu&rsquo;experts dans la distribution de souvenirs en gros, chez Ol\u00e9 Mosaic, nous proposons des produits authentiques qui c\u00e9l\u00e8brent la culture locale. Ce bol en noix de coco est une excellente option pour les boutiques de cadeaux touristiques \u00e0 la recherche de souvenirs repr\u00e9sentatifs de Barcelone, se distinguant par sa qualit\u00e9 et la valeur culturelle qu&rsquo;il apporte \u00e0 toute collection. N&rsquo;oubliez pas qu&rsquo;en choisissant ce bol, vous offrez \u00e0 vos clients un morceau de la tradition et du charme catalan.<\/p>\n","protected":false},"excerpt":{"rendered":"<p>Bol en noix de coco marron d\u00e9cor\u00e9 d&rsquo;un design attrayant de tortue, \u00e9voquant l&rsquo;essence de Barcelone. Fabriqu\u00e9 \u00e0 partir d&rsquo;une coque de noix de coco, ce bol pr\u00e9sente une \u00e9l\u00e9gante combinaison de couleurs dor\u00e9es et marron, cr\u00e9ant un effet visuel distinctif. L&rsquo;int\u00e9rieur est de conception artisanale, peint \u00e0 la main, avec un motif de couleurs vives, montrant une touche culturelle subtile. Id\u00e9al pour servir des ap\u00e9ritifs ou comme \u00e9l\u00e9ment d\u00e9coratif, ce bol combine l&rsquo;artisanat traditionnel avec un style contemporain.<\/p>\n","protected":false},"featured_media":10166,"template":"","meta":{"_acf_changed":false},"product_brand":[],"product_cat":[521],"product_tag":[530],"class_list":{"0":"post-29063","1":"product","2":"type-product","3":"status-publish","4":"has-post-thumbnail","6":"product_cat-bols","7":"product_tag-animaux","8":"pa_ciudad-barcelona","9":"pa_motivo-tortues","10":"pa_pais-espana","12":"first","13":"instock","14":"shipping-taxable","15":"product-type-simple"},"acf":[],"_links":{"self":[{"href":"https:\/\/olemosaic.com\/fr\/wp-json\/wp\/v2\/product\/29063","targetHints":{"allow":["GET"]}}],"collection":[{"href":"https:\/\/olemosaic.com\/fr\/wp-json\/wp\/v2\/product"}],"about":[{"href":"https:\/\/olemosaic.com\/fr\/wp-json\/wp\/v2\/types\/product"}],"wp:featuredmedia":[{"embeddable":true,"href":"https:\/\/olemosaic.com\/fr\/wp-json\/wp\/v2\/media\/10166"}],"wp:attachment":[{"href":"https:\/\/olemosaic.com\/fr\/wp-json\/wp\/v2\/media?parent=29063"}],"wp:term":[{"taxonomy":"product_brand","embeddable":true,"href":"https:\/\/olemosaic.com\/fr\/wp-json\/wp\/v2\/product_brand?post=29063"},{"taxonomy":"product_cat","embeddable":true,"href":"https:\/\/olemosaic.com\/fr\/wp-json\/wp\/v2\/product_cat?post=29063"},{"taxonomy":"product_tag","embeddable":true,"href":"https:\/\/olemosaic.com\/fr\/wp-json\/wp\/v2\/product_tag?post=29063"}],"curies":[{"name":"wp","href":"https:\/\/api.w.org\/{rel}","templated":true}]}}