{"id":29060,"date":"2025-02-20T22:30:39","date_gmt":"2025-02-20T22:30:39","guid":{"rendered":"http:\/\/olemosaic.com\/producto\/bol-de-coco-marron-caballito-de-mar\/"},"modified":"2025-07-25T20:14:43","modified_gmt":"2025-07-25T18:14:43","slug":"bol-noix-de-coco-marron-hippocampe","status":"publish","type":"product","link":"https:\/\/olemosaic.com\/fr\/produit\/bol-noix-de-coco-marron-hippocampe\/","title":{"rendered":"Bol en noix de coco marron. Hippocampe."},"content":{"rendered":"<p>Ce bol en noix de coco marron, avec un motif exquis d&rsquo;hippocampe, est une pi\u00e8ce artisanale qui incarne la beaut\u00e9 et la richesse du folklore maritime. Fabriqu\u00e9 avec soin \u00e0 partir d&rsquo;une coque de noix de coco, son int\u00e9rieur pr\u00e9sente un magnifique motif dans des tons marron et dor\u00e9 qui cr\u00e9e un effet visuel attrayant, id\u00e9al pour ceux qui recherchent un souvenir authentique et significatif de leur visite sur la c\u00f4te. Au centre du bol, se d\u00e9tache un hippocampe peint avec beaucoup de d\u00e9tails, symbole de la vie marine et de la protection dans de nombreuses cultures m\u00e9diterran\u00e9ennes. Ce motif \u00e9l\u00e9gant est entour\u00e9 d&rsquo;un fond aux motifs organiques qui \u00e9voquent les vagues et la flore du littoral, ajoutant une touche artistique et naturelle \u00e0 la pi\u00e8ce.<\/p>\n<p>Ce bol n&rsquo;est pas seulement id\u00e9al pour servir des ap\u00e9ritifs, mais il peut \u00e9galement \u00eatre utilis\u00e9 comme \u00e9l\u00e9ment d\u00e9coratif, ajoutant un air rustique et chic \u00e0 n&rsquo;importe quel espace. Son design unique en fait le souvenir parfait pour les touristes qui souhaitent emporter un morceau authentique du patrimoine c\u00f4tier espagnol. Chez Ol\u00e9 Mosaic, en tant que distributeurs de souvenirs en gros, nous proposons des produits qui c\u00e9l\u00e8brent la culture et les traditions locales. Ce bol en noix de coco repr\u00e9sente une excellente option pour les boutiques de cadeaux touristiques qui recherchent des articles authentiques et m\u00e9morables qui soulignent le lien entre les visiteurs et leur exp\u00e9rience sur la c\u00f4te.<\/p>\n","protected":false},"excerpt":{"rendered":"<p>Bol en noix de coco marron avec un motif d\u00e9licat d&rsquo;hippocampe. Ce bol \u00e9l\u00e9gant pr\u00e9sente une surface dans des tons marron et dor\u00e9, cr\u00e9ant un effet visuel attrayant. L&rsquo;hippocampe, peint avec pr\u00e9cision, se d\u00e9tache au centre, entour\u00e9 d&rsquo;un fond aux motifs organiques. Fabriqu\u00e9 en noix de coco, c&rsquo;est une pi\u00e8ce parfaite aussi bien pour la d\u00e9coration que pour servir des ap\u00e9ritifs, \u00e9voquant la beaut\u00e9 du littoral et le folklore maritime.<\/p>\n","protected":false},"featured_media":10075,"template":"","meta":{"_acf_changed":false},"product_brand":[],"product_cat":[521],"product_tag":[530],"class_list":{"0":"post-29060","1":"product","2":"type-product","3":"status-publish","4":"has-post-thumbnail","6":"product_cat-bols","7":"product_tag-animaux","8":"pa_motivo-hippocampes","10":"first","11":"instock","12":"shipping-taxable","13":"product-type-simple"},"acf":[],"_links":{"self":[{"href":"https:\/\/olemosaic.com\/fr\/wp-json\/wp\/v2\/product\/29060","targetHints":{"allow":["GET"]}}],"collection":[{"href":"https:\/\/olemosaic.com\/fr\/wp-json\/wp\/v2\/product"}],"about":[{"href":"https:\/\/olemosaic.com\/fr\/wp-json\/wp\/v2\/types\/product"}],"wp:featuredmedia":[{"embeddable":true,"href":"https:\/\/olemosaic.com\/fr\/wp-json\/wp\/v2\/media\/10075"}],"wp:attachment":[{"href":"https:\/\/olemosaic.com\/fr\/wp-json\/wp\/v2\/media?parent=29060"}],"wp:term":[{"taxonomy":"product_brand","embeddable":true,"href":"https:\/\/olemosaic.com\/fr\/wp-json\/wp\/v2\/product_brand?post=29060"},{"taxonomy":"product_cat","embeddable":true,"href":"https:\/\/olemosaic.com\/fr\/wp-json\/wp\/v2\/product_cat?post=29060"},{"taxonomy":"product_tag","embeddable":true,"href":"https:\/\/olemosaic.com\/fr\/wp-json\/wp\/v2\/product_tag?post=29060"}],"curies":[{"name":"wp","href":"https:\/\/api.w.org\/{rel}","templated":true}]}}