{"id":29059,"date":"2025-02-20T23:30:39","date_gmt":"2025-02-20T22:30:39","guid":{"rendered":"http:\/\/olemosaic.com\/producto\/bol-de-coco-marron-caballito-de-mar-barcelona\/"},"modified":"2025-07-25T19:20:34","modified_gmt":"2025-07-25T17:20:34","slug":"bol-noix-de-coco-marron-hippocampe-barcelone","status":"publish","type":"product","link":"https:\/\/olemosaic.com\/fr\/produit\/bol-noix-de-coco-marron-hippocampe-barcelone\/","title":{"rendered":"Bol en noix de coco marron. Hippocampe. Barcelone."},"content":{"rendered":"<p>Ce bol en noix de coco marron avec un \u00e9l\u00e9gant motif d&rsquo;hippocampe est une pi\u00e8ce artisanale qui capture l&rsquo;essence maritime de Barcelone et se pr\u00e9sente comme le souvenir parfait de sa c\u00f4te vibrante. \u00c9labor\u00e9 avec soin et attention aux d\u00e9tails, ce bol se distingue par sa d\u00e9coration en mosa\u00efque dans des tons marron et cr\u00e8me, alliant contemporan\u00e9it\u00e9 et tradition. Au centre, la figure de l&rsquo;hippocampe, symbole de la vie marine et de la beaut\u00e9 de la M\u00e9diterran\u00e9e, est mise en valeur avec \u00e9l\u00e9gance, accompagn\u00e9e de l&rsquo;inscription \u00ab\u00a0Barcelona\u00a0\u00bb, ce qui en fait un article unique et repr\u00e9sentatif.<\/p>\n<p>Avec une finition douce et polie, le bol n&rsquo;est pas seulement esth\u00e9tiquement attrayant, mais aussi fonctionnel, id\u00e9al pour d\u00e9corer n&rsquo;importe quel coin de votre maison ou comme cadeau significatif. Son design unique en fait un excellent souvenir, offrant un morceau de la culture barcelonaise \u00e0 ceux qui l&rsquo;acqui\u00e8rent. Chez Ol\u00e9 Mosaic, nous nous sp\u00e9cialisons dans la distribution de souvenirs en gros, et ce bol artisanal est une magnifique option pour les boutiques de cadeaux touristiques qui cherchent \u00e0 offrir des produits culturels authentiques. La combinaison de l&rsquo;artisanat, d&rsquo;un design tr\u00e8s sp\u00e9cial et d&rsquo;un lien culturel avec Barcelone garantit que ce bol en noix de coco sera un souvenir pr\u00e9cieux de leur voyage.<\/p>\n","protected":false},"excerpt":{"rendered":"<p>Bol en noix de coco marron avec un \u00e9l\u00e9gant motif d&rsquo;hippocampe, \u00e9voquant l&rsquo;essence maritime de Barcelone. Fabriqu\u00e9 artisanalement, il pr\u00e9sente une d\u00e9coration en mosa\u00efque dans des tons marron et cr\u00e8me, avec la figure de l&rsquo;hippocampe mise en valeur au centre et l&rsquo;inscription \u00ab\u00a0Barcelona\u00a0\u00bb. Ce bol, qui allie esth\u00e9tique et fonctionnalit\u00e9, ajoute une touche distinctive et culturelle \u00e0 n&rsquo;importe quel espace, id\u00e9al comme souvenir ou pi\u00e8ce d\u00e9corative.<\/p>\n","protected":false},"featured_media":10354,"template":"","meta":{"_acf_changed":false},"product_brand":[],"product_cat":[521],"product_tag":[530],"class_list":{"0":"post-29059","1":"product","2":"type-product","3":"status-publish","4":"has-post-thumbnail","6":"product_cat-bols","7":"product_tag-animaux","8":"pa_ciudad-barcelona","9":"pa_motivo-hippocampes","10":"pa_pais-espana","12":"first","13":"instock","14":"shipping-taxable","15":"product-type-simple"},"acf":[],"_links":{"self":[{"href":"https:\/\/olemosaic.com\/fr\/wp-json\/wp\/v2\/product\/29059","targetHints":{"allow":["GET"]}}],"collection":[{"href":"https:\/\/olemosaic.com\/fr\/wp-json\/wp\/v2\/product"}],"about":[{"href":"https:\/\/olemosaic.com\/fr\/wp-json\/wp\/v2\/types\/product"}],"wp:featuredmedia":[{"embeddable":true,"href":"https:\/\/olemosaic.com\/fr\/wp-json\/wp\/v2\/media\/10354"}],"wp:attachment":[{"href":"https:\/\/olemosaic.com\/fr\/wp-json\/wp\/v2\/media?parent=29059"}],"wp:term":[{"taxonomy":"product_brand","embeddable":true,"href":"https:\/\/olemosaic.com\/fr\/wp-json\/wp\/v2\/product_brand?post=29059"},{"taxonomy":"product_cat","embeddable":true,"href":"https:\/\/olemosaic.com\/fr\/wp-json\/wp\/v2\/product_cat?post=29059"},{"taxonomy":"product_tag","embeddable":true,"href":"https:\/\/olemosaic.com\/fr\/wp-json\/wp\/v2\/product_tag?post=29059"}],"curies":[{"name":"wp","href":"https:\/\/api.w.org\/{rel}","templated":true}]}}