{"id":29058,"date":"2025-02-20T22:30:38","date_gmt":"2025-02-20T22:30:38","guid":{"rendered":"http:\/\/olemosaic.com\/producto\/bol-de-coco-marron-tortuga-gran-canaria\/"},"modified":"2025-07-25T19:34:47","modified_gmt":"2025-07-25T17:34:47","slug":"bol-noix-de-coco-marron-tortue-grande-canarie","status":"publish","type":"product","link":"https:\/\/olemosaic.com\/fr\/produit\/bol-noix-de-coco-marron-tortue-grande-canarie\/","title":{"rendered":"Bol en noix de coco marron. Tortue. Grande Canarie."},"content":{"rendered":"<p>Ce bol en noix de coco marron en forme de tortue est un v\u00e9ritable chef-d&rsquo;\u0153uvre artisanal qui capture l&rsquo;essence tropicale de la Grande Canarie. Avec un design complexe repr\u00e9sentant une tortue au centre, ce bol est d\u00e9cor\u00e9 de pi\u00e8ces de coquillages dans des tons chauds de beige, marron et dor\u00e9, cr\u00e9ant un style de mosa\u00efque qui \u00e9voque les eaux cristallines profondes et la riche vie marine qui entoure l&rsquo;\u00eele. Le d\u00e9tail du texte \u00ab\u00a0Gran Canaria\u00a0\u00bb est \u00e9l\u00e9gamment grav\u00e9 sur la base, soulignant son origine et son importance culturelle.<\/p>\n<p>Id\u00e9al aussi bien pour d\u00e9corer que pour \u00eatre utilis\u00e9 lors de la pr\u00e9sentation de petits ap\u00e9ritifs, ce bol fusionne fonctionnalit\u00e9 et art, ce qui en fait un article polyvalent pour n&rsquo;importe quel foyer. Sa finition polie souligne la beaut\u00e9 naturelle de la noix de coco, tandis que le motif de la tortue, symbole de long\u00e9vit\u00e9 et de paix dans de nombreuses cultures, ajoute une touche significative de l&rsquo;h\u00e9ritage canarien. Ce bol n&rsquo;est pas seulement une pi\u00e8ce d\u00e9corative unique, mais aussi un souvenir tangible qui relie les touristes \u00e0 la riche biodiversit\u00e9 et au patrimoine de la Grande Canarie.<\/p>\n<p>Chez Ol\u00e9 Mosaic, nous sommes fiers d&rsquo;\u00eatre des distributeurs de souvenirs authentiques qui refl\u00e8tent la culture locale, et ce bol est une excellente option pour les boutiques de cadeaux touristiques \u00e0 la recherche de produits de qualit\u00e9 avec un arri\u00e8re-plan culturel. Parfait pour ceux qui souhaitent emporter avec eux un morceau de la magnifique Grande Canarie, ce bol est bien plus qu&rsquo;un souvenir : c&rsquo;est une c\u00e9l\u00e9bration de l&rsquo;h\u00e9ritage canarien et un \u00e9l\u00e9ment d\u00e9coratif exquis.<\/p>\n","protected":false},"excerpt":{"rendered":"<p>Bol en noix de coco marron avec motif de tortue, inspir\u00e9 par la beaut\u00e9 de la Grande Canarie. Cette pi\u00e8ce artisanale pr\u00e9sente un design complexe avec des pi\u00e8ces de coquillages dans des tons chauds, formant une mosa\u00efque qui met en valeur la figure d&rsquo;une tortue au centre. Sur la base, le texte \u00ab\u00a0Gran Canaria\u00a0\u00bb est grav\u00e9, soulignant son origine. Parfait comme \u00e9l\u00e9ment d\u00e9coratif ou pour servir de petits ap\u00e9ritifs, ce bol combine fonctionnalit\u00e9 et art traditionnel canarien.<\/p>\n","protected":false},"featured_media":10374,"template":"","meta":{"_acf_changed":false},"product_brand":[],"product_cat":[521],"product_tag":[530],"class_list":{"0":"post-29058","1":"product","2":"type-product","3":"status-publish","4":"has-post-thumbnail","6":"product_cat-bols","7":"product_tag-animaux","8":"pa_ciudad-gran-canaria","9":"pa_motivo-tortues","10":"pa_pais-espana","12":"first","13":"instock","14":"shipping-taxable","15":"product-type-simple"},"acf":[],"_links":{"self":[{"href":"https:\/\/olemosaic.com\/fr\/wp-json\/wp\/v2\/product\/29058","targetHints":{"allow":["GET"]}}],"collection":[{"href":"https:\/\/olemosaic.com\/fr\/wp-json\/wp\/v2\/product"}],"about":[{"href":"https:\/\/olemosaic.com\/fr\/wp-json\/wp\/v2\/types\/product"}],"wp:featuredmedia":[{"embeddable":true,"href":"https:\/\/olemosaic.com\/fr\/wp-json\/wp\/v2\/media\/10374"}],"wp:attachment":[{"href":"https:\/\/olemosaic.com\/fr\/wp-json\/wp\/v2\/media?parent=29058"}],"wp:term":[{"taxonomy":"product_brand","embeddable":true,"href":"https:\/\/olemosaic.com\/fr\/wp-json\/wp\/v2\/product_brand?post=29058"},{"taxonomy":"product_cat","embeddable":true,"href":"https:\/\/olemosaic.com\/fr\/wp-json\/wp\/v2\/product_cat?post=29058"},{"taxonomy":"product_tag","embeddable":true,"href":"https:\/\/olemosaic.com\/fr\/wp-json\/wp\/v2\/product_tag?post=29058"}],"curies":[{"name":"wp","href":"https:\/\/api.w.org\/{rel}","templated":true}]}}