{"id":29057,"date":"2025-02-20T23:30:38","date_gmt":"2025-02-20T22:30:38","guid":{"rendered":"http:\/\/olemosaic.com\/producto\/bol-de-coco-marron-sardina-lisboa-2\/"},"modified":"2025-07-25T18:42:18","modified_gmt":"2025-07-25T16:42:18","slug":"bol-noix-de-coco-marron-sardine-lisbonne-2","status":"publish","type":"product","link":"https:\/\/olemosaic.com\/fr\/produit\/bol-noix-de-coco-marron-sardine-lisbonne-2\/","title":{"rendered":"Bol en noix de coco marron. Sardine. Mosa\u00efque Lisbonne."},"content":{"rendered":"<p>Ce bol en noix de coco marron avec un motif de sardine est un v\u00e9ritable chef-d&rsquo;\u0153uvre qui capture l&rsquo;essence de l&rsquo;art populaire lisbo\u00e8te. De conception artisanale, ce magnifique bol pr\u00e9sente une finition en noix de coco marron sur les bords, ce qui lui conf\u00e8re un caract\u00e8re rustique et chaleureux. Son int\u00e9rieur est orn\u00e9 d&rsquo;une mosa\u00efque complexe dans des tons cr\u00e8me et dor\u00e9, mettant en valeur la figure centrale d&rsquo;une sardine, symbole embl\u00e9matique de la riche tradition de p\u00eache de la r\u00e9gion. Ce design unique et artisanal est r\u00e9alis\u00e9 gr\u00e2ce \u00e0 la technique de la peinture \u00e0 la main, garantissant que chaque pi\u00e8ce est unique et refl\u00e8te le d\u00e9vouement des artisans qui la fabriquent.<\/p>\n<p>Id\u00e9al aussi bien comme pi\u00e8ce d\u00e9corative que pour servir des ap\u00e9ritifs, ce bol \u00e9voque la culture c\u00f4ti\u00e8re vibrante de Lisbonne, o\u00f9 la sardine est plus qu&rsquo;un simple aliment ; c&rsquo;est une ic\u00f4ne des f\u00eates et c\u00e9l\u00e9brations locales. Son attrait visuel et sa fonctionnalit\u00e9 en font le souvenir parfait pour les touristes qui cherchent \u00e0 emporter un morceau de la tradition portugaise. Chez Ol\u00e9 Mosaic, nous nous sp\u00e9cialisons dans la distribution de souvenirs de haute qualit\u00e9, comme ce bol de sardine, qui c\u00e9l\u00e8bre l&rsquo;authenticit\u00e9 et le patrimoine culturel de Lisbonne. En tant que grossistes de souvenirs, nous proposons des pi\u00e8ces uniques qui enrichiront l&rsquo;offre de toute boutique de cadeaux touristiques.<\/p>\n","protected":false},"excerpt":{"rendered":"<p>Bol en noix de coco marron avec motif de sardine. Ce magnifique bol, originaire de Lisbonne, est fabriqu\u00e9 avec une finition en noix de coco marron et pr\u00e9sente une mosa\u00efque complexe d&rsquo;\u00e9l\u00e9ments dans des tons cr\u00e8me et dor\u00e9, mettant en valeur la figure d&rsquo;une sardine au centre. La technique employ\u00e9e est la peinture \u00e0 la main, ce qui assure un design unique et artisanal. Parfait comme pi\u00e8ce d\u00e9corative ou pour servir des ap\u00e9ritifs, il \u00e9voque la riche tradition de p\u00eache de la r\u00e9gion.<\/p>\n","protected":false},"featured_media":10290,"template":"","meta":{"_acf_changed":false},"product_brand":[],"product_cat":[521],"product_tag":[530],"class_list":{"0":"post-29057","1":"product","2":"type-product","3":"status-publish","4":"has-post-thumbnail","6":"product_cat-bols","7":"product_tag-animaux","8":"pa_ciudad-lisboa","9":"pa_motivo-sardines","10":"pa_pais-portugal","12":"first","13":"instock","14":"shipping-taxable","15":"product-type-simple"},"acf":[],"_links":{"self":[{"href":"https:\/\/olemosaic.com\/fr\/wp-json\/wp\/v2\/product\/29057","targetHints":{"allow":["GET"]}}],"collection":[{"href":"https:\/\/olemosaic.com\/fr\/wp-json\/wp\/v2\/product"}],"about":[{"href":"https:\/\/olemosaic.com\/fr\/wp-json\/wp\/v2\/types\/product"}],"wp:featuredmedia":[{"embeddable":true,"href":"https:\/\/olemosaic.com\/fr\/wp-json\/wp\/v2\/media\/10290"}],"wp:attachment":[{"href":"https:\/\/olemosaic.com\/fr\/wp-json\/wp\/v2\/media?parent=29057"}],"wp:term":[{"taxonomy":"product_brand","embeddable":true,"href":"https:\/\/olemosaic.com\/fr\/wp-json\/wp\/v2\/product_brand?post=29057"},{"taxonomy":"product_cat","embeddable":true,"href":"https:\/\/olemosaic.com\/fr\/wp-json\/wp\/v2\/product_cat?post=29057"},{"taxonomy":"product_tag","embeddable":true,"href":"https:\/\/olemosaic.com\/fr\/wp-json\/wp\/v2\/product_tag?post=29057"}],"curies":[{"name":"wp","href":"https:\/\/api.w.org\/{rel}","templated":true}]}}