{"id":29030,"date":"2025-02-20T23:30:38","date_gmt":"2025-02-20T22:30:38","guid":{"rendered":"http:\/\/olemosaic.com\/producto\/bol-de-coco-fucsia-tortuga-mallorca-3\/"},"modified":"2025-07-25T19:10:01","modified_gmt":"2025-07-25T17:10:01","slug":"bol-noix-de-coco-fuchsia-tortue-majorque-3","status":"publish","type":"product","link":"https:\/\/olemosaic.com\/fr\/produit\/bol-noix-de-coco-fuchsia-tortue-majorque-3\/","title":{"rendered":"Bol en noix de coco fuchsia. Tortue. Style m\u00e9diterran\u00e9en. Majorque."},"content":{"rendered":"<p>Ce bol en noix de coco fuchsia, inspir\u00e9 par la vie marine vibrante de Majorque, est une pi\u00e8ce exceptionnelle qui fusionne fonctionnalit\u00e9 et esth\u00e9tique. Fabriqu\u00e9 \u00e0 partir d&rsquo;une coque de noix de coco naturelle, il pr\u00e9sente une finition brillante et color\u00e9e qui se distingue par des tons fuchsia et violets, cr\u00e9ant un effet visuel \u00e9blouissant. Au c\u0153ur de ce design tr\u00e8s sp\u00e9cial, une tortue grav\u00e9e avec pr\u00e9cision symbolise la riche biodiversit\u00e9 des eaux bal\u00e9ares et connecte l&rsquo;utilisateur \u00e0 la beaut\u00e9 des oc\u00e9ans.<\/p>\n<p>La mosa\u00efque qui entoure la tortue, compos\u00e9e d&rsquo;une vari\u00e9t\u00e9 de tons qui se fondent harmonieusement, apporte non seulement une touche artistique, mais refl\u00e8te \u00e9galement l&rsquo;amour de la nature qui caract\u00e9rise cette r\u00e9gion. Ce bol n&rsquo;est pas seulement un souvenir attrayant, mais une pi\u00e8ce d\u00e9corative qui embellit n&rsquo;importe quel espace, d&rsquo;une table \u00e0 la maison \u00e0 la vitrine d&rsquo;un magasin.<\/p>\n<p>Chez Ol\u00e9 Mosaic, nous nous sp\u00e9cialisons dans la distribution de souvenirs en gros, offrant des produits authentiques qui repr\u00e9sentent la culture et les paysages de l&rsquo;Espagne. Ce bol en noix de coco est une excellente option pour les boutiques de cadeaux touristiques qui cherchent \u00e0 attirer les amoureux de la nature et de l&rsquo;artisanat local. Avec son design authentique, ce souvenir de Majorque est un rappel parfait de la beaut\u00e9 m\u00e9diterran\u00e9enne, id\u00e9al pour ceux qui souhaitent emporter un morceau de cette \u00eele merveilleuse.<\/p>\n","protected":false},"excerpt":{"rendered":"<p>Bol en noix de coco fuchsia inspir\u00e9 par la vie marine de Majorque, avec un design en mosa\u00efque tr\u00e8s sp\u00e9cial pr\u00e9sentant une tortue au centre. Ce bol \u00e9l\u00e9gant, cr\u00e9\u00e9 \u00e0 partir d&rsquo;une coque de noix de coco, arbore une finition brillante et color\u00e9e dans les tons fuchsia et violet qui lui donnent une touche vibrante. La tortue, grav\u00e9e avec pr\u00e9cision, symbolise la beaut\u00e9 naturelle des eaux bal\u00e9ares, faisant de ce bol un souvenir attrayant, fonctionnel et d\u00e9coratif.<\/p>\n","protected":false},"featured_media":11896,"template":"","meta":{"_acf_changed":false},"product_brand":[],"product_cat":[521],"product_tag":[530],"class_list":{"0":"post-29030","1":"product","2":"type-product","3":"status-publish","4":"has-post-thumbnail","6":"product_cat-bols","7":"product_tag-animaux","8":"pa_ciudad-mallorca","9":"pa_motivo-tortues","10":"pa_pais-espana","12":"first","13":"instock","14":"shipping-taxable","15":"product-type-simple"},"acf":[],"_links":{"self":[{"href":"https:\/\/olemosaic.com\/fr\/wp-json\/wp\/v2\/product\/29030","targetHints":{"allow":["GET"]}}],"collection":[{"href":"https:\/\/olemosaic.com\/fr\/wp-json\/wp\/v2\/product"}],"about":[{"href":"https:\/\/olemosaic.com\/fr\/wp-json\/wp\/v2\/types\/product"}],"wp:featuredmedia":[{"embeddable":true,"href":"https:\/\/olemosaic.com\/fr\/wp-json\/wp\/v2\/media\/11896"}],"wp:attachment":[{"href":"https:\/\/olemosaic.com\/fr\/wp-json\/wp\/v2\/media?parent=29030"}],"wp:term":[{"taxonomy":"product_brand","embeddable":true,"href":"https:\/\/olemosaic.com\/fr\/wp-json\/wp\/v2\/product_brand?post=29030"},{"taxonomy":"product_cat","embeddable":true,"href":"https:\/\/olemosaic.com\/fr\/wp-json\/wp\/v2\/product_cat?post=29030"},{"taxonomy":"product_tag","embeddable":true,"href":"https:\/\/olemosaic.com\/fr\/wp-json\/wp\/v2\/product_tag?post=29030"}],"curies":[{"name":"wp","href":"https:\/\/api.w.org\/{rel}","templated":true}]}}