{"id":29029,"date":"2025-02-20T23:30:38","date_gmt":"2025-02-20T22:30:38","guid":{"rendered":"http:\/\/olemosaic.com\/producto\/bol-de-coco-fucsia-tortuga-menorca\/"},"modified":"2025-07-25T19:55:51","modified_gmt":"2025-07-25T17:55:51","slug":"bol-noix-de-coco-fuchsia-tortue-minorque","status":"publish","type":"product","link":"https:\/\/olemosaic.com\/fr\/produit\/bol-noix-de-coco-fuchsia-tortue-minorque\/","title":{"rendered":"Bol en noix de coco fuchsia. Tortue. Minorque."},"content":{"rendered":"<p>Ce bol en noix de coco fuchsia, inspir\u00e9 par la faune marine de Minorque, est une pi\u00e8ce d\u00e9corative unique qui \u00e9voque l&rsquo;essence de la M\u00e9diterran\u00e9e. Avec un design en mosa\u00efque vibrant dans les tons fuchsia et de d\u00e9licats d\u00e9tails blancs, le bol pr\u00e9sente en son centre une \u00e9l\u00e9gante tortue, symbole de la riche biodiversit\u00e9 des eaux qui entourent l&rsquo;\u00eele. Chaque bol est fabriqu\u00e9 de mani\u00e8re artisanale, ce qui garantit que chaque pi\u00e8ce est unique et se distingue par sa technique de peinture \u00e0 la main, lui apportant un charme singulier.<\/p>\n<p>Le design de la tortue, soigneusement peint, refl\u00e8te la connexion de Minorque avec son environnement marin, c\u00e9l\u00e9brant la vie et la beaut\u00e9 qui habite ses c\u00f4tes. Ce bol n&rsquo;est pas seulement un \u00e9l\u00e9ment d\u00e9coratif attrayant, mais il a aussi un usage pratique, id\u00e9al pour servir des ap\u00e9ritifs ou comme r\u00e9cipient utile dans la cuisine.<\/p>\n<p>En tant que souvenir repr\u00e9sentatif de Minorque, ce bol sert de souvenir authentique rappelant la chaleur et la couleur de la M\u00e9diterran\u00e9e. Chez Ol\u00e9 Mosaic, nous nous sp\u00e9cialisons dans la distribution de souvenirs en gros, offrant une excellente option pour les boutiques de cadeaux touristiques \u00e0 la recherche de produits authentiques comme ce bol en noix de coco fuchsia. Son attrait color\u00e9 et sa connexion culturelle font de ce bol un choix id\u00e9al pour ceux qui cherchent un morceau de Minorque \u00e0 emporter chez eux.<\/p>\n","protected":false},"excerpt":{"rendered":"<p>Bol en noix de coco fuchsia inspir\u00e9 par la faune marine de Minorque, id\u00e9al pour la d\u00e9coration ou comme r\u00e9cipient. Ce bol original pr\u00e9sente un design en mosa\u00efque avec des tons fuchsia et des d\u00e9tails blancs, repr\u00e9sentant une tortue au centre. Fabriqu\u00e9 de mani\u00e8re artisanale, le bol se distingue par sa technique de design artisanal, peint \u00e0 la main, ce qui lui donne un charme unique et color\u00e9, refl\u00e9tant la beaut\u00e9 des eaux m\u00e9diterran\u00e9ennes.<\/p>\n","protected":false},"featured_media":11916,"template":"","meta":{"_acf_changed":false},"product_brand":[],"product_cat":[521],"product_tag":[530],"class_list":{"0":"post-29029","1":"product","2":"type-product","3":"status-publish","4":"has-post-thumbnail","6":"product_cat-bols","7":"product_tag-animaux","8":"pa_ciudad-menorca","9":"pa_motivo-tortues","10":"pa_pais-espana","12":"first","13":"instock","14":"shipping-taxable","15":"product-type-simple"},"acf":[],"_links":{"self":[{"href":"https:\/\/olemosaic.com\/fr\/wp-json\/wp\/v2\/product\/29029","targetHints":{"allow":["GET"]}}],"collection":[{"href":"https:\/\/olemosaic.com\/fr\/wp-json\/wp\/v2\/product"}],"about":[{"href":"https:\/\/olemosaic.com\/fr\/wp-json\/wp\/v2\/types\/product"}],"wp:featuredmedia":[{"embeddable":true,"href":"https:\/\/olemosaic.com\/fr\/wp-json\/wp\/v2\/media\/11916"}],"wp:attachment":[{"href":"https:\/\/olemosaic.com\/fr\/wp-json\/wp\/v2\/media?parent=29029"}],"wp:term":[{"taxonomy":"product_brand","embeddable":true,"href":"https:\/\/olemosaic.com\/fr\/wp-json\/wp\/v2\/product_brand?post=29029"},{"taxonomy":"product_cat","embeddable":true,"href":"https:\/\/olemosaic.com\/fr\/wp-json\/wp\/v2\/product_cat?post=29029"},{"taxonomy":"product_tag","embeddable":true,"href":"https:\/\/olemosaic.com\/fr\/wp-json\/wp\/v2\/product_tag?post=29029"}],"curies":[{"name":"wp","href":"https:\/\/api.w.org\/{rel}","templated":true}]}}