{"id":29028,"date":"2025-02-20T22:30:38","date_gmt":"2025-02-20T22:30:38","guid":{"rendered":"http:\/\/olemosaic.com\/producto\/bol-de-coco-fucsia-salamandra-menorca\/"},"modified":"2025-07-25T19:35:10","modified_gmt":"2025-07-25T17:35:10","slug":"bol-noix-de-coco-fuchsia-salamandre-minorque","status":"publish","type":"product","link":"https:\/\/olemosaic.com\/fr\/produit\/bol-noix-de-coco-fuchsia-salamandre-minorque\/","title":{"rendered":"Bol en noix de coco fuchsia. Salamandre. Minorque."},"content":{"rendered":"<p>Ce bol en noix de coco fuchsia, fait \u00e0 la main, est un magnifique exemple de la beaut\u00e9 naturelle de Minorque. Son design captivant pr\u00e9sente un ensemble vibrant de taches fuchsia qui contrastent avec la finition brillante de l&rsquo;int\u00e9rieur, cr\u00e9ant un effet visuel surprenant. Au fond du bol, une d\u00e9licate illustration d&rsquo;une salamandre symbolise la faune locale de l&rsquo;\u00eele, soulignant la connexion avec la nature qui d\u00e9finit l&rsquo;exp\u00e9rience minorquine. Le nom \u00ab\u00a0Menorca\u00a0\u00bb appara\u00eet dans un ton discret, apportant une touche d&rsquo;authenticit\u00e9 et d&rsquo;\u00e9l\u00e9gance \u00e0 cette pi\u00e8ce unique.<\/p>\n<p>Id\u00e9al aussi bien pour d\u00e9corer n&rsquo;importe quel coin de la maison que pour une utilisation lors d&rsquo;occasions sp\u00e9ciales, ce bol devient un magnifique souvenir de votre visite sur cette charmante \u00eele m\u00e9diterran\u00e9enne. Son design refl\u00e8te non seulement l&rsquo;art de la c\u00e9ramique minorquine, mais aussi la riche biodiversit\u00e9 et la culture qui l&rsquo;entoure. Chez Ol\u00e9 Mosaic, nous nous sp\u00e9cialisons dans la distribution de souvenirs en gros, offrant des articles qui capturent l&rsquo;essence des lieux qu&rsquo;ils repr\u00e9sentent. Ce bol en noix de coco fuchsia est une excellente option pour les boutiques de cadeaux touristiques qui recherchent des produits authentiques et significatifs de Minorque, se distinguant comme un souvenir parfait pour ceux qui appr\u00e9cient la beaut\u00e9 et l&rsquo;originalit\u00e9 dans leurs souvenirs.<\/p>\n","protected":false},"excerpt":{"rendered":"<p>Bol en noix de coco fuchsia fait \u00e0 la main, inspir\u00e9 par la beaut\u00e9 naturelle de Minorque. Ce bol attrayant pr\u00e9sente un design color\u00e9 avec des taches fuchsia contrastant avec la finition brillante de l&rsquo;int\u00e9rieur. D\u00e9cor\u00e9 d&rsquo;une illustration de salamandre, symbolisant la faune locale, et du nom \u00ab\u00a0Menorca\u00a0\u00bb dans un ton discret, c&rsquo;est une pi\u00e8ce id\u00e9ale pour la maison ou comme souvenir de cette charmante \u00eele m\u00e9diterran\u00e9enne.<\/p>\n","protected":false},"featured_media":11904,"template":"","meta":{"_acf_changed":false},"product_brand":[],"product_cat":[521],"product_tag":[530],"class_list":{"0":"post-29028","1":"product","2":"type-product","3":"status-publish","4":"has-post-thumbnail","6":"product_cat-bols","7":"product_tag-animaux","8":"pa_ciudad-menorca","9":"pa_motivo-salamandres","10":"pa_pais-espana","12":"first","13":"instock","14":"shipping-taxable","15":"product-type-simple"},"acf":[],"_links":{"self":[{"href":"https:\/\/olemosaic.com\/fr\/wp-json\/wp\/v2\/product\/29028","targetHints":{"allow":["GET"]}}],"collection":[{"href":"https:\/\/olemosaic.com\/fr\/wp-json\/wp\/v2\/product"}],"about":[{"href":"https:\/\/olemosaic.com\/fr\/wp-json\/wp\/v2\/types\/product"}],"wp:featuredmedia":[{"embeddable":true,"href":"https:\/\/olemosaic.com\/fr\/wp-json\/wp\/v2\/media\/11904"}],"wp:attachment":[{"href":"https:\/\/olemosaic.com\/fr\/wp-json\/wp\/v2\/media?parent=29028"}],"wp:term":[{"taxonomy":"product_brand","embeddable":true,"href":"https:\/\/olemosaic.com\/fr\/wp-json\/wp\/v2\/product_brand?post=29028"},{"taxonomy":"product_cat","embeddable":true,"href":"https:\/\/olemosaic.com\/fr\/wp-json\/wp\/v2\/product_cat?post=29028"},{"taxonomy":"product_tag","embeddable":true,"href":"https:\/\/olemosaic.com\/fr\/wp-json\/wp\/v2\/product_tag?post=29028"}],"curies":[{"name":"wp","href":"https:\/\/api.w.org\/{rel}","templated":true}]}}