{"id":29020,"date":"2025-02-20T23:30:37","date_gmt":"2025-02-20T22:30:37","guid":{"rendered":"http:\/\/olemosaic.com\/producto\/bol-de-coco-fucsia-delfin-barcelona-3\/"},"modified":"2025-07-25T19:01:38","modified_gmt":"2025-07-25T17:01:38","slug":"bol-noix-de-coco-fuchsia-dauphin-barcelone-3","status":"publish","type":"product","link":"https:\/\/olemosaic.com\/fr\/produit\/bol-noix-de-coco-fuchsia-dauphin-barcelone-3\/","title":{"rendered":"Bol en noix de coco fuchsia. Dauphin. Style m\u00e9diterran\u00e9en. Barcelone."},"content":{"rendered":"<p>Ce bol en noix de coco fuchsia, d\u00e9cor\u00e9 d&rsquo;un charmant dauphin, est un souvenir attrayant qui capture l&rsquo;essence vibrante de Barcelone. Son design unique pr\u00e9sente un int\u00e9rieur en mosa\u00efque compos\u00e9 de tons iris\u00e9s qui jouent avec la lumi\u00e8re, cr\u00e9ant un effet visuel captivant. La disposition des motifs en fuchsia lui conf\u00e8re une touche contemporaine, en faisant un objet d\u00e9coratif id\u00e9al pour n&rsquo;importe quel foyer. Au centre, un dauphin dor\u00e9 se dresse majestueusement sur le fond, symbolisant la connexion avec la mer M\u00e9diterran\u00e9e. Accompagnant ce magnifique c\u00e9tac\u00e9, l&rsquo;inscription \u00ab\u00a0Barcelona\u00a0\u00bb ajoute de la valeur au design, en faisant un souvenir authentique de la ville. Ce bol est parfait pour servir des ap\u00e9ritifs ou des bonbons, ainsi que comme pi\u00e8ce d\u00e9corative \u00e9voquant des moments ensoleill\u00e9s sur la c\u00f4te catalane. Chez Ol\u00e9 Mosaic, nous sommes fiers de proposer des souvenirs qui refl\u00e8tent la culture et l&rsquo;esprit local, et ce bol en noix de coco fuchsia en est un exemple clair. Id\u00e9al pour les boutiques de cadeaux touristiques, c&rsquo;est une excellente option pour ceux qui recherchent des souvenirs de Barcelone \u00e9l\u00e9gants, uniques et repr\u00e9sentatifs de sa riche tradition culturelle, soulignant la qualit\u00e9 et l&rsquo;authenticit\u00e9 que nous offrons en tant que grossiste de souvenirs.<\/p>\n","protected":false},"excerpt":{"rendered":"<p>Bol en noix de coco fuchsia d\u00e9cor\u00e9 d&rsquo;un sympathique dauphin, inspir\u00e9 par la vibrante Barcelone. Ce bol attrayant pr\u00e9sente un int\u00e9rieur en mosa\u00efque aux tons iris\u00e9s et des motifs fuchsia, qui ajoutent une touche moderne et distinctive. Au centre, un dauphin dor\u00e9 se d\u00e9tache sur le fond, aux c\u00f4t\u00e9s de l&rsquo;inscription \u00ab\u00a0Barcelona\u00a0\u00bb, en faisant un beau souvenir qui refl\u00e8te l&rsquo;essence de la M\u00e9diterran\u00e9e et de la culture locale. Id\u00e9al pour servir des ap\u00e9ritifs ou comme objet d\u00e9coratif.<\/p>\n","protected":false},"featured_media":11872,"template":"","meta":{"_acf_changed":false},"product_brand":[],"product_cat":[521],"product_tag":[530],"class_list":{"0":"post-29020","1":"product","2":"type-product","3":"status-publish","4":"has-post-thumbnail","6":"product_cat-bols","7":"product_tag-animaux","8":"pa_ciudad-barcelona","9":"pa_motivo-dauphins","10":"pa_pais-espana","12":"first","13":"instock","14":"shipping-taxable","15":"product-type-simple"},"acf":[],"_links":{"self":[{"href":"https:\/\/olemosaic.com\/fr\/wp-json\/wp\/v2\/product\/29020","targetHints":{"allow":["GET"]}}],"collection":[{"href":"https:\/\/olemosaic.com\/fr\/wp-json\/wp\/v2\/product"}],"about":[{"href":"https:\/\/olemosaic.com\/fr\/wp-json\/wp\/v2\/types\/product"}],"wp:featuredmedia":[{"embeddable":true,"href":"https:\/\/olemosaic.com\/fr\/wp-json\/wp\/v2\/media\/11872"}],"wp:attachment":[{"href":"https:\/\/olemosaic.com\/fr\/wp-json\/wp\/v2\/media?parent=29020"}],"wp:term":[{"taxonomy":"product_brand","embeddable":true,"href":"https:\/\/olemosaic.com\/fr\/wp-json\/wp\/v2\/product_brand?post=29020"},{"taxonomy":"product_cat","embeddable":true,"href":"https:\/\/olemosaic.com\/fr\/wp-json\/wp\/v2\/product_cat?post=29020"},{"taxonomy":"product_tag","embeddable":true,"href":"https:\/\/olemosaic.com\/fr\/wp-json\/wp\/v2\/product_tag?post=29020"}],"curies":[{"name":"wp","href":"https:\/\/api.w.org\/{rel}","templated":true}]}}