{"id":29019,"date":"2025-02-20T23:30:37","date_gmt":"2025-02-20T22:30:37","guid":{"rendered":"http:\/\/olemosaic.com\/producto\/bol-de-coco-fucsia-caballito-de-mar-3\/"},"modified":"2025-07-25T19:49:13","modified_gmt":"2025-07-25T17:49:13","slug":"bol-noix-de-coco-fuchsia-hippocampe-3","status":"publish","type":"product","link":"https:\/\/olemosaic.com\/fr\/produit\/bol-noix-de-coco-fuchsia-hippocampe-3\/","title":{"rendered":"Bol en noix de coco fuchsia. Hippocampe. Style m\u00e9diterran\u00e9en."},"content":{"rendered":"<p>Ce bol en noix de coco fuchsia, d\u00e9cor\u00e9 d&rsquo;un sympathique hippocampe, est une pi\u00e8ce vibrante qui ajoute une touche exclusive et color\u00e9e \u00e0 n&rsquo;importe quel espace. Sa couleur fuchsia intense attire le regard, tandis que le design pr\u00e9sente un contour orn\u00e9 de c\u0153urs, cr\u00e9ant un attrait visuel qui \u00e9voque la joie et la fra\u00eecheur. Au centre, un d\u00e9licat hippocampe peint \u00e0 la main se d\u00e9tache avec un doux contraste sur le fond aux tons chauds, fusionnant ainsi l&rsquo;art et la nature d&rsquo;une mani\u00e8re unique. Fabriqu\u00e9 avec des mat\u00e9riaux naturels, chaque bol est un chef-d&rsquo;\u0153uvre unique, car les artisans le peignent \u00e0 la main, garantissant qu&rsquo;il n&rsquo;y a pas deux pi\u00e8ces identiques.<\/p>\n<p>Ce bol est parfait non seulement comme \u00e9l\u00e9ment d\u00e9coratif d&rsquo;int\u00e9rieur, mais aussi comme accessoire utile pour servir des ap\u00e9ritifs lors de r\u00e9unions et de c\u00e9l\u00e9brations. Son design ludique et color\u00e9 repr\u00e9sente une fusion de tradition et de modernit\u00e9 qui r\u00e9sonne avec le riche h\u00e9ritage artistique des pays o\u00f9 l&rsquo;art populaire et le design contemporain s&rsquo;entrelacent. En tant que souvenir exceptionnel, ce bol en noix de coco fuchsia est un rappel repr\u00e9sentatif qui saisit l&rsquo;essence de la culture locale. Chez Ol\u00e9 Mosaic, nous proposons des produits authentiques qui c\u00e9l\u00e8brent le patrimoine culturel et ce bol est une excellente option pour les boutiques de cadeaux touristiques \u00e0 la recherche d&rsquo;articles uniques et de qualit\u00e9. En tant que grossistes de souvenirs, nous garantissons l&rsquo;authenticit\u00e9 et la valeur artisanale de chaque pi\u00e8ce.<\/p>\n","protected":false},"excerpt":{"rendered":"<p>Bol en noix de coco fuchsia, d\u00e9cor\u00e9 d&rsquo;un sympathique hippocampe, id\u00e9al pour donner une touche vibrante \u00e0 n&rsquo;importe quel espace. Ce design se distingue par sa couleur fuchsia intense, avec un contour orn\u00e9 de c\u0153urs et un fond subtil aux tons chauds. \u00c9labor\u00e9 avec des mat\u00e9riaux naturels, le bol est de conception artisanale, peint \u00e0 la main par des artisans, ce qui assure que chaque pi\u00e8ce est unique. Parfait comme \u00e9l\u00e9ment d\u00e9coratif ou pour servir des ap\u00e9ritifs, il repr\u00e9sente une fusion de tradition et de modernit\u00e9.<\/p>\n","protected":false},"featured_media":10174,"template":"","meta":{"_acf_changed":false},"product_brand":[],"product_cat":[521],"product_tag":[530],"class_list":{"0":"post-29019","1":"product","2":"type-product","3":"status-publish","4":"has-post-thumbnail","6":"product_cat-bols","7":"product_tag-animaux","8":"pa_motivo-hippocampes","10":"first","11":"instock","12":"shipping-taxable","13":"product-type-simple"},"acf":[],"_links":{"self":[{"href":"https:\/\/olemosaic.com\/fr\/wp-json\/wp\/v2\/product\/29019","targetHints":{"allow":["GET"]}}],"collection":[{"href":"https:\/\/olemosaic.com\/fr\/wp-json\/wp\/v2\/product"}],"about":[{"href":"https:\/\/olemosaic.com\/fr\/wp-json\/wp\/v2\/types\/product"}],"wp:featuredmedia":[{"embeddable":true,"href":"https:\/\/olemosaic.com\/fr\/wp-json\/wp\/v2\/media\/10174"}],"wp:attachment":[{"href":"https:\/\/olemosaic.com\/fr\/wp-json\/wp\/v2\/media?parent=29019"}],"wp:term":[{"taxonomy":"product_brand","embeddable":true,"href":"https:\/\/olemosaic.com\/fr\/wp-json\/wp\/v2\/product_brand?post=29019"},{"taxonomy":"product_cat","embeddable":true,"href":"https:\/\/olemosaic.com\/fr\/wp-json\/wp\/v2\/product_cat?post=29019"},{"taxonomy":"product_tag","embeddable":true,"href":"https:\/\/olemosaic.com\/fr\/wp-json\/wp\/v2\/product_tag?post=29019"}],"curies":[{"name":"wp","href":"https:\/\/api.w.org\/{rel}","templated":true}]}}