{"id":29018,"date":"2025-02-20T23:30:37","date_gmt":"2025-02-20T22:30:37","guid":{"rendered":"http:\/\/olemosaic.com\/producto\/bol-de-coco-fucsia-caballito-de-mar-mallorca-3\/"},"modified":"2025-07-25T19:18:05","modified_gmt":"2025-07-25T17:18:05","slug":"bol-noix-de-coco-fuchsia-hippocampe-majorque-3","status":"publish","type":"product","link":"https:\/\/olemosaic.com\/fr\/produit\/bol-noix-de-coco-fuchsia-hippocampe-majorque-3\/","title":{"rendered":"Bol en noix de coco fuchsia. Hippocampe. Style m\u00e9diterran\u00e9en. Majorque."},"content":{"rendered":"<p>Ce bol fuchsia en noix de coco, d\u00e9cor\u00e9 d&rsquo;un charmant hippocampe, est un v\u00e9ritable embl\u00e8me de la beaut\u00e9 de la M\u00e9diterran\u00e9e \u00e0 Majorque. Sa couleur fuchsia vibrante attire le regard, devenant un \u00e9l\u00e9ment d\u00e9coratif de premier plan qui donnera vie \u00e0 n&rsquo;importe quel espace. Cet article n&rsquo;est pas seulement un bel objet d&rsquo;ornement, il b\u00e9n\u00e9ficie \u00e9galement d&rsquo;une finition artisanale de haute qualit\u00e9, comme en t\u00e9moigne son design en relief o\u00f9 l&rsquo;on peut lire \u00ab\u00a0MALLORCA\u00a0\u00bb. L&rsquo;hippocampe, symbole de la diversit\u00e9 marine et de la vie en M\u00e9diterran\u00e9e, est pr\u00e9sent\u00e9 de mani\u00e8re d\u00e9licate et stylis\u00e9e, constituant une repr\u00e9sentation parfaite de la faune locale et de la connexion de l&rsquo;\u00eele avec la mer.<\/p>\n<p>Id\u00e9al tant pour un usage d\u00e9coratif que fonctionnel, ce bol peut servir \u00e0 divers usages, du rangement de petits bijoux \u00e0 un centre de table vibrant. Chaque pi\u00e8ce est unique, garantissant que les clients d&rsquo;Ol\u00e9 Mosaic offrent \u00e0 leurs acheteurs un souvenir authentique et significatif de leur exp\u00e9rience \u00e0 Majorque. Ce bol fuchsia en noix de coco est une opportunit\u00e9 exceptionnelle pour les boutiques de cadeaux touristiques de disposer de souvenirs refl\u00e9tant la culture et le folklore majorquins, apportant une touche color\u00e9e et authentique \u00e0 leur offre. En tant que grossiste de souvenirs, Ol\u00e9 Mosaic est fier de fournir des produits qui capturent l&rsquo;essence de l&rsquo;Espagne, valorisant votre commerce avec des articles qui racontent des histoires et \u00e9voquent des souvenirs.<\/p>\n","protected":false},"excerpt":{"rendered":"<p>Bol en noix de coco fuchsia d\u00e9cor\u00e9 d&rsquo;un magnifique hippocampe, repr\u00e9sentant l&rsquo;essence de la M\u00e9diterran\u00e9e \u00e0 Majorque. Ce bol attrayant se distingue par sa couleur fuchsia vibrante et sa finition artisanale, avec un design en relief incluant le mot \u00ab\u00a0MALLORCA\u00a0\u00bb. Id\u00e9al pour apporter une touche de couleur \u00e0 n&rsquo;importe quel coin, c&rsquo;est un souvenir parfait qui capture l&rsquo;esprit du folklore majorquin. Parfait pour un usage d\u00e9coratif et fonctionnel.<\/p>\n","protected":false},"featured_media":11778,"template":"","meta":{"_acf_changed":false},"product_brand":[],"product_cat":[521],"product_tag":[530],"class_list":{"0":"post-29018","1":"product","2":"type-product","3":"status-publish","4":"has-post-thumbnail","6":"product_cat-bols","7":"product_tag-animaux","8":"pa_ciudad-mallorca","9":"pa_motivo-hippocampes","10":"pa_pais-espana","12":"first","13":"instock","14":"shipping-taxable","15":"product-type-simple"},"acf":[],"_links":{"self":[{"href":"https:\/\/olemosaic.com\/fr\/wp-json\/wp\/v2\/product\/29018","targetHints":{"allow":["GET"]}}],"collection":[{"href":"https:\/\/olemosaic.com\/fr\/wp-json\/wp\/v2\/product"}],"about":[{"href":"https:\/\/olemosaic.com\/fr\/wp-json\/wp\/v2\/types\/product"}],"wp:featuredmedia":[{"embeddable":true,"href":"https:\/\/olemosaic.com\/fr\/wp-json\/wp\/v2\/media\/11778"}],"wp:attachment":[{"href":"https:\/\/olemosaic.com\/fr\/wp-json\/wp\/v2\/media?parent=29018"}],"wp:term":[{"taxonomy":"product_brand","embeddable":true,"href":"https:\/\/olemosaic.com\/fr\/wp-json\/wp\/v2\/product_brand?post=29018"},{"taxonomy":"product_cat","embeddable":true,"href":"https:\/\/olemosaic.com\/fr\/wp-json\/wp\/v2\/product_cat?post=29018"},{"taxonomy":"product_tag","embeddable":true,"href":"https:\/\/olemosaic.com\/fr\/wp-json\/wp\/v2\/product_tag?post=29018"}],"curies":[{"name":"wp","href":"https:\/\/api.w.org\/{rel}","templated":true}]}}