{"id":29017,"date":"2025-02-20T23:30:37","date_gmt":"2025-02-20T22:30:37","guid":{"rendered":"http:\/\/olemosaic.com\/producto\/bol-de-coco-fucsia-caballito-de-mar-barcelona-3\/"},"modified":"2025-07-25T19:34:48","modified_gmt":"2025-07-25T17:34:48","slug":"bol-noix-de-coco-fuchsia-hippocampe-barcelone-3","status":"publish","type":"product","link":"https:\/\/olemosaic.com\/fr\/produit\/bol-noix-de-coco-fuchsia-hippocampe-barcelone-3\/","title":{"rendered":"Bol en noix de coco fuchsia. Hippocampe. Style m\u00e9diterran\u00e9en. Barcelone."},"content":{"rendered":"<p>Ce bol en noix de coco fuchsia, orn\u00e9 d&rsquo;un \u00e9l\u00e9gant hippocampe, est une pi\u00e8ce unique qui capture l&rsquo;essence vibrante de Barcelone. Sa finition brillante dans un ton fuchsia intense souligne son design contemporain et attrayant, tandis que le cadre en mosa\u00efque aux tons clairs ajoute une touche d&rsquo;\u00e9l\u00e9gance. L&rsquo;illustration centrale de l&rsquo;hippocampe, d\u00e9licatement peinte \u00e0 la main, \u00e9voque la connexion de la ville avec la mer M\u00e9diterran\u00e9e, rappelant les plages ensoleill\u00e9es qui la caract\u00e9risent. Ce bol n&rsquo;est pas seulement un objet d\u00e9coratif ; son design multifonctionnel le rend id\u00e9al pour un usage quotidien, servant de centre de table accrocheur, de corbeille \u00e0 fruits ou m\u00eame d&rsquo;organisateur pour petits objets. L&rsquo;hippocampe, symbole d&rsquo;amour et de loyaut\u00e9 dans de nombreuses cultures, ajoute une valeur sentimentale \u00e0 ce souvenir, en faisant un rappel sp\u00e9cial de la beaut\u00e9 de Barcelone. Chez Ol\u00e9 Mosaic, nous veillons \u00e0 proposer des souvenirs authentiques qui refl\u00e8tent la culture locale, et ce bol en noix de coco est un choix parfait pour les boutiques de cadeaux touristiques \u00e0 la recherche de produits color\u00e9s et de qualit\u00e9. Avec sa pertinence culturelle et esth\u00e9tique, ce bol en noix de coco fuchsia deviendra le cadeau id\u00e9al pour les touristes souhaitant ramener un morceau de Barcelone chez eux.<\/p>\n","protected":false},"excerpt":{"rendered":"<p>Bol en noix de coco fuchsia d\u00e9cor\u00e9 d&rsquo;un \u00e9l\u00e9gant hippocampe, \u00e9voquant le style vibrant de Barcelone. Ce bol singulier, avec une finition fuchsia brillante, pr\u00e9sente un design tr\u00e8s sp\u00e9cial avec un cadre en mosa\u00efque aux tons clairs. Peint avec un style artisanal, il capture l&rsquo;essence de la M\u00e9diterran\u00e9e avec le d\u00e9licat hippocampe au centre. Id\u00e9al comme objet d\u00e9coratif ou pour un usage quotidien, il ajoute une touche artistique et color\u00e9e \u00e0 n&rsquo;importe quel espace.<\/p>\n","protected":false},"featured_media":11758,"template":"","meta":{"_acf_changed":false},"product_brand":[],"product_cat":[521],"product_tag":[530],"class_list":{"0":"post-29017","1":"product","2":"type-product","3":"status-publish","4":"has-post-thumbnail","6":"product_cat-bols","7":"product_tag-animaux","8":"pa_ciudad-barcelona","9":"pa_motivo-hippocampes","10":"pa_pais-espana","12":"first","13":"instock","14":"shipping-taxable","15":"product-type-simple"},"acf":[],"_links":{"self":[{"href":"https:\/\/olemosaic.com\/fr\/wp-json\/wp\/v2\/product\/29017","targetHints":{"allow":["GET"]}}],"collection":[{"href":"https:\/\/olemosaic.com\/fr\/wp-json\/wp\/v2\/product"}],"about":[{"href":"https:\/\/olemosaic.com\/fr\/wp-json\/wp\/v2\/types\/product"}],"wp:featuredmedia":[{"embeddable":true,"href":"https:\/\/olemosaic.com\/fr\/wp-json\/wp\/v2\/media\/11758"}],"wp:attachment":[{"href":"https:\/\/olemosaic.com\/fr\/wp-json\/wp\/v2\/media?parent=29017"}],"wp:term":[{"taxonomy":"product_brand","embeddable":true,"href":"https:\/\/olemosaic.com\/fr\/wp-json\/wp\/v2\/product_brand?post=29017"},{"taxonomy":"product_cat","embeddable":true,"href":"https:\/\/olemosaic.com\/fr\/wp-json\/wp\/v2\/product_cat?post=29017"},{"taxonomy":"product_tag","embeddable":true,"href":"https:\/\/olemosaic.com\/fr\/wp-json\/wp\/v2\/product_tag?post=29017"}],"curies":[{"name":"wp","href":"https:\/\/api.w.org\/{rel}","templated":true}]}}