{"id":29011,"date":"2025-02-20T23:30:37","date_gmt":"2025-02-20T22:30:37","guid":{"rendered":"http:\/\/olemosaic.com\/producto\/bol-de-coco-fucsia-bailaora-3\/"},"modified":"2025-07-25T22:40:22","modified_gmt":"2025-07-25T20:40:22","slug":"bol-en-noix-de-coco-fuchsia-danseuse-flamenco-3","status":"publish","type":"product","link":"https:\/\/olemosaic.com\/fr\/produit\/bol-en-noix-de-coco-fuchsia-danseuse-flamenco-3\/","title":{"rendered":"Bol en noix de coco fuchsia. Danseuse de flamenco. Espagne."},"content":{"rendered":"<p>Ce bol en noix de coco fuchsia, d\u00e9cor\u00e9 de la figure d&rsquo;une danseuse de flamenco, est un reflet authentique du vibrant folklore andalou. Son int\u00e9rieur, d&rsquo;une couleur fuchsia intense, capture parfaitement l&rsquo;essence de la danse flamenco, tandis que le bord pr\u00e9sente une mosa\u00efque d\u00e9licate dans des tons doux qui ajoute une touche d&rsquo;\u00e9l\u00e9gance et de sophistication. La figure blanche de la danseuse, peinte avec beaucoup de d\u00e9tails, \u00e9voque le mouvement et la passion du flamenco, transformant cet objet en un souvenir qui n&rsquo;est pas seulement fonctionnel, mais aussi artistique et repr\u00e9sentatif de la culture espagnole.<\/p>\n<p>Ce bol n&rsquo;est pas seulement un ustensile de cuisine, mais une pi\u00e8ce d\u00e9corative qui enrichit n&rsquo;importe quel espace, rappelant toujours les traditions de l&rsquo;Andalousie. C&rsquo;est le cadeau parfait pour les touristes qui souhaitent emporter un morceau du riche h\u00e9ritage culturel de la r\u00e9gion. Chez Ol\u00e9 Mosaic, nous proposons ce bol dans le cadre de notre s\u00e9lection de souvenirs authentiques, id\u00e9aux pour les boutiques de cadeaux touristiques \u00e0 la recherche de produits uniques et de qualit\u00e9. Ce bol en noix de coco fuchsia est une excellente option pour ceux qui appr\u00e9cient l&rsquo;artisanat et souhaitent partager la beaut\u00e9 du flamenco et de la culture andalouse.<\/p>\n","protected":false},"excerpt":{"rendered":"<p>Bol en noix de coco fuchsia d\u00e9cor\u00e9 de la figure d&rsquo;une danseuse de flamenco, symbole de l&rsquo;intense folklore andalou. Ce bol attrayant pr\u00e9sente une couleur fuchsia vibrante \u00e0 l&rsquo;int\u00e9rieur, compl\u00e9t\u00e9e par un bord de mosa\u00efques dans des tons doux. La figure blanche de la danseuse capture l&rsquo;essence du flamenco, dans une danse pleine de vie et de mouvement. Un souvenir parfait qui refl\u00e8te la culture et la passion de l&rsquo;Andalousie.<\/p>\n","protected":false},"featured_media":12031,"template":"","meta":{"_acf_changed":false},"product_brand":[],"product_cat":[521],"product_tag":[],"class_list":{"0":"post-29011","1":"product","2":"type-product","3":"status-publish","4":"has-post-thumbnail","6":"product_cat-bols","7":"pa_motivo-danseurs","9":"first","10":"instock","11":"shipping-taxable","12":"product-type-simple"},"acf":[],"_links":{"self":[{"href":"https:\/\/olemosaic.com\/fr\/wp-json\/wp\/v2\/product\/29011","targetHints":{"allow":["GET"]}}],"collection":[{"href":"https:\/\/olemosaic.com\/fr\/wp-json\/wp\/v2\/product"}],"about":[{"href":"https:\/\/olemosaic.com\/fr\/wp-json\/wp\/v2\/types\/product"}],"wp:featuredmedia":[{"embeddable":true,"href":"https:\/\/olemosaic.com\/fr\/wp-json\/wp\/v2\/media\/12031"}],"wp:attachment":[{"href":"https:\/\/olemosaic.com\/fr\/wp-json\/wp\/v2\/media?parent=29011"}],"wp:term":[{"taxonomy":"product_brand","embeddable":true,"href":"https:\/\/olemosaic.com\/fr\/wp-json\/wp\/v2\/product_brand?post=29011"},{"taxonomy":"product_cat","embeddable":true,"href":"https:\/\/olemosaic.com\/fr\/wp-json\/wp\/v2\/product_cat?post=29011"},{"taxonomy":"product_tag","embeddable":true,"href":"https:\/\/olemosaic.com\/fr\/wp-json\/wp\/v2\/product_tag?post=29011"}],"curies":[{"name":"wp","href":"https:\/\/api.w.org\/{rel}","templated":true}]}}