{"id":29010,"date":"2025-02-20T23:30:37","date_gmt":"2025-02-20T22:30:37","guid":{"rendered":"http:\/\/olemosaic.com\/producto\/bol-de-coco-fucsia-concha-camino-de-santiago-2\/"},"modified":"2025-07-25T19:08:03","modified_gmt":"2025-07-25T17:08:03","slug":"bol-en-noix-de-coco-fuchsia-coquille-chemin-de-compostelle-2","status":"publish","type":"product","link":"https:\/\/olemosaic.com\/fr\/produit\/bol-en-noix-de-coco-fuchsia-coquille-chemin-de-compostelle-2\/","title":{"rendered":"Bol en noix de coco fuchsia. Coquille. Chemin de Compostelle. Galice."},"content":{"rendered":"<p>Ce bol en noix de coco fuchsia, d\u00e9cor\u00e9 de coquilles, est un v\u00e9ritable chef-d&rsquo;\u0153uvre inspir\u00e9 de l&#8217;embl\u00e9matique Chemin de Compostelle. Son design vibrant dans les tons fuchsia se distingue par ses d\u00e9licates touches de couleur, cr\u00e9ant un effet visuel frappant qui attirera tous les regards. La base de ce bol pr\u00e9sente une finition ing\u00e9nieuse en coquille, qui apporte non seulement une touche naturelle et organique, mais se connecte \u00e9galement profond\u00e9ment \u00e0 la tradition de la route jacquaire, symbole de p\u00e8lerinage et de spiritualit\u00e9 en Espagne.<\/p>\n<p>Au centre, un symbole distinctif du Chemin de Compostelle ressort dans une \u00e9l\u00e9gante couleur dor\u00e9e, soulignant son importance culturelle et permettant \u00e0 ce bol de ne pas seulement servir d&rsquo;article d\u00e9coratif, mais aussi de souvenir significatif de l&rsquo;exp\u00e9rience de parcourir cette route embl\u00e9matique. Il est parfait aussi bien pour d\u00e9corer la maison que pour l&rsquo;offrir comme un souvenir exclusif \u00e9voquant l&rsquo;histoire et la beaut\u00e9 du Chemin de Compostelle.<\/p>\n<p>Chez Ol\u00e9 Mosaic, nous nous sp\u00e9cialisons dans la distribution de souvenirs en gros, offrant des produits authentiques qui refl\u00e8tent l&rsquo;essence de chaque r\u00e9gion. Ce bol en noix de coco fuchsia est une option id\u00e9ale pour les boutiques de cadeaux touristiques \u00e0 la recherche d&rsquo;articles uniques et culturels qui capturent le riche h\u00e9ritage espagnol. Il se distingue parmi les souvenirs du Chemin de Compostelle, offrant qualit\u00e9 et authenticit\u00e9 dans chaque pi\u00e8ce.<\/p>\n","protected":false},"excerpt":{"rendered":"<p>Bol en noix de coco fuchsia d\u00e9cor\u00e9 de coquilles, inspir\u00e9 du Chemin de Compostelle. Ce bol attrayant pr\u00e9sente un design vibrant dans les tons fuchsia, cr\u00e9ant un effet frappant qui \u00e9voque son origine. La base du bol arbore une finition avec des coquilles, et un symbole distinctif du Chemin de Compostelle en couleur dor\u00e9e ressort. Parfait comme \u00e9l\u00e9ment d\u00e9coratif ou comme souvenir de cette route embl\u00e9matique.<\/p>\n","protected":false},"featured_media":11944,"template":"","meta":{"_acf_changed":false},"product_brand":[],"product_cat":[521],"product_tag":[],"class_list":{"0":"post-29010","1":"product","2":"type-product","3":"status-publish","4":"has-post-thumbnail","6":"product_cat-bols","7":"pa_ciudad-santiago-de-compostela","8":"pa_motivo-coquillages","9":"pa_pais-espana","11":"first","12":"instock","13":"shipping-taxable","14":"product-type-simple"},"acf":[],"_links":{"self":[{"href":"https:\/\/olemosaic.com\/fr\/wp-json\/wp\/v2\/product\/29010","targetHints":{"allow":["GET"]}}],"collection":[{"href":"https:\/\/olemosaic.com\/fr\/wp-json\/wp\/v2\/product"}],"about":[{"href":"https:\/\/olemosaic.com\/fr\/wp-json\/wp\/v2\/types\/product"}],"wp:featuredmedia":[{"embeddable":true,"href":"https:\/\/olemosaic.com\/fr\/wp-json\/wp\/v2\/media\/11944"}],"wp:attachment":[{"href":"https:\/\/olemosaic.com\/fr\/wp-json\/wp\/v2\/media?parent=29010"}],"wp:term":[{"taxonomy":"product_brand","embeddable":true,"href":"https:\/\/olemosaic.com\/fr\/wp-json\/wp\/v2\/product_brand?post=29010"},{"taxonomy":"product_cat","embeddable":true,"href":"https:\/\/olemosaic.com\/fr\/wp-json\/wp\/v2\/product_cat?post=29010"},{"taxonomy":"product_tag","embeddable":true,"href":"https:\/\/olemosaic.com\/fr\/wp-json\/wp\/v2\/product_tag?post=29010"}],"curies":[{"name":"wp","href":"https:\/\/api.w.org\/{rel}","templated":true}]}}