{"id":29008,"date":"2025-02-20T22:30:36","date_gmt":"2025-02-20T22:30:36","guid":{"rendered":"http:\/\/olemosaic.com\/producto\/bol-de-coco-fucsia-concha-camino-de-santiago\/"},"modified":"2025-07-25T20:25:15","modified_gmt":"2025-07-25T18:25:15","slug":"bol-en-noix-de-coco-fuchsia-coquille-chemin-de-compostelle","status":"publish","type":"product","link":"https:\/\/olemosaic.com\/fr\/produit\/bol-en-noix-de-coco-fuchsia-coquille-chemin-de-compostelle\/","title":{"rendered":"Bol en noix de coco fuchsia. Coquille. Chemin de Compostelle."},"content":{"rendered":"<p>Ce bol en noix de coco fuchsia, inspir\u00e9 du Chemin de Compostelle, est une fusion exceptionnelle de design moderne et de riche h\u00e9ritage culturel. Avec une finition brillante d&rsquo;un fuchsia vibrant, ce bol se distingue par sa forme de coquille d\u00e9corative qui \u00e9voque la beaut\u00e9 naturelle de la c\u00f4te m\u00e9diterran\u00e9enne. Le motif de mosa\u00efque en relief qui orne ses bords lui donne une touche unique, en faisant une pi\u00e8ce qui attire l&rsquo;attention. \u00c0 l&rsquo;int\u00e9rieur, le symbole embl\u00e9matique du Chemin de Compostelle ressort, un \u00e9l\u00e9ment qui relie les amateurs d&rsquo;histoire \u00e0 cette c\u00e9l\u00e8bre route de p\u00e8lerinage qui attire des milliers de visiteurs chaque ann\u00e9e, refl\u00e9tant l&rsquo;esprit d&rsquo;aventure et de d\u00e9couverte.<\/p>\n<p>Ce bol n&rsquo;est pas seulement un accessoire d\u00e9coratif, mais aussi un souvenir authentique qui encapsule l&rsquo;essence de l&rsquo;Espagne, id\u00e9al pour les touristes qui souhaitent ramener un morceau de la culture espagnole chez eux. Chez Ol\u00e9 Mosaic, nous nous sp\u00e9cialisons dans la distribution de souvenirs en gros, et ce bol en noix de coco est une excellente option pour les boutiques de cadeaux touristiques qui souhaitent proposer des produits de qualit\u00e9 et de pertinence culturelle. Avec cette pi\u00e8ce, les commer\u00e7ants peuvent offrir \u00e0 leurs clients un souvenir authentique et significatif, assumant le r\u00f4le de grossistes de souvenirs du Chemin de Compostelle et contribuant \u00e0 la diffusion de la culture espagnole.<\/p>\n","protected":false},"excerpt":{"rendered":"<p>Bol en noix de coco fuchsia inspir\u00e9 du Chemin de Compostelle, avec un design vibrant et moderne. Ce bol pr\u00e9sente une d\u00e9coration en forme de coquille avec une finition fuchsia brillante et un motif de mosa\u00efque en relief qui souligne sa singularit\u00e9. Au centre, il arbore l&#8217;embl\u00e8me du Chemin de Compostelle, mettant en valeur le riche h\u00e9ritage culturel de cette c\u00e9l\u00e8bre route. Un accessoire parfait pour apporter une touche d&rsquo;Espagne \u00e0 votre int\u00e9rieur.<\/p>\n","protected":false},"featured_media":11746,"template":"","meta":{"_acf_changed":false},"product_brand":[],"product_cat":[521],"product_tag":[],"class_list":{"0":"post-29008","1":"product","2":"type-product","3":"status-publish","4":"has-post-thumbnail","6":"product_cat-bols","7":"pa_ciudad-santiago-de-compostela","8":"pa_motivo-coquillages","9":"pa_pais-espana","11":"first","12":"instock","13":"shipping-taxable","14":"product-type-simple"},"acf":[],"_links":{"self":[{"href":"https:\/\/olemosaic.com\/fr\/wp-json\/wp\/v2\/product\/29008","targetHints":{"allow":["GET"]}}],"collection":[{"href":"https:\/\/olemosaic.com\/fr\/wp-json\/wp\/v2\/product"}],"about":[{"href":"https:\/\/olemosaic.com\/fr\/wp-json\/wp\/v2\/types\/product"}],"wp:featuredmedia":[{"embeddable":true,"href":"https:\/\/olemosaic.com\/fr\/wp-json\/wp\/v2\/media\/11746"}],"wp:attachment":[{"href":"https:\/\/olemosaic.com\/fr\/wp-json\/wp\/v2\/media?parent=29008"}],"wp:term":[{"taxonomy":"product_brand","embeddable":true,"href":"https:\/\/olemosaic.com\/fr\/wp-json\/wp\/v2\/product_brand?post=29008"},{"taxonomy":"product_cat","embeddable":true,"href":"https:\/\/olemosaic.com\/fr\/wp-json\/wp\/v2\/product_cat?post=29008"},{"taxonomy":"product_tag","embeddable":true,"href":"https:\/\/olemosaic.com\/fr\/wp-json\/wp\/v2\/product_tag?post=29008"}],"curies":[{"name":"wp","href":"https:\/\/api.w.org\/{rel}","templated":true}]}}