{"id":29005,"date":"2025-02-20T23:30:35","date_gmt":"2025-02-20T22:30:35","guid":{"rendered":"http:\/\/olemosaic.com\/producto\/bol-de-coco-fucsia-salamandra-mallorca-2\/"},"modified":"2025-07-25T19:03:42","modified_gmt":"2025-07-25T17:03:42","slug":"bol-noix-de-coco-fuchsia-salamandre-majorque-2","status":"publish","type":"product","link":"https:\/\/olemosaic.com\/fr\/produit\/bol-noix-de-coco-fuchsia-salamandre-majorque-2\/","title":{"rendered":"Bol en noix de coco fuchsia. Salamandre. Style m\u00e9diterran\u00e9en. Majorque."},"content":{"rendered":"<p>Ce bol en noix de coco fuchsia est une pi\u00e8ce vibrante et captivante qui capture l&rsquo;essence de Majorque, id\u00e9al aussi bien pour un usage quotidien que pour la d\u00e9coration. Sa couleur fuchsia intense et sa finition brillante en font un objet frappant qui se d\u00e9marque dans n&rsquo;importe quel environnement. Au centre du bol se trouve une illustration stylis\u00e9e d&rsquo;une salamandre, symbole de la riche biodiversit\u00e9 des \u00eeles Bal\u00e9ares, compl\u00e9t\u00e9e par le texte \u00ab\u00a0MAJORQUE\u00a0\u00bb, qui souligne l&rsquo;origine du produit. L&rsquo;illustration est encadr\u00e9e par un d\u00e9licat motif de c\u0153urs, qui ajoute une touche charmante et romantique, \u00e9voquant la beaut\u00e9 du paysage majorquin.<\/p>\n<p>La connexion culturelle de ce bol est profonde, car la salamandre est associ\u00e9e aux l\u00e9gendes et croyances de la r\u00e9gion, symbolisant la transformation et la renaissance. Ce souvenir authentique est parfait pour les touristes qui cherchent \u00e0 ramener un morceau de la culture majorquine chez eux.<\/p>\n<p>Chez Ol\u00e9 Mosaic, nous nous sp\u00e9cialisons dans la distribution de souvenirs en gros, offrant des produits uniques comme ce bol en noix de coco, qui repr\u00e9sente la tradition et l&rsquo;art de Majorque. Id\u00e9al pour les boutiques de cadeaux touristiques, cette pi\u00e8ce n&rsquo;est pas seulement fonctionnelle, mais c&rsquo;est aussi un souvenir significatif et attrayant qui r\u00e9sonne avec la culture locale et l&rsquo;histoire des \u00eeles Bal\u00e9ares.<\/p>\n","protected":false},"excerpt":{"rendered":"<p>Bol en noix de coco fuchsia avec un design embl\u00e9matique d&rsquo;une salamandre, repr\u00e9sentant la beaut\u00e9 de Majorque. Ce bol attrayant se distingue par sa couleur fuchsia vibrante et sa texture brillante, id\u00e9al aussi bien pour la d\u00e9coration que pour un usage quotidien. Au centre, il pr\u00e9sente l&rsquo;illustration d&rsquo;une salamandre dans une couleur contrastante, accompagn\u00e9e du texte \u00ab\u00a0MAJORQUE\u00a0\u00bb, le tout encadr\u00e9 par un d\u00e9tail de c\u0153urs qui ajoute une touche charmante. Parfait pour ceux qui recherchent un souvenir authentique des \u00eeles Bal\u00e9ares.<\/p>\n","protected":false},"featured_media":10218,"template":"","meta":{"_acf_changed":false},"product_brand":[],"product_cat":[521],"product_tag":[530],"class_list":{"0":"post-29005","1":"product","2":"type-product","3":"status-publish","4":"has-post-thumbnail","6":"product_cat-bols","7":"product_tag-animaux","8":"pa_ciudad-mallorca","9":"pa_motivo-salamandres","10":"pa_pais-espana","12":"first","13":"instock","14":"shipping-taxable","15":"product-type-simple"},"acf":[],"_links":{"self":[{"href":"https:\/\/olemosaic.com\/fr\/wp-json\/wp\/v2\/product\/29005","targetHints":{"allow":["GET"]}}],"collection":[{"href":"https:\/\/olemosaic.com\/fr\/wp-json\/wp\/v2\/product"}],"about":[{"href":"https:\/\/olemosaic.com\/fr\/wp-json\/wp\/v2\/types\/product"}],"wp:featuredmedia":[{"embeddable":true,"href":"https:\/\/olemosaic.com\/fr\/wp-json\/wp\/v2\/media\/10218"}],"wp:attachment":[{"href":"https:\/\/olemosaic.com\/fr\/wp-json\/wp\/v2\/media?parent=29005"}],"wp:term":[{"taxonomy":"product_brand","embeddable":true,"href":"https:\/\/olemosaic.com\/fr\/wp-json\/wp\/v2\/product_brand?post=29005"},{"taxonomy":"product_cat","embeddable":true,"href":"https:\/\/olemosaic.com\/fr\/wp-json\/wp\/v2\/product_cat?post=29005"},{"taxonomy":"product_tag","embeddable":true,"href":"https:\/\/olemosaic.com\/fr\/wp-json\/wp\/v2\/product_tag?post=29005"}],"curies":[{"name":"wp","href":"https:\/\/api.w.org\/{rel}","templated":true}]}}