{"id":29002,"date":"2025-02-20T23:30:35","date_gmt":"2025-02-20T22:30:35","guid":{"rendered":"http:\/\/olemosaic.com\/producto\/bol-de-coco-fucsia-mariposa-3\/"},"modified":"2025-07-25T20:38:15","modified_gmt":"2025-07-25T18:38:15","slug":"bol-noix-de-coco-fuchsia-papillon-3","status":"publish","type":"product","link":"https:\/\/olemosaic.com\/fr\/produit\/bol-noix-de-coco-fuchsia-papillon-3\/","title":{"rendered":"Bol en noix de coco fuchsia. Papillon. Motif c\u0153urs."},"content":{"rendered":"<p>Ce bol fuchsia en noix de coco est une pi\u00e8ce unique et vibrante qui se distingue par son design d\u00e9coratif \u00e9labor\u00e9, id\u00e9al pour ceux qui recherchent des souvenirs authentiques et repr\u00e9sentatifs. Avec une couleur fuchsia \u00e9clatante qui attire l&rsquo;attention, ce bol est orn\u00e9 d&rsquo;un d\u00e9licat motif de papillon au centre, symbolisant la transformation et la beaut\u00e9 \u00e9ph\u00e9m\u00e8re de la nature. Les bords du bol sont d\u00e9cor\u00e9s de petits c\u0153urs, qui ajoutent une touche de tendresse et de chaleur \u00e0 cette pi\u00e8ce artisanale.<\/p>\n<p>La finition brillante rehausse l&rsquo;\u00e9l\u00e9gance de sa forme arrondie et maximise l&rsquo;attrait visuel du bol, en faisant un excellent compl\u00e9ment pour toute occasion, que ce soit comme \u00e9l\u00e9ment d\u00e9coratif dans votre maison ou comme ustensile pour servir de petites gourmandises. Chaque bol est fabriqu\u00e9 de mani\u00e8re artisanale, ce qui garantit sa singularit\u00e9 et sa qualit\u00e9, en faisant un souvenir parfait de votre voyage.<\/p>\n<p>Originaire de r\u00e9gions o\u00f9 la culture artisanale fleurit, ce bol fuchsia en noix de coco capture l&rsquo;essence de la tradition locale, ce qui en fait un souvenir id\u00e9al pour les touristes \u00e0 la recherche de pi\u00e8ces authentiques et m\u00e9morables. Chez Ol\u00e9 Mosaic, en tant que grossiste de souvenirs, nous proposons des produits qui refl\u00e8tent l&rsquo;art et la culture de chaque r\u00e9gion, garantissant que chaque article est une repr\u00e9sentation authentique de son h\u00e9ritage culturel. Ce bol est une magnifique option pour les boutiques de cadeaux touristiques qui souhaitent proposer des articles ayant une valeur sentimentale et esth\u00e9tique, parfaits pour \u00eatre m\u00e9moris\u00e9s et appr\u00e9ci\u00e9s.<\/p>\n","protected":false},"excerpt":{"rendered":"<p>Bol en noix de coco fuchsia orn\u00e9 d&rsquo;un d\u00e9licat motif de papillon au centre. Ce bol attrayant, fabriqu\u00e9 \u00e0 la main, affiche une couleur fuchsia vibrante accompagn\u00e9e de motifs de c\u0153urs sur les bords. Sa finition brillante souligne l&rsquo;\u00e9l\u00e9gance de sa forme arrondie, en faisant une pi\u00e8ce unique qui fusionne tradition et modernit\u00e9. Parfait comme \u00e9l\u00e9ment d\u00e9coratif ou pour servir de petites gourmandises, son style distinctif le rend id\u00e9al pour toute occasion.<\/p>\n","protected":false},"featured_media":13440,"template":"","meta":{"_acf_changed":false},"product_brand":[],"product_cat":[521],"product_tag":[530],"class_list":{"0":"post-29002","1":"product","2":"type-product","3":"status-publish","4":"has-post-thumbnail","6":"product_cat-bols","7":"product_tag-animaux","8":"pa_motivo-papillons","10":"first","11":"instock","12":"shipping-taxable","13":"product-type-simple"},"acf":[],"_links":{"self":[{"href":"https:\/\/olemosaic.com\/fr\/wp-json\/wp\/v2\/product\/29002","targetHints":{"allow":["GET"]}}],"collection":[{"href":"https:\/\/olemosaic.com\/fr\/wp-json\/wp\/v2\/product"}],"about":[{"href":"https:\/\/olemosaic.com\/fr\/wp-json\/wp\/v2\/types\/product"}],"wp:featuredmedia":[{"embeddable":true,"href":"https:\/\/olemosaic.com\/fr\/wp-json\/wp\/v2\/media\/13440"}],"wp:attachment":[{"href":"https:\/\/olemosaic.com\/fr\/wp-json\/wp\/v2\/media?parent=29002"}],"wp:term":[{"taxonomy":"product_brand","embeddable":true,"href":"https:\/\/olemosaic.com\/fr\/wp-json\/wp\/v2\/product_brand?post=29002"},{"taxonomy":"product_cat","embeddable":true,"href":"https:\/\/olemosaic.com\/fr\/wp-json\/wp\/v2\/product_cat?post=29002"},{"taxonomy":"product_tag","embeddable":true,"href":"https:\/\/olemosaic.com\/fr\/wp-json\/wp\/v2\/product_tag?post=29002"}],"curies":[{"name":"wp","href":"https:\/\/api.w.org\/{rel}","templated":true}]}}