{"id":28999,"date":"2025-02-20T23:30:35","date_gmt":"2025-02-20T22:30:35","guid":{"rendered":"http:\/\/olemosaic.com\/producto\/bol-de-coco-fucsia-mariposa-2\/"},"modified":"2025-07-25T19:00:22","modified_gmt":"2025-07-25T17:00:22","slug":"bol-noix-de-coco-fuchsia-papillon-2","status":"publish","type":"product","link":"https:\/\/olemosaic.com\/fr\/produit\/bol-noix-de-coco-fuchsia-papillon-2\/","title":{"rendered":"Bol en noix de coco fuchsia. Papillon. Espagne."},"content":{"rendered":"<p>Ce bol en noix de coco fuchsia est une pi\u00e8ce d\u00e9corative et fonctionnelle qui se distingue par son design vibrant et distinctif, id\u00e9al pour rehausser n&rsquo;importe quel espace. \u00c9labor\u00e9 \u00e0 partir de coques de noix de coco et de mosa\u00efque, il pr\u00e9sente une base circulaire dans les tons fuchsia et blanc qui cr\u00e9e un effet visuel captivant. La fusion de ces couleurs vibrantes lui conf\u00e8re un caract\u00e8re joyeux et contemporain, tandis que les d\u00e9tails d\u00e9licats d&rsquo;un papillon, appliqu\u00e9s subtilement sur la partie frontale, ajoutent une touche artistique qui \u00e9voque le folklore traditionnel.<\/p>\n<p>Le papillon symbolise la transformation et la beaut\u00e9, des \u00e9l\u00e9ments profond\u00e9ment ancr\u00e9s dans la culture artistique de diverses r\u00e9gions, particuli\u00e8rement celles qui c\u00e9l\u00e8brent la nature et sa splendeur. Ce bol n&rsquo;est pas seulement id\u00e9al pour servir des ap\u00e9ritifs ou des salades, il peut aussi fonctionner comme \u00e9l\u00e9ment d\u00e9coratif, apportant un air \u00e9l\u00e9gant et original \u00e0 n&rsquo;importe quelle pi\u00e8ce.<\/p>\n<p>Chez Ol\u00e9 Mosaic, nous nous sp\u00e9cialisons dans la distribution de souvenirs en gros, offrant des produits qui refl\u00e8tent l&rsquo;authenticit\u00e9 et la richesse culturelle. Ce bol en noix de coco fuchsia est une excellente option pour les boutiques de cadeaux touristiques \u00e0 la recherche de souvenirs authentiques, fonctionnels et avec un design qui r\u00e9sonne avec l&rsquo;esprit du lieu. C&rsquo;est le souvenir parfait pour ceux qui souhaitent emporter un morceau de la tradition et de l&rsquo;art local chez eux.<\/p>\n","protected":false},"excerpt":{"rendered":"<p>Bol en noix de coco fuchsia d\u00e9cor\u00e9 d&rsquo;un motif d\u00e9licat de papillon. Ce bol attrayant pr\u00e9sente un design circulaire, \u00e9labor\u00e9 \u00e0 partir de morceaux de noix de coco et de mosa\u00efque qui ressortent dans les tons fuchsia et blanc, cr\u00e9ant un effet visuel vibrant. Les d\u00e9tails du papillon, appliqu\u00e9s avec subtilit\u00e9, ajoutent une touche artistique qui \u00e9voque le charme du folklore traditionnel. Id\u00e9al comme pi\u00e8ce d\u00e9corative ou pour un usage quotidien, ce bol est un hommage \u00e0 l&rsquo;artisanat typique de la r\u00e9gion.<\/p>\n","protected":false},"featured_media":13505,"template":"","meta":{"_acf_changed":false},"product_brand":[],"product_cat":[521],"product_tag":[530],"class_list":{"0":"post-28999","1":"product","2":"type-product","3":"status-publish","4":"has-post-thumbnail","6":"product_cat-bols","7":"product_tag-animaux","8":"pa_motivo-papillons","10":"first","11":"instock","12":"shipping-taxable","13":"product-type-simple"},"acf":[],"_links":{"self":[{"href":"https:\/\/olemosaic.com\/fr\/wp-json\/wp\/v2\/product\/28999","targetHints":{"allow":["GET"]}}],"collection":[{"href":"https:\/\/olemosaic.com\/fr\/wp-json\/wp\/v2\/product"}],"about":[{"href":"https:\/\/olemosaic.com\/fr\/wp-json\/wp\/v2\/types\/product"}],"wp:featuredmedia":[{"embeddable":true,"href":"https:\/\/olemosaic.com\/fr\/wp-json\/wp\/v2\/media\/13505"}],"wp:attachment":[{"href":"https:\/\/olemosaic.com\/fr\/wp-json\/wp\/v2\/media?parent=28999"}],"wp:term":[{"taxonomy":"product_brand","embeddable":true,"href":"https:\/\/olemosaic.com\/fr\/wp-json\/wp\/v2\/product_brand?post=28999"},{"taxonomy":"product_cat","embeddable":true,"href":"https:\/\/olemosaic.com\/fr\/wp-json\/wp\/v2\/product_cat?post=28999"},{"taxonomy":"product_tag","embeddable":true,"href":"https:\/\/olemosaic.com\/fr\/wp-json\/wp\/v2\/product_tag?post=28999"}],"curies":[{"name":"wp","href":"https:\/\/api.w.org\/{rel}","templated":true}]}}