{"id":28998,"date":"2025-02-20T23:30:34","date_gmt":"2025-02-20T22:30:34","guid":{"rendered":"http:\/\/olemosaic.com\/producto\/bol-de-coco-fucsia-sagrada-familia-barcelona-3\/"},"modified":"2025-07-25T19:15:03","modified_gmt":"2025-07-25T17:15:03","slug":"bol-noix-de-coco-fuchsia-sagrada-familia-barcelone-3","status":"publish","type":"product","link":"https:\/\/olemosaic.com\/fr\/produit\/bol-noix-de-coco-fuchsia-sagrada-familia-barcelone-3\/","title":{"rendered":"Bol en noix de coco fuchsia. Sagrada Familia. Gaudi. Barcelone."},"content":{"rendered":"<p>Ce bol en noix de coco fuchsia est une pi\u00e8ce d\u00e9corative vibrante qui capture l&rsquo;essence de Barcelone \u00e0 travers son design embl\u00e9matique. Fabriqu\u00e9 artisanalement en noix de coco, sa finition brillante et sa couleur fuchsia ressortent avec audace, tandis que les c\u0153urs d\u00e9licatement peints autour du bord ajoutent une touche romantique et festive. Au centre, se d\u00e9tache l&rsquo;iconique Sagrada Familia, l&rsquo;un des chefs-d&rsquo;\u0153uvre d&rsquo;Antoni Gaud\u00ed, qui s&rsquo;\u00e9rige comme symbole de l&rsquo;architecture moderniste de la ville. Ce design n&rsquo;est pas seulement attrayant visuellement, il offre \u00e9galement une signification culturelle profonde, rappelant aux visiteurs le riche h\u00e9ritage historique et artistique de Barcelone.<\/p>\n<p>Avec son esth\u00e9tique contemporaine et sa connexion culturelle, ce bol devient un souvenir id\u00e9al pour ceux qui souhaitent emporter un fragment de la ville. De plus, sa fonctionnalit\u00e9 permet de l&rsquo;utiliser aussi bien comme \u00e9l\u00e9ment d\u00e9coratif que comme ustensile pour la maison, ce qui le transforme en un souvenir polyvalent et pratique. Chez Ol\u00e9 Mosaic, nous distribuons d&rsquo;authentiques souvenirs de Barcelone en gros, et ce bol en noix de coco est une excellente option pour les boutiques de cadeaux touristiques souhaitant proposer des produits de qualit\u00e9 et de pertinence culturelle. N&rsquo;h\u00e9sitez pas \u00e0 ajouter ce s\u00e9duisant bol en noix de coco fuchsia \u00e0 votre catalogue et offrez \u00e0 vos clients un morceau du charme barcelonais.<\/p>\n","protected":false},"excerpt":{"rendered":"<p>Bol en noix de coco fuchsia avec un design vibrant repr\u00e9sentant l&#8217;embl\u00e9matique Sagrada Familia de Barcelone. Cet article d\u00e9coratif, fabriqu\u00e9 en noix de coco, pr\u00e9sente une finition brillante et des d\u00e9tails fuchsia, avec des c\u0153urs ornant le bord. La sc\u00e8ne iconique se trouve au fond, apportant une touche culturelle et moderne \u00e0 ce souvenir authentique. Parfait pour ajouter un \u00e9l\u00e9ment artistique \u00e0 n&rsquo;importe quel espace.<\/p>\n","protected":false},"featured_media":13465,"template":"","meta":{"_acf_changed":false},"product_brand":[],"product_cat":[521],"product_tag":[],"class_list":{"0":"post-28998","1":"product","2":"type-product","3":"status-publish","4":"has-post-thumbnail","6":"product_cat-bols","7":"pa_ciudad-barcelona","8":"pa_motivo-sagrada-familia","9":"pa_pais-espana","11":"first","12":"instock","13":"shipping-taxable","14":"product-type-simple"},"acf":[],"_links":{"self":[{"href":"https:\/\/olemosaic.com\/fr\/wp-json\/wp\/v2\/product\/28998","targetHints":{"allow":["GET"]}}],"collection":[{"href":"https:\/\/olemosaic.com\/fr\/wp-json\/wp\/v2\/product"}],"about":[{"href":"https:\/\/olemosaic.com\/fr\/wp-json\/wp\/v2\/types\/product"}],"wp:featuredmedia":[{"embeddable":true,"href":"https:\/\/olemosaic.com\/fr\/wp-json\/wp\/v2\/media\/13465"}],"wp:attachment":[{"href":"https:\/\/olemosaic.com\/fr\/wp-json\/wp\/v2\/media?parent=28998"}],"wp:term":[{"taxonomy":"product_brand","embeddable":true,"href":"https:\/\/olemosaic.com\/fr\/wp-json\/wp\/v2\/product_brand?post=28998"},{"taxonomy":"product_cat","embeddable":true,"href":"https:\/\/olemosaic.com\/fr\/wp-json\/wp\/v2\/product_cat?post=28998"},{"taxonomy":"product_tag","embeddable":true,"href":"https:\/\/olemosaic.com\/fr\/wp-json\/wp\/v2\/product_tag?post=28998"}],"curies":[{"name":"wp","href":"https:\/\/api.w.org\/{rel}","templated":true}]}}