{"id":28964,"date":"2025-02-20T22:30:34","date_gmt":"2025-02-20T22:30:34","guid":{"rendered":"http:\/\/olemosaic.com\/producto\/bol-de-coco-fucsia-isla-menorca\/"},"modified":"2025-07-25T20:29:46","modified_gmt":"2025-07-25T18:29:46","slug":"bol-noix-de-coco-fuchsia-ile-minorque","status":"publish","type":"product","link":"https:\/\/olemosaic.com\/fr\/produit\/bol-noix-de-coco-fuchsia-ile-minorque\/","title":{"rendered":"Bol en noix de coco fuchsia. \u00cele. Minorque."},"content":{"rendered":"<p>Ce bol en noix de coco fuchsia est une pi\u00e8ce d\u00e9corative qui capture l&rsquo;essence de l&rsquo;\u00eele de Minorque, offrant un design vibrant et artistique. La base du bol est orn\u00e9e d&rsquo;une mosa\u00efque brillante dans des tons fuchsia, ce qui lui conf\u00e8re un caract\u00e8re joyeux et contemporain. Au centre, la silhouette de Minorque se d\u00e9tache, illustr\u00e9e dans un ton dor\u00e9 chaleureux, qui souligne la beaut\u00e9 et l&rsquo;authenticit\u00e9 de cette r\u00e9gion c\u00f4ti\u00e8re de la M\u00e9diterran\u00e9e.<\/p>\n<p>Id\u00e9al pour ceux qui recherchent un souvenir significatif de leur visite \u00e0 Minorque, ce bol n&rsquo;est pas seulement un \u00e9l\u00e9ment d\u00e9coratif attrayant, mais aussi fonctionnel, parfait pour servir des ap\u00e9ritifs ou comme centre de table. Sa forme parfaitement arrondie et sa finition aux couleurs vibrantes en font un magnifique ajout \u00e0 tout foyer, \u00e9voquant des souvenirs de l&rsquo;\u00eele.<\/p>\n<p>Chez Ol\u00e9 Mosaic, nous sommes experts dans la distribution de souvenirs en gros et ce bol en noix de coco fuchsia se positionne comme un excellent cadeau touristique qui c\u00e9l\u00e8bre la culture minorquine. Ce type de souvenir ne repr\u00e9sente pas seulement la beaut\u00e9 locale, mais favorise \u00e9galement l&rsquo;artisanat et le design m\u00e9diterran\u00e9en, ce qui en fait un choix id\u00e9al pour les boutiques de cadeaux qui cherchent \u00e0 attirer les touristes avec des produits authentiques et pertinents.<\/p>\n","protected":false},"excerpt":{"rendered":"<p>Bol en noix de coco fuchsia d\u00e9cor\u00e9 de peintures aux couleurs vibrantes, inspir\u00e9 par la beaut\u00e9 de Minorque. Ce bol original refl\u00e8te l&rsquo;essence de l&rsquo;\u00eele \u00e0 travers son design artistique : une base avec une mosa\u00efque brillante de tons fuchsia et la silhouette de Minorque illustr\u00e9e dans un ton dor\u00e9 chaleureux. Sa forme parfaitement arrondie en fait un \u00e9l\u00e9ment d\u00e9coratif et fonctionnel id\u00e9al pour tout foyer.<\/p>\n","protected":false},"featured_media":11900,"template":"","meta":{"_acf_changed":false},"product_brand":[],"product_cat":[521],"product_tag":[],"class_list":{"0":"post-28964","1":"product","2":"type-product","3":"status-publish","4":"has-post-thumbnail","6":"product_cat-bols","7":"pa_ciudad-menorca","8":"pa_motivo-iles","9":"pa_pais-espana","11":"first","12":"instock","13":"shipping-taxable","14":"product-type-simple"},"acf":[],"_links":{"self":[{"href":"https:\/\/olemosaic.com\/fr\/wp-json\/wp\/v2\/product\/28964","targetHints":{"allow":["GET"]}}],"collection":[{"href":"https:\/\/olemosaic.com\/fr\/wp-json\/wp\/v2\/product"}],"about":[{"href":"https:\/\/olemosaic.com\/fr\/wp-json\/wp\/v2\/types\/product"}],"wp:featuredmedia":[{"embeddable":true,"href":"https:\/\/olemosaic.com\/fr\/wp-json\/wp\/v2\/media\/11900"}],"wp:attachment":[{"href":"https:\/\/olemosaic.com\/fr\/wp-json\/wp\/v2\/media?parent=28964"}],"wp:term":[{"taxonomy":"product_brand","embeddable":true,"href":"https:\/\/olemosaic.com\/fr\/wp-json\/wp\/v2\/product_brand?post=28964"},{"taxonomy":"product_cat","embeddable":true,"href":"https:\/\/olemosaic.com\/fr\/wp-json\/wp\/v2\/product_cat?post=28964"},{"taxonomy":"product_tag","embeddable":true,"href":"https:\/\/olemosaic.com\/fr\/wp-json\/wp\/v2\/product_tag?post=28964"}],"curies":[{"name":"wp","href":"https:\/\/api.w.org\/{rel}","templated":true}]}}