{"id":28963,"date":"2025-02-20T22:30:34","date_gmt":"2025-02-20T22:30:34","guid":{"rendered":"http:\/\/olemosaic.com\/producto\/bol-de-coco-fucsia-mariposa\/"},"modified":"2025-07-25T20:32:14","modified_gmt":"2025-07-25T18:32:14","slug":"bol-noix-de-coco-fuchsia-papillon","status":"publish","type":"product","link":"https:\/\/olemosaic.com\/fr\/produit\/bol-noix-de-coco-fuchsia-papillon\/","title":{"rendered":"Bol en noix de coco fuchsia. Papillon."},"content":{"rendered":"<p>Ce bol en noix de coco fuchsia est une pi\u00e8ce d&rsquo;artisanat d\u00e9coratif exceptionnelle, con\u00e7ue pour ajouter une touche vibrante et \u00e9l\u00e9gante \u00e0 n&rsquo;importe quel espace. Sa finition dans un ton fuchsia intense est v\u00e9ritablement captivante, compl\u00e9t\u00e9e par une mosa\u00efque dans des tons plus clairs qui apporte une texture int\u00e9ressante et un effet visuel dynamique. Au centre du bol, un papillon stylis\u00e9 de couleur blanche se dresse majestueusement, cr\u00e9ant un contraste frappant qui attire l&rsquo;attention et \u00e9voque la fragilit\u00e9 et la beaut\u00e9 de cet insecte enchanteur. Id\u00e9al aussi bien pour servir des ap\u00e9ritifs que pour \u00eatre un \u00e9l\u00e9ment d\u00e9coratif \u00e0 part enti\u00e8re, ce bol se distingue non seulement par sa fonctionnalit\u00e9, mais aussi par sa signification culturelle dans la tradition artisanale, o\u00f9 chaque pi\u00e8ce est \u00e9labor\u00e9e avec d\u00e9vouement et soin.<\/p>\n<p>Chez Ol\u00e9 Mosaic, nous comprenons l&rsquo;importance de capturer l&rsquo;essence culturelle \u00e0 travers nos produits, et ce bol fuchsia est un rappel parfait du riche h\u00e9ritage de l&rsquo;artisanat. Cet accessoire est une excellente option pour les touristes \u00e0 la recherche de souvenirs distinctifs qui refl\u00e8tent la diversit\u00e9 et la cr\u00e9ativit\u00e9 de la r\u00e9gion. En tant que grossistes de souvenirs authentiques, nous proposons des articles qui c\u00e9l\u00e8brent la beaut\u00e9 de la culture locale, faisant de chaque produit une excellente opportunit\u00e9 de vente pour les boutiques de cadeaux touristiques \u00e0 la recherche d&rsquo;articles uniques et repr\u00e9sentatifs.<\/p>\n","protected":false},"excerpt":{"rendered":"<p>Bol en noix de coco fuchsia d\u00e9cor\u00e9 d&rsquo;un d\u00e9licat motif de papillon. Ce bol \u00e9l\u00e9gant pr\u00e9sente une finition fuchsia vibrante, rehauss\u00e9e par un motif de mosa\u00efque dans des tons plus clairs. La surface est orn\u00e9e d&rsquo;un papillon stylis\u00e9 en blanc, cr\u00e9ant un contraste saisissant. Id\u00e9al pour servir des ap\u00e9ritifs ou comme \u00e9l\u00e9ment d\u00e9coratif, ce bol artisanal met en valeur la riche tradition de l&rsquo;artisanat d\u00e9coratif, apportant une touche joyeuse et moderne \u00e0 tout espace.<\/p>\n","protected":false},"featured_media":13396,"template":"","meta":{"_acf_changed":false},"product_brand":[],"product_cat":[521],"product_tag":[530],"class_list":{"0":"post-28963","1":"product","2":"type-product","3":"status-publish","4":"has-post-thumbnail","6":"product_cat-bols","7":"product_tag-animaux","8":"pa_motivo-papillons","10":"first","11":"instock","12":"shipping-taxable","13":"product-type-simple"},"acf":[],"_links":{"self":[{"href":"https:\/\/olemosaic.com\/fr\/wp-json\/wp\/v2\/product\/28963","targetHints":{"allow":["GET"]}}],"collection":[{"href":"https:\/\/olemosaic.com\/fr\/wp-json\/wp\/v2\/product"}],"about":[{"href":"https:\/\/olemosaic.com\/fr\/wp-json\/wp\/v2\/types\/product"}],"wp:featuredmedia":[{"embeddable":true,"href":"https:\/\/olemosaic.com\/fr\/wp-json\/wp\/v2\/media\/13396"}],"wp:attachment":[{"href":"https:\/\/olemosaic.com\/fr\/wp-json\/wp\/v2\/media?parent=28963"}],"wp:term":[{"taxonomy":"product_brand","embeddable":true,"href":"https:\/\/olemosaic.com\/fr\/wp-json\/wp\/v2\/product_brand?post=28963"},{"taxonomy":"product_cat","embeddable":true,"href":"https:\/\/olemosaic.com\/fr\/wp-json\/wp\/v2\/product_cat?post=28963"},{"taxonomy":"product_tag","embeddable":true,"href":"https:\/\/olemosaic.com\/fr\/wp-json\/wp\/v2\/product_tag?post=28963"}],"curies":[{"name":"wp","href":"https:\/\/api.w.org\/{rel}","templated":true}]}}